{"id":2481,"date":"2024-12-19T13:41:00","date_gmt":"2024-12-19T11:41:00","guid":{"rendered":"https:\/\/cosmoflag.com\/?post_type=product&#038;p=2481"},"modified":"2025-08-12T21:20:41","modified_gmt":"2025-08-12T19:20:41","slug":"nepal-lippu","status":"publish","type":"product","link":"https:\/\/cosmoflag.com\/fi\/tuote\/nepal-lippu\/","title":{"rendered":"Nepalin lippu"},"content":{"rendered":"<h3><strong>Nepalin lipun ominaisuudet<\/strong><\/h3>\n<p>Nepal-lippumme on valmistettu korkealaatuisesta polyesterist\u00e4, joka takaa kest\u00e4vyyden ja kest\u00e4vyyden sis\u00e4- ja ulkok\u00e4yt\u00f6ss\u00e4. Se on varustettu metallisilla l\u00e4pivienneill\u00e4, joten se on helppo asentaa ja pysyy tukevasti paikoillaan haastavissakin s\u00e4\u00e4olosuhteissa. Mitoiltaan 90 x 150 cm\/35 x 59 tuumaa, t\u00e4m\u00e4 lippu tarjoaa erinomaisen n\u00e4kyvyyden, joten se sopii erinomaisesti pylv\u00e4isiin, seinille tai julkisiin tapahtumiin.<\/p>\n<h3><strong>Todella ainutlaatuinen kansallinen symboli<\/strong><\/h3>\n<p>Nepalin lippu, joka otettiin k\u00e4ytt\u00f6\u00f6n vuonna 1962, on maailman ainoa ei-suorakulmainen lippu, joka koostuu kahdesta p\u00e4\u00e4llekk\u00e4isest\u00e4 kolmiosta. Ylemm\u00e4ss\u00e4 kolmiossa on valkoinen kuu ja alemmassa valkoinen aurinko, jotka edustavat rauhaa ja harmoniaa. Punainen symboloi rohkeutta, ja sininen reunus edustaa rauhaa. T\u00e4m\u00e4 omaleimainen muotoilu kuvastaa Nepalin rikasta kulttuuriperint\u00f6\u00e4 ja sen yhteytt\u00e4 Himalajan vuoristoon.<\/p>\n<h3><strong>Monipuolinen k\u00e4ytt\u00f6<\/strong><\/h3>\n<p>Nepalin lippu sopii erinomaisesti kulttuuritapahtumiin, kansallisiin juhliin, opetusn\u00e4yt\u00f6ksiin tai henkil\u00f6kohtaisiin kokoelmiin, ja se on voimakas identiteetin ja ylpeyden symboli. Sen haalistumisen kest\u00e4v\u00e4t v\u00e4rit ja vankka muotoilu takaavat kest\u00e4v\u00e4n visuaalisen vaikutuksen ja merkityksen.<\/p>","protected":false},"excerpt":{"rendered":"<p>150 x 90 cm:n kokoinen lippu, jossa on 2 tukevaa metallista l\u00e4pivienti\u00e4 turvallista ripustusta varten.<\/p>","protected":false},"featured_media":2076,"comment_status":"open","ping_status":"closed","template":"","meta":{"_gspb_post_css":"","iawp_total_views":22},"product_brand":[],"product_cat":[64,58],"product_tag":[],"class_list":{"0":"post-2481","1":"product","2":"type-product","3":"status-publish","4":"has-post-thumbnail","6":"product_cat-asia-flags","7":"product_cat-country-flags","9":"first","10":"instock","11":"sale","12":"shipping-taxable","13":"purchasable","14":"product-type-simple"},"_links":{"self":[{"href":"https:\/\/cosmoflag.com\/fi\/wp-json\/wp\/v2\/product\/2481","targetHints":{"allow":["GET"]}}],"collection":[{"href":"https:\/\/cosmoflag.com\/fi\/wp-json\/wp\/v2\/product"}],"about":[{"href":"https:\/\/cosmoflag.com\/fi\/wp-json\/wp\/v2\/types\/product"}],"replies":[{"embeddable":true,"href":"https:\/\/cosmoflag.com\/fi\/wp-json\/wp\/v2\/comments?post=2481"}],"wp:featuredmedia":[{"embeddable":true,"href":"https:\/\/cosmoflag.com\/fi\/wp-json\/wp\/v2\/media\/2076"}],"wp:attachment":[{"href":"https:\/\/cosmoflag.com\/fi\/wp-json\/wp\/v2\/media?parent=2481"}],"wp:term":[{"taxonomy":"product_brand","embeddable":true,"href":"https:\/\/cosmoflag.com\/fi\/wp-json\/wp\/v2\/product_brand?post=2481"},{"taxonomy":"product_cat","embeddable":true,"href":"https:\/\/cosmoflag.com\/fi\/wp-json\/wp\/v2\/product_cat?post=2481"},{"taxonomy":"product_tag","embeddable":true,"href":"https:\/\/cosmoflag.com\/fi\/wp-json\/wp\/v2\/product_tag?post=2481"}],"curies":[{"name":"wp","href":"https:\/\/api.w.org\/{rel}","templated":true}]}}