{"id":2479,"date":"2024-12-19T13:39:00","date_gmt":"2024-12-19T11:39:00","guid":{"rendered":"https:\/\/cosmoflag.com\/?post_type=product&#038;p=2479"},"modified":"2025-08-12T21:20:41","modified_gmt":"2025-08-12T19:20:41","slug":"paraguay-lippu","status":"publish","type":"product","link":"https:\/\/cosmoflag.com\/fi\/tuote\/paraguay-lippu\/","title":{"rendered":"Paraguayn lippu"},"content":{"rendered":"<h3><strong>Paraguayn lipun ominaisuudet<\/strong><\/h3>\n<p>Paraguay lippumme on valmistettu korkealaatuisesta polyesterist\u00e4, joka takaa kest\u00e4vyyden ja pitk\u00e4aikaisen k\u00e4yt\u00f6n sek\u00e4 sis\u00e4ll\u00e4 ett\u00e4 ulkona. Se on varustettu metallisilla l\u00e4pivientiholkeilla, jotka helpottavat asennusta ja takaavat turvallisen pidon my\u00f6s ep\u00e4suotuisissa s\u00e4\u00e4olosuhteissa. Mitoiltaan 90 x 150 cm\/35 x 59 tuumaa, t\u00e4m\u00e4 lippu tarjoaa erinomaisen n\u00e4kyvyyden pylv\u00e4isiin, seinille tai kansallisiin tapahtumiin.<\/p>\n<h3><strong>Ainutlaatuinen kansallinen symboli<\/strong><\/h3>\n<p>Paraguayn lippu, joka otettiin virallisesti k\u00e4ytt\u00f6\u00f6n vuonna 1842, on yksi harvoista lipuista maailmassa, jonka kummallakin puolella on ainutlaatuinen kuvio. Etupuolella on rauhan ja oikeudenmukaisuuden symboliksi muodostunut kansallisvaakuna, kun taas k\u00e4\u00e4nt\u00f6puolella on vaurautta edustava valtiovarainministeri\u00f6n sinetti. Kolme vaakasuoraa raitaa, punainen, valkoinen ja sininen, edustavat rohkeutta, rauhaa ja vapautta, mik\u00e4 tekee siit\u00e4 maan arvojen ja perinn\u00f6n tunnusmerkin.<\/p>\n<h3><strong>Monipuolinen k\u00e4ytt\u00f6<\/strong><\/h3>\n<p>Paraguay-lippu sopii erinomaisesti kansallisiin juhliin, kulttuuritapahtumiin, koulutustarkoituksiin tai ker\u00e4ilykohteeksi, sill\u00e4 se on monipuolinen ja merkityksellinen lis\u00e4. Sen vankka muotoilu ja haalistumisen kest\u00e4v\u00e4t v\u00e4rit takaavat, ett\u00e4 se s\u00e4ilytt\u00e4\u00e4 visuaalisen vaikutuksensa ja symbolisen merkityksens\u00e4 ajan my\u00f6t\u00e4.<\/p>","protected":false},"excerpt":{"rendered":"<p>150 x 90 cm:n kokoinen lippu, jossa on 2 tukevaa metallista l\u00e4pivienti\u00e4 turvallista ripustusta varten.<\/p>","protected":false},"featured_media":2132,"comment_status":"open","ping_status":"closed","template":"","meta":{"_gspb_post_css":"","iawp_total_views":2},"product_brand":[],"product_cat":[58,63],"product_tag":[],"class_list":{"0":"post-2479","1":"product","2":"type-product","3":"status-publish","4":"has-post-thumbnail","6":"product_cat-country-flags","7":"product_cat-south-america-flag","9":"first","10":"instock","11":"sale","12":"shipping-taxable","13":"purchasable","14":"product-type-simple"},"_links":{"self":[{"href":"https:\/\/cosmoflag.com\/fi\/wp-json\/wp\/v2\/product\/2479","targetHints":{"allow":["GET"]}}],"collection":[{"href":"https:\/\/cosmoflag.com\/fi\/wp-json\/wp\/v2\/product"}],"about":[{"href":"https:\/\/cosmoflag.com\/fi\/wp-json\/wp\/v2\/types\/product"}],"replies":[{"embeddable":true,"href":"https:\/\/cosmoflag.com\/fi\/wp-json\/wp\/v2\/comments?post=2479"}],"wp:featuredmedia":[{"embeddable":true,"href":"https:\/\/cosmoflag.com\/fi\/wp-json\/wp\/v2\/media\/2132"}],"wp:attachment":[{"href":"https:\/\/cosmoflag.com\/fi\/wp-json\/wp\/v2\/media?parent=2479"}],"wp:term":[{"taxonomy":"product_brand","embeddable":true,"href":"https:\/\/cosmoflag.com\/fi\/wp-json\/wp\/v2\/product_brand?post=2479"},{"taxonomy":"product_cat","embeddable":true,"href":"https:\/\/cosmoflag.com\/fi\/wp-json\/wp\/v2\/product_cat?post=2479"},{"taxonomy":"product_tag","embeddable":true,"href":"https:\/\/cosmoflag.com\/fi\/wp-json\/wp\/v2\/product_tag?post=2479"}],"curies":[{"name":"wp","href":"https:\/\/api.w.org\/{rel}","templated":true}]}}