{"id":2475,"date":"2024-12-17T14:39:00","date_gmt":"2024-12-17T12:39:00","guid":{"rendered":"https:\/\/cosmoflag.com\/?post_type=product&#038;p=2475"},"modified":"2025-08-12T21:20:42","modified_gmt":"2025-08-12T19:20:42","slug":"new-yorkin-osavaltion-lippu","status":"publish","type":"product","link":"https:\/\/cosmoflag.com\/fi\/tuote\/new-yorkin-osavaltion-lippu\/","title":{"rendered":"New Yorkin osavaltion lippu"},"content":{"rendered":"<h3><strong>New Yorkin osavaltion lipun ominaisuudet<\/strong><\/h3>\n<p>New York State -lippumme on valmistettu korkealaatuisesta polyesterist\u00e4, joka takaa kest\u00e4vyyden sek\u00e4 sis\u00e4- ett\u00e4 ulkok\u00e4yt\u00f6ss\u00e4. Se on varustettu metallisilla l\u00e4pivienneill\u00e4, joten se on helppo asentaa ja se pysyy tukevasti paikoillaan my\u00f6s ep\u00e4suotuisissa s\u00e4\u00e4olosuhteissa. Se on kooltaan 90 x 150 cm\/35 x 59 tuumaa, joten se tarjoaa maksimaalisen n\u00e4kyvyyden riippumatta siit\u00e4, onko se esill\u00e4 lipputangossa, sein\u00e4ll\u00e4 tai tapahtumien aikana.<\/p>\n<h3><strong>Perinn\u00f6n ja oikeudenmukaisuuden symboli<\/strong><\/h3>\n<p>New Yorkin osavaltion lipussa on syv\u00e4n sininen tausta, jonka keskell\u00e4 on ylpe\u00e4n\u00e4 osavaltion vaakuna. Vaakunassa on Lady Liberty ja Lady Justice, vapauden ja oikeudenmukaisuuden symbolit. Niiden v\u00e4liss\u00e4 kilpi kuvaa rauhallista maisemaa, jossa Hudson-joki, vuoret ja nouseva aurinko edustavat New Yorkin luonnonkauneutta ja vaurautta. Kilven yl\u00e4puolella kalju kotka istuu maapallolla, joka symboloi New Yorkin asemaa maailmassa. Vuonna 1901 k\u00e4ytt\u00f6\u00f6n otettu lippu ilment\u00e4\u00e4 osavaltion henke\u00e4, historiaa ja arvoja.<\/p>\n<h3><strong>Monipuolinen k\u00e4ytt\u00f6<\/strong><\/h3>\n<p>New Yorkin osavaltion lippu on monipuolinen ja merkityksellinen lis\u00e4, olipa se sitten tarkoitettu hallituksen seremonioihin, koulutustarkoituksiin, is\u00e4nmaallisiin tapahtumiin tai henkil\u00f6kohtaisiin n\u00e4ytteillepanoihin. Sen vankka muotoilu ja haalistumisen kest\u00e4v\u00e4t v\u00e4rit takaavat, ett\u00e4 se pysyy elinvoimaisena ja vaikuttavana vuosia.<\/p>","protected":false},"excerpt":{"rendered":"<p>150 x 90 cm:n kokoinen lippu, jossa on 2 tukevaa metallista l\u00e4pivienti\u00e4 turvallista ripustusta varten.<\/p>","protected":false},"featured_media":2083,"comment_status":"open","ping_status":"closed","template":"","meta":{"_gspb_post_css":"","iawp_total_views":2},"product_brand":[],"product_cat":[72,70],"product_tag":[],"class_list":{"0":"post-2475","1":"product","2":"type-product","3":"status-publish","4":"has-post-thumbnail","6":"product_cat-american-state-flags","7":"product_cat-regional-flags","9":"first","10":"instock","11":"sale","12":"shipping-taxable","13":"purchasable","14":"product-type-simple"},"_links":{"self":[{"href":"https:\/\/cosmoflag.com\/fi\/wp-json\/wp\/v2\/product\/2475","targetHints":{"allow":["GET"]}}],"collection":[{"href":"https:\/\/cosmoflag.com\/fi\/wp-json\/wp\/v2\/product"}],"about":[{"href":"https:\/\/cosmoflag.com\/fi\/wp-json\/wp\/v2\/types\/product"}],"replies":[{"embeddable":true,"href":"https:\/\/cosmoflag.com\/fi\/wp-json\/wp\/v2\/comments?post=2475"}],"wp:featuredmedia":[{"embeddable":true,"href":"https:\/\/cosmoflag.com\/fi\/wp-json\/wp\/v2\/media\/2083"}],"wp:attachment":[{"href":"https:\/\/cosmoflag.com\/fi\/wp-json\/wp\/v2\/media?parent=2475"}],"wp:term":[{"taxonomy":"product_brand","embeddable":true,"href":"https:\/\/cosmoflag.com\/fi\/wp-json\/wp\/v2\/product_brand?post=2475"},{"taxonomy":"product_cat","embeddable":true,"href":"https:\/\/cosmoflag.com\/fi\/wp-json\/wp\/v2\/product_cat?post=2475"},{"taxonomy":"product_tag","embeddable":true,"href":"https:\/\/cosmoflag.com\/fi\/wp-json\/wp\/v2\/product_tag?post=2475"}],"curies":[{"name":"wp","href":"https:\/\/api.w.org\/{rel}","templated":true}]}}