{"id":2474,"date":"2024-12-17T14:36:00","date_gmt":"2024-12-17T12:36:00","guid":{"rendered":"https:\/\/cosmoflag.com\/?post_type=product&#038;p=2474"},"modified":"2025-08-12T21:20:45","modified_gmt":"2025-08-12T19:20:45","slug":"mustalaislippu","status":"publish","type":"product","link":"https:\/\/cosmoflag.com\/fi\/tuote\/mustalaislippu\/","title":{"rendered":"Mustalaislippu"},"content":{"rendered":"<h3><strong>Mustalaislippu Ominaisuudet<\/strong><\/h3>\n<p>Gypsy-lippumme on valmistettu ensiluokkaisesta polyesterist\u00e4, joka tarjoaa kest\u00e4vyytt\u00e4 ja kest\u00e4vyytt\u00e4 sek\u00e4 sis\u00e4- ett\u00e4 ulkotiloissa. Siin\u00e4 on metalliset l\u00e4piviennit helppoa asennusta ja luotettavaa pitoa varten my\u00f6s haastavissa s\u00e4\u00e4olosuhteissa. Lippu on kooltaan 90 x 150 cm\/35 x 59 tuumaa, joten se takaa maksimaalisen n\u00e4kyvyyden, olipa se esill\u00e4 tolpassa, sein\u00e4ll\u00e4 tai kulttuuritapahtumissa.<\/p>\n<h3><strong>Romanien ylpeyden symboli<\/strong><\/h3>\n<p>Mustalaisten lipussa, joka hyv\u00e4ksyttiin virallisesti vuonna 1971, on silmiinpist\u00e4v\u00e4 sininen ja vihre\u00e4 tausta, joka on jaettu vaakasuoraan ja joka symboloi taivasta ja maata. Keskell\u00e4 on punainen chakra (py\u00f6r\u00e4), joka edustaa romaniv\u00e4est\u00f6n vaellushenke\u00e4 ja historiallista matkaa. Lippu on enemm\u00e4n kuin pelkk\u00e4 lippu, se on yhten\u00e4isyyden, kest\u00e4vyyden ja kulttuurisen ylpeyden symboli.<\/p>\n<h3><strong>Monipuolinen k\u00e4ytt\u00f6<\/strong><\/h3>\n<p>Mustalaislippu sopii t\u00e4ydellisesti kulttuurijuhliin, festivaaleille, koulutustarkoituksiin tai perinn\u00f6n esittelyyn, ja se tuo historiaa ja merkityst\u00e4 mihin tahansa ymp\u00e4rist\u00f6\u00f6n. Sen haalistumattomien v\u00e4rien ja vankan rakenteen ansiosta se s\u00e4ilytt\u00e4\u00e4 eloisan ulkon\u00e4k\u00f6ns\u00e4 ja symbolisen merkityksens\u00e4 ajan my\u00f6t\u00e4.<\/p>","protected":false},"excerpt":{"rendered":"<p>150 x 90 cm:n kokoinen lippu, jossa on 2 tukevaa metallista l\u00e4pivienti\u00e4 turvallista ripustusta varten.<\/p>","protected":false},"featured_media":1956,"comment_status":"open","ping_status":"closed","template":"","meta":{"_gspb_post_css":"","iawp_total_views":37},"product_brand":[],"product_cat":[69],"product_tag":[],"class_list":{"0":"post-2474","1":"product","2":"type-product","3":"status-publish","4":"has-post-thumbnail","6":"product_cat-historical-flags","8":"first","9":"instock","10":"sale","11":"shipping-taxable","12":"purchasable","13":"product-type-simple"},"_links":{"self":[{"href":"https:\/\/cosmoflag.com\/fi\/wp-json\/wp\/v2\/product\/2474","targetHints":{"allow":["GET"]}}],"collection":[{"href":"https:\/\/cosmoflag.com\/fi\/wp-json\/wp\/v2\/product"}],"about":[{"href":"https:\/\/cosmoflag.com\/fi\/wp-json\/wp\/v2\/types\/product"}],"replies":[{"embeddable":true,"href":"https:\/\/cosmoflag.com\/fi\/wp-json\/wp\/v2\/comments?post=2474"}],"wp:featuredmedia":[{"embeddable":true,"href":"https:\/\/cosmoflag.com\/fi\/wp-json\/wp\/v2\/media\/1956"}],"wp:attachment":[{"href":"https:\/\/cosmoflag.com\/fi\/wp-json\/wp\/v2\/media?parent=2474"}],"wp:term":[{"taxonomy":"product_brand","embeddable":true,"href":"https:\/\/cosmoflag.com\/fi\/wp-json\/wp\/v2\/product_brand?post=2474"},{"taxonomy":"product_cat","embeddable":true,"href":"https:\/\/cosmoflag.com\/fi\/wp-json\/wp\/v2\/product_cat?post=2474"},{"taxonomy":"product_tag","embeddable":true,"href":"https:\/\/cosmoflag.com\/fi\/wp-json\/wp\/v2\/product_tag?post=2474"}],"curies":[{"name":"wp","href":"https:\/\/api.w.org\/{rel}","templated":true}]}}