{"id":2468,"date":"2024-12-17T14:01:00","date_gmt":"2024-12-17T12:01:00","guid":{"rendered":"https:\/\/cosmoflag.com\/?post_type=product&#038;p=2468"},"modified":"2026-04-27T23:16:21","modified_gmt":"2026-04-27T21:16:21","slug":"israelin-lippu","status":"publish","type":"product","link":"https:\/\/cosmoflag.com\/fi\/tuote\/israelin-lippu\/","title":{"rendered":"Israelin lippu"},"content":{"rendered":"<h3>Israelin lipun ominaisuudet<\/h3>\n<p>Israel lippumme on valmistettu korkealaatuisesta polyesterist\u00e4, joten se sopii erinomaisesti pitk\u00e4aikaiseen k\u00e4ytt\u00f6\u00f6n sek\u00e4 sis\u00e4ll\u00e4 ett\u00e4 ulkona. Siin\u00e4 on metalliset l\u00e4piviennit helppoa asennusta ja taattua pitoa varten, my\u00f6s ep\u00e4suotuisissa s\u00e4\u00e4olosuhteissa. Lippumme on saatavana 90 x 150 cm\/35 x 59 tuumaa kokoisena maksimaalisen n\u00e4kyvyyden takaamiseksi, ja se sopii monenlaisiin tarpeisiin, halusitpa sitten n\u00e4ytt\u00e4\u00e4 sen tangossa tai sein\u00e4ll\u00e4.<\/p>\n<h3>Kansallinen symboli, joka on t\u00e4ynn\u00e4 historiaa<\/h3>\n<p>Israelin lippu, jossa on valkoinen tausta ja kaksi vaakasuoraa sinist\u00e4 raitaa, jotka kehyst\u00e4v\u00e4t sinist\u00e4 Daavidin t\u00e4hte\u00e4, on paljon muutakin kuin pelkk\u00e4 kansallinen lippu. Vuonna 1948 k\u00e4ytt\u00f6\u00f6n otettu lippu symboloi sek\u00e4 juutalaista perint\u00f6\u00e4 ett\u00e4 toivoa rauhanomaisesta tulevaisuudesta. Sininen muistuttaa taivaasta ja hengellisyydest\u00e4, kun taas Daavidin t\u00e4hti on juutalaisuuden keskeinen symboli. T\u00e4m\u00e4 lippu ei ole vain koriste, vaan se ilment\u00e4\u00e4 Israelin kansan historiaa ja pyrkimyksi\u00e4.<\/p>\n<h3>Monipuolinen k\u00e4ytt\u00f6<\/h3>\n<p>Israelin lippu sopii kaikkiin tilaisuuksiin, olipa kyse kansallisista juhlista, yhteis\u00f6tapahtumista tai koulutustarkoituksista. Sen vankka muotoilu ja haalistumisen kest\u00e4v\u00e4t v\u00e4rit takaavat, ett\u00e4 lippu s\u00e4ilytt\u00e4\u00e4 merkityksens\u00e4 ja visuaalisen vaikutuksensa ajan my\u00f6t\u00e4.<\/p>","protected":false},"excerpt":{"rendered":"<p>150 x 90 cm:n kokoinen lippu, jossa on 2 tukevaa metallista l\u00e4pivienti\u00e4 turvallista ripustusta varten.<\/p>","protected":false},"featured_media":2005,"comment_status":"open","ping_status":"closed","template":"","meta":{"_gspb_post_css":"","iawp_total_views":59},"product_brand":[],"product_cat":[66,58],"product_tag":[],"class_list":{"0":"post-2468","1":"product","2":"type-product","3":"status-publish","4":"has-post-thumbnail","6":"product_cat-middle-east-flags","7":"product_cat-country-flags","9":"first","10":"instock","11":"sale","12":"shipping-taxable","13":"purchasable","14":"product-type-simple"},"_links":{"self":[{"href":"https:\/\/cosmoflag.com\/fi\/wp-json\/wp\/v2\/product\/2468","targetHints":{"allow":["GET"]}}],"collection":[{"href":"https:\/\/cosmoflag.com\/fi\/wp-json\/wp\/v2\/product"}],"about":[{"href":"https:\/\/cosmoflag.com\/fi\/wp-json\/wp\/v2\/types\/product"}],"replies":[{"embeddable":true,"href":"https:\/\/cosmoflag.com\/fi\/wp-json\/wp\/v2\/comments?post=2468"}],"wp:featuredmedia":[{"embeddable":true,"href":"https:\/\/cosmoflag.com\/fi\/wp-json\/wp\/v2\/media\/2005"}],"wp:attachment":[{"href":"https:\/\/cosmoflag.com\/fi\/wp-json\/wp\/v2\/media?parent=2468"}],"wp:term":[{"taxonomy":"product_brand","embeddable":true,"href":"https:\/\/cosmoflag.com\/fi\/wp-json\/wp\/v2\/product_brand?post=2468"},{"taxonomy":"product_cat","embeddable":true,"href":"https:\/\/cosmoflag.com\/fi\/wp-json\/wp\/v2\/product_cat?post=2468"},{"taxonomy":"product_tag","embeddable":true,"href":"https:\/\/cosmoflag.com\/fi\/wp-json\/wp\/v2\/product_tag?post=2468"}],"curies":[{"name":"wp","href":"https:\/\/api.w.org\/{rel}","templated":true}]}}