{"id":2467,"date":"2024-12-17T13:55:00","date_gmt":"2024-12-17T11:55:00","guid":{"rendered":"https:\/\/cosmoflag.com\/?post_type=product&#038;p=2467"},"modified":"2025-12-18T18:41:15","modified_gmt":"2025-12-18T16:41:15","slug":"palestiinan-lippu","status":"publish","type":"product","link":"https:\/\/cosmoflag.com\/fi\/tuote\/palestiinan-lippu\/","title":{"rendered":"Palestiinan lippu"},"content":{"rendered":"<h3>Palestiinan lipun ominaisuudet<\/h3>\n<p>Palestiina lippumme on valmistettu korkealaatuisesta polyesterist\u00e4, joten se sopii erinomaisesti kest\u00e4v\u00e4\u00e4n sis\u00e4- ja ulkok\u00e4ytt\u00f6\u00f6n. Siin\u00e4 on metalliset l\u00e4piviennit, jotka helpottavat asennusta ja takaavat turvallisen kiinnityksen my\u00f6s ep\u00e4suotuisissa s\u00e4\u00e4olosuhteissa. Saatavana 90 x 150 cm\/35 x 59 tuumaa kokoisena, jotta lippumme on mahdollisimman hyvin n\u00e4kyviss\u00e4, ja se sopii monenlaisiin tarpeisiin, halusitpa sitten n\u00e4ytt\u00e4\u00e4 sen tangossa tai sein\u00e4ll\u00e4.<\/p>\n<h3>Kansallinen symboli, joka on t\u00e4ynn\u00e4 historiaa<\/h3>\n<p>Palestiinan lippu mustine, valkoisine ja vihreine raitoineen ja punaisine kolmioineen on paljon muutakin kuin pelkk\u00e4 kansallinen lippu. Vuonna 1964 k\u00e4ytt\u00f6\u00f6n otettu lippu symboloi Palestiinan pyrkimyksi\u00e4 itsen\u00e4isyyteen ja identiteettiin. Musta edustaa kestettyj\u00e4 haasteita, valkoinen rauhaa, vihre\u00e4 maan hedelm\u00e4llisyytt\u00e4 ja vaurautta ja punainen rohkeutta ja uhrauksia. Lippu ei ole vain koriste, vaan se ilment\u00e4\u00e4 Palestiinan kansan historiaa ja pyrkimyksi\u00e4.<\/p>\n<h3>Monipuolinen k\u00e4ytt\u00f6<\/h3>\n<p>Palestiinan lippu sopii kaikkiin tilaisuuksiin, olipa kyse sitten kansallisista juhlista, yhteis\u00f6tapahtumista tai koulutustarkoituksista. Sen vankka muotoilu ja haalistumisen kest\u00e4v\u00e4t v\u00e4rit takaavat, ett\u00e4 lippu s\u00e4ilytt\u00e4\u00e4 merkityksens\u00e4 ja visuaalisen vaikutuksensa ajan my\u00f6t\u00e4.<\/p>","protected":false},"excerpt":{"rendered":"<p>150 x 90 cm:n kokoinen lippu, jossa on 2 tukevaa metallista l\u00e4pivienti\u00e4 turvallista ripustusta varten.<\/p>","protected":false},"featured_media":2117,"comment_status":"open","ping_status":"closed","template":"","meta":{"_gspb_post_css":"","iawp_total_views":240},"product_brand":[],"product_cat":[66,58],"product_tag":[],"class_list":{"0":"post-2467","1":"product","2":"type-product","3":"status-publish","4":"has-post-thumbnail","6":"product_cat-middle-east-flags","7":"product_cat-country-flags","9":"first","10":"instock","11":"sale","12":"shipping-taxable","13":"purchasable","14":"product-type-simple"},"_links":{"self":[{"href":"https:\/\/cosmoflag.com\/fi\/wp-json\/wp\/v2\/product\/2467","targetHints":{"allow":["GET"]}}],"collection":[{"href":"https:\/\/cosmoflag.com\/fi\/wp-json\/wp\/v2\/product"}],"about":[{"href":"https:\/\/cosmoflag.com\/fi\/wp-json\/wp\/v2\/types\/product"}],"replies":[{"embeddable":true,"href":"https:\/\/cosmoflag.com\/fi\/wp-json\/wp\/v2\/comments?post=2467"}],"wp:featuredmedia":[{"embeddable":true,"href":"https:\/\/cosmoflag.com\/fi\/wp-json\/wp\/v2\/media\/2117"}],"wp:attachment":[{"href":"https:\/\/cosmoflag.com\/fi\/wp-json\/wp\/v2\/media?parent=2467"}],"wp:term":[{"taxonomy":"product_brand","embeddable":true,"href":"https:\/\/cosmoflag.com\/fi\/wp-json\/wp\/v2\/product_brand?post=2467"},{"taxonomy":"product_cat","embeddable":true,"href":"https:\/\/cosmoflag.com\/fi\/wp-json\/wp\/v2\/product_cat?post=2467"},{"taxonomy":"product_tag","embeddable":true,"href":"https:\/\/cosmoflag.com\/fi\/wp-json\/wp\/v2\/product_tag?post=2467"}],"curies":[{"name":"wp","href":"https:\/\/api.w.org\/{rel}","templated":true}]}}