{"id":2457,"date":"2024-12-16T14:46:00","date_gmt":"2024-12-16T12:46:00","guid":{"rendered":"https:\/\/cosmoflag.com\/?post_type=product&#038;p=2457"},"modified":"2025-08-12T21:20:49","modified_gmt":"2025-08-12T19:20:49","slug":"kommunistinen-lippu","status":"publish","type":"product","link":"https:\/\/cosmoflag.com\/fi\/tuote\/kommunistinen-lippu\/","title":{"rendered":"Kommunistinen lippu"},"content":{"rendered":"<h3><strong>Kommunistisen lipun ominaisuudet<\/strong><\/h3>\n<p>Kommunistilippumme on valmistettu korkealaatuisesta polyesterist\u00e4, joka takaa kest\u00e4vyyden ja kest\u00e4vyyden sek\u00e4 sis\u00e4- ett\u00e4 ulkok\u00e4yt\u00f6ss\u00e4. Siin\u00e4 on metalliset l\u00e4piviennit helppoa asennusta ja luotettavaa pitoa varten my\u00f6s haastavissa s\u00e4\u00e4olosuhteissa. Lippu on kooltaan 90 x 150 cm\/35 x 59 tuumaa, joten sen n\u00e4kyvyys on erinomainen riippumatta siit\u00e4, onko se esill\u00e4 pylv\u00e4\u00e4ss\u00e4, sein\u00e4ll\u00e4 tai julkisissa tilaisuuksissa.<\/p>\n<h3><strong>Vallankumouksen ja yhten\u00e4isyyden symboli<\/strong><\/h3>\n<p>Kommunistien lippu, jossa on rohkea punainen tausta ja kultainen vasara ja sirppi, edustaa ty\u00f6l\u00e4isten ja talonpoikien yhten\u00e4isyytt\u00e4. Vallankumoushistoriaan juurtunut punainen v\u00e4ri symboloi vapauden ja tasa-arvon puolesta tehtyj\u00e4 uhrauksia, kun taas vasara ja sirppi merkitsev\u00e4t teollisuuden ja maatalouden v\u00e4list\u00e4 yhteisty\u00f6t\u00e4. T\u00e4m\u00e4 lippu on toiminut voimakkaana tunnuksena sosiaalisille ja poliittisille liikkeille kaikkialla maailmassa.<\/p>\n<h3><strong>Monipuolinen k\u00e4ytt\u00f6<\/strong><\/h3>\n<p>Kommunistilippu sopii erinomaisesti mielenosoituksiin, historiallisiin tapahtumiin, koulutustarkoituksiin tai osaksi henkil\u00f6kohtaista kokoelmaa, sill\u00e4 se edustaa mielekk\u00e4\u00e4sti kollektiivisia ihanteita. Sen vankka muotoilu ja haalistumisen kest\u00e4v\u00e4t v\u00e4rit takaavat, ett\u00e4 se pysyy visuaalisesti vaikuttavana ja symbolisesti merkityksellisen\u00e4 ajan my\u00f6t\u00e4.<\/p>","protected":false},"excerpt":{"rendered":"<p>150 x 90 cm:n kokoinen lippu, jossa on 2 tukevaa metallista l\u00e4pivienti\u00e4 turvallista ripustusta varten.<\/p>","protected":false},"featured_media":2458,"comment_status":"open","ping_status":"closed","template":"","meta":{"_gspb_post_css":"","iawp_total_views":162},"product_brand":[],"product_cat":[69],"product_tag":[],"class_list":{"0":"post-2457","1":"product","2":"type-product","3":"status-publish","4":"has-post-thumbnail","6":"product_cat-historical-flags","8":"first","9":"instock","10":"sale","11":"shipping-taxable","12":"purchasable","13":"product-type-simple"},"_links":{"self":[{"href":"https:\/\/cosmoflag.com\/fi\/wp-json\/wp\/v2\/product\/2457","targetHints":{"allow":["GET"]}}],"collection":[{"href":"https:\/\/cosmoflag.com\/fi\/wp-json\/wp\/v2\/product"}],"about":[{"href":"https:\/\/cosmoflag.com\/fi\/wp-json\/wp\/v2\/types\/product"}],"replies":[{"embeddable":true,"href":"https:\/\/cosmoflag.com\/fi\/wp-json\/wp\/v2\/comments?post=2457"}],"wp:featuredmedia":[{"embeddable":true,"href":"https:\/\/cosmoflag.com\/fi\/wp-json\/wp\/v2\/media\/2458"}],"wp:attachment":[{"href":"https:\/\/cosmoflag.com\/fi\/wp-json\/wp\/v2\/media?parent=2457"}],"wp:term":[{"taxonomy":"product_brand","embeddable":true,"href":"https:\/\/cosmoflag.com\/fi\/wp-json\/wp\/v2\/product_brand?post=2457"},{"taxonomy":"product_cat","embeddable":true,"href":"https:\/\/cosmoflag.com\/fi\/wp-json\/wp\/v2\/product_cat?post=2457"},{"taxonomy":"product_tag","embeddable":true,"href":"https:\/\/cosmoflag.com\/fi\/wp-json\/wp\/v2\/product_tag?post=2457"}],"curies":[{"name":"wp","href":"https:\/\/api.w.org\/{rel}","templated":true}]}}