{"id":2455,"date":"2024-12-16T14:30:00","date_gmt":"2024-12-16T12:30:00","guid":{"rendered":"https:\/\/cosmoflag.com\/?post_type=product&#038;p=2455"},"modified":"2025-08-12T21:20:49","modified_gmt":"2025-08-12T19:20:49","slug":"venajan-lippu-jossa-on-kaksipainen-kotka","status":"publish","type":"product","link":"https:\/\/cosmoflag.com\/fi\/tuote\/venajan-lippu-jossa-on-kaksipainen-kotka\/","title":{"rendered":"Ven\u00e4j\u00e4n lippu, jossa on kaksip\u00e4inen kotka"},"content":{"rendered":"<h3>Ven\u00e4j\u00e4n lipun ja kaksip\u00e4isen kotkan ominaisuudet<\/h3>\n<p>Ven\u00e4j\u00e4n lippumme, jossa on kaksip\u00e4inen kotka, on valmistettu korkealaatuisesta polyesterist\u00e4, joten se soveltuu erinomaisesti kest\u00e4v\u00e4\u00e4n k\u00e4ytt\u00f6\u00f6n sek\u00e4 sis\u00e4ll\u00e4 ett\u00e4 ulkona. Siin\u00e4 on metalliset l\u00e4piviennit, jotka helpottavat asennusta ja takaavat turvallisen kiinnityksen my\u00f6s ep\u00e4suotuisissa s\u00e4\u00e4olosuhteissa. Lippumme on saatavana 90 x 150 cm\/35 x 59 tuumaa, jotta se olisi mahdollisimman hyvin n\u00e4kyviss\u00e4, ja se sopii monenlaisiin tarpeisiin, halusitpa sitten n\u00e4ytt\u00e4\u00e4 sen tangossa tai sein\u00e4ll\u00e4.<\/p>\n<h3>Kansallinen symboli, joka on t\u00e4ynn\u00e4 historiaa<\/h3>\n<p>Ven\u00e4j\u00e4n lippu, jossa on keltaisella pohjalla musta kaksip\u00e4inen kotka, on paljon muutakin kuin pelkk\u00e4 kansallinen lippu. Kaksoiskotka, joka on perint\u00f6 Bysantin ajalta, on Ven\u00e4j\u00e4n valtakunnan ja vallan voimakas symboli, jonka Ivan III otti ensimm\u00e4isen kerran k\u00e4ytt\u00f6\u00f6n avioiduttuaan bysanttilaisen prinsessa Sophie Palaiologinan kanssa. Keltainen (kultainen) tausta symboloi Ven\u00e4j\u00e4n valtion vaurautta, loistoa ja majesteettisuutta. T\u00e4m\u00e4 lippu ei ole vain koriste, vaan se ilment\u00e4\u00e4 Ven\u00e4j\u00e4n monimutkaista historiaa ja keisarillista valtaa.<\/p>\n<h3>Monipuolinen k\u00e4ytt\u00f6<\/h3>\n<p>Ven\u00e4j\u00e4n lippu, jossa on kaksip\u00e4inen kotka, sopii kaikkiin tilaisuuksiin, olipa kyse sitten kansallisista juhlista, historiallisista n\u00e4yttelyist\u00e4 tai koulutustarkoituksista. Sen vankka muotoilu ja haalistumisen kest\u00e4v\u00e4t v\u00e4rit takaavat, ett\u00e4 lippu s\u00e4ilytt\u00e4\u00e4 merkityksens\u00e4 ja visuaalisen vaikutuksensa ajan my\u00f6t\u00e4.<\/p>","protected":false},"excerpt":{"rendered":"<p>150 x 90 cm:n kokoinen lippu, jossa on 2 tukevaa metallista l\u00e4pivienti\u00e4 turvallista ripustusta varten.<\/p>","protected":false},"featured_media":2163,"comment_status":"open","ping_status":"closed","template":"","meta":{"_gspb_post_css":"","iawp_total_views":30},"product_brand":[],"product_cat":[65,58],"product_tag":[],"class_list":{"0":"post-2455","1":"product","2":"type-product","3":"status-publish","4":"has-post-thumbnail","6":"product_cat-europe-flags","7":"product_cat-country-flags","9":"first","10":"instock","11":"sale","12":"shipping-taxable","13":"purchasable","14":"product-type-simple"},"_links":{"self":[{"href":"https:\/\/cosmoflag.com\/fi\/wp-json\/wp\/v2\/product\/2455","targetHints":{"allow":["GET"]}}],"collection":[{"href":"https:\/\/cosmoflag.com\/fi\/wp-json\/wp\/v2\/product"}],"about":[{"href":"https:\/\/cosmoflag.com\/fi\/wp-json\/wp\/v2\/types\/product"}],"replies":[{"embeddable":true,"href":"https:\/\/cosmoflag.com\/fi\/wp-json\/wp\/v2\/comments?post=2455"}],"wp:featuredmedia":[{"embeddable":true,"href":"https:\/\/cosmoflag.com\/fi\/wp-json\/wp\/v2\/media\/2163"}],"wp:attachment":[{"href":"https:\/\/cosmoflag.com\/fi\/wp-json\/wp\/v2\/media?parent=2455"}],"wp:term":[{"taxonomy":"product_brand","embeddable":true,"href":"https:\/\/cosmoflag.com\/fi\/wp-json\/wp\/v2\/product_brand?post=2455"},{"taxonomy":"product_cat","embeddable":true,"href":"https:\/\/cosmoflag.com\/fi\/wp-json\/wp\/v2\/product_cat?post=2455"},{"taxonomy":"product_tag","embeddable":true,"href":"https:\/\/cosmoflag.com\/fi\/wp-json\/wp\/v2\/product_tag?post=2455"}],"curies":[{"name":"wp","href":"https:\/\/api.w.org\/{rel}","templated":true}]}}