{"id":2447,"date":"2024-12-16T14:04:00","date_gmt":"2024-12-16T12:04:00","guid":{"rendered":"https:\/\/cosmoflag.com\/?post_type=product&#038;p=2447"},"modified":"2025-08-12T21:20:51","modified_gmt":"2025-08-12T19:20:51","slug":"somalia-lippu","status":"publish","type":"product","link":"https:\/\/cosmoflag.com\/fi\/tuote\/somalia-lippu\/","title":{"rendered":"Somalian lippu"},"content":{"rendered":"<h3>Somalian lipun ominaisuudet<\/h3>\n<p>Somalia lippumme on valmistettu korkealaatuisesta polyesterist\u00e4, joten se soveltuu erinomaisesti pitk\u00e4aikaiseen k\u00e4ytt\u00f6\u00f6n sek\u00e4 sis\u00e4ll\u00e4 ett\u00e4 ulkona. Siin\u00e4 on metalliset l\u00e4piviennit helppoa asennusta ja taattua pitoa varten, my\u00f6s ep\u00e4suotuisissa s\u00e4\u00e4olosuhteissa. Lippumme on saatavana 90 x 150 cm\/35 x 59 tuumaa kokoisena maksimaalisen n\u00e4kyvyyden takaamiseksi, ja se sopii monenlaisiin tarpeisiin, halusitpa sitten n\u00e4ytt\u00e4\u00e4 sen tangossa tai sein\u00e4ll\u00e4.<\/p>\n<h3>Kansallinen symboli, joka on t\u00e4ynn\u00e4 historiaa<\/h3>\n<p>Somalian lippu, jossa on sininen tausta ja suuri valkoinen viisisakarainen t\u00e4hti keskell\u00e4, on paljon muutakin kuin pelkk\u00e4 kansallinen lippu. Se otettiin k\u00e4ytt\u00f6\u00f6n 12. lokakuuta 1954, ja se symboloi sinist\u00e4 taivasta ja Intian valtamerta, joka rajaa Somaliaa. Valkoinen t\u00e4hti edustaa viitt\u00e4 somalien asuttamaa aluetta Afrikan sarvessa ja entisess\u00e4 siirtomaavaltakunnassa. Lippu ei ole vain koriste, vaan se ilment\u00e4\u00e4 Somalian kansan pyrkimyksi\u00e4 yhten\u00e4isyyteen ja itsen\u00e4isyyteen.<\/p>\n<h3>Monipuolinen k\u00e4ytt\u00f6<\/h3>\n<p>Somalian lippu sopii kaikkiin tilaisuuksiin, olipa kyse sitten kansallisista juhlista, yhteis\u00f6tapahtumista tai koulutustarkoituksista. Sen vankka muotoilu ja haalistumisen kest\u00e4v\u00e4t v\u00e4rit takaavat, ett\u00e4 lippu s\u00e4ilytt\u00e4\u00e4 merkityksens\u00e4 ja visuaalisen vaikutuksensa ajan my\u00f6t\u00e4.<\/p>","protected":false},"excerpt":{"rendered":"<p>150 x 90 cm:n kokoinen lippu, jossa on 2 tukevaa metallista l\u00e4pivienti\u00e4 turvallista ripustusta varten.<\/p>","protected":false},"featured_media":2182,"comment_status":"open","ping_status":"closed","template":"","meta":{"_gspb_post_css":"","iawp_total_views":6},"product_brand":[],"product_cat":[60,58],"product_tag":[],"class_list":{"0":"post-2447","1":"product","2":"type-product","3":"status-publish","4":"has-post-thumbnail","6":"product_cat-africa-flags","7":"product_cat-country-flags","9":"first","10":"instock","11":"sale","12":"shipping-taxable","13":"purchasable","14":"product-type-simple"},"_links":{"self":[{"href":"https:\/\/cosmoflag.com\/fi\/wp-json\/wp\/v2\/product\/2447","targetHints":{"allow":["GET"]}}],"collection":[{"href":"https:\/\/cosmoflag.com\/fi\/wp-json\/wp\/v2\/product"}],"about":[{"href":"https:\/\/cosmoflag.com\/fi\/wp-json\/wp\/v2\/types\/product"}],"replies":[{"embeddable":true,"href":"https:\/\/cosmoflag.com\/fi\/wp-json\/wp\/v2\/comments?post=2447"}],"wp:featuredmedia":[{"embeddable":true,"href":"https:\/\/cosmoflag.com\/fi\/wp-json\/wp\/v2\/media\/2182"}],"wp:attachment":[{"href":"https:\/\/cosmoflag.com\/fi\/wp-json\/wp\/v2\/media?parent=2447"}],"wp:term":[{"taxonomy":"product_brand","embeddable":true,"href":"https:\/\/cosmoflag.com\/fi\/wp-json\/wp\/v2\/product_brand?post=2447"},{"taxonomy":"product_cat","embeddable":true,"href":"https:\/\/cosmoflag.com\/fi\/wp-json\/wp\/v2\/product_cat?post=2447"},{"taxonomy":"product_tag","embeddable":true,"href":"https:\/\/cosmoflag.com\/fi\/wp-json\/wp\/v2\/product_tag?post=2447"}],"curies":[{"name":"wp","href":"https:\/\/api.w.org\/{rel}","templated":true}]}}