{"id":2439,"date":"2024-12-16T13:34:00","date_gmt":"2024-12-16T11:34:00","guid":{"rendered":"https:\/\/cosmoflag.com\/?post_type=product&#038;p=2439"},"modified":"2026-02-21T20:35:55","modified_gmt":"2026-02-21T18:35:55","slug":"vietnam-lippu","status":"publish","type":"product","link":"https:\/\/cosmoflag.com\/fi\/tuote\/vietnam-lippu\/","title":{"rendered":"Vietnamin lippu"},"content":{"rendered":"<h3>Vietnam lipun ominaisuudet<\/h3>\n<p>Vietnam lippumme on valmistettu korkealaatuisesta polyesterist\u00e4, joten se soveltuu erinomaisesti pitk\u00e4aikaiseen k\u00e4ytt\u00f6\u00f6n sek\u00e4 sis\u00e4ll\u00e4 ett\u00e4 ulkona. Siin\u00e4 on metalliset l\u00e4piviennit helppoa asennusta ja taattua pitoa varten, jopa ep\u00e4suotuisissa s\u00e4\u00e4olosuhteissa. Lippumme on saatavana 90 x 150 cm\/35 x 59 tuumaa, jotta se olisi mahdollisimman hyvin n\u00e4kyviss\u00e4, ja se sopii monenlaisiin tarpeisiin, halusitpa sitten n\u00e4ytt\u00e4\u00e4 sen tangossa tai sein\u00e4ll\u00e4.<\/p>\n<h3>Kansallinen symboli, joka on t\u00e4ynn\u00e4 historiaa<\/h3>\n<p>Vietnamin lippu, jossa on kirkkaanpunainen tausta ja viisisakarainen keltainen t\u00e4hti keskell\u00e4, on paljon muutakin kuin pelkk\u00e4 kansallinen lippu. Pohjoisvaltiot ottivat sen k\u00e4ytt\u00f6\u00f6n vuonna 1955, ja koko maa otti sen virallisesti k\u00e4ytt\u00f6\u00f6n vuonna 1976 tapahtuneen yhdistymisen j\u00e4lkeen. Punainen v\u00e4ri symboloi itsen\u00e4isyyden puolesta vuodatettua verta, kun taas keltainen t\u00e4hti edustaa vallankumouksen valoa, joka ohjaa kansaa kohti yhten\u00e4isyytt\u00e4, vapautta ja sosialismia. T\u00e4m\u00e4 lippu ei ole pelkk\u00e4 koriste, vaan se ilment\u00e4\u00e4 Vietnamin kansan pyrkimyksi\u00e4, rohkeutta ja ylpeytt\u00e4.<\/p>\n<h3>Monipuolinen k\u00e4ytt\u00f6<\/h3>\n<p>Vietnamin lippu voidaan sovittaa mihin tahansa tilaisuuteen, olipa kyse sitten kansallisista juhlista, urheilutapahtumista tai koulutustarkoituksista. Sen vankka muotoilu ja haalistumisen kest\u00e4v\u00e4t v\u00e4rit takaavat, ett\u00e4 lippu s\u00e4ilytt\u00e4\u00e4 merkityksens\u00e4 ja visuaalisen vaikutuksensa ajan my\u00f6t\u00e4.<\/p>","protected":false},"excerpt":{"rendered":"<p>150 x 90 cm:n kokoinen lippu, jossa on 2 tukevaa metallista l\u00e4pivienti\u00e4 turvallista ripustusta varten.<\/p>","protected":false},"featured_media":1761,"comment_status":"open","ping_status":"closed","template":"","meta":{"_gspb_post_css":"","iawp_total_views":4},"product_brand":[],"product_cat":[64,58],"product_tag":[],"class_list":{"0":"post-2439","1":"product","2":"type-product","3":"status-publish","4":"has-post-thumbnail","6":"product_cat-asia-flags","7":"product_cat-country-flags","9":"first","10":"instock","11":"sale","12":"shipping-taxable","13":"purchasable","14":"product-type-simple"},"_links":{"self":[{"href":"https:\/\/cosmoflag.com\/fi\/wp-json\/wp\/v2\/product\/2439","targetHints":{"allow":["GET"]}}],"collection":[{"href":"https:\/\/cosmoflag.com\/fi\/wp-json\/wp\/v2\/product"}],"about":[{"href":"https:\/\/cosmoflag.com\/fi\/wp-json\/wp\/v2\/types\/product"}],"replies":[{"embeddable":true,"href":"https:\/\/cosmoflag.com\/fi\/wp-json\/wp\/v2\/comments?post=2439"}],"wp:featuredmedia":[{"embeddable":true,"href":"https:\/\/cosmoflag.com\/fi\/wp-json\/wp\/v2\/media\/1761"}],"wp:attachment":[{"href":"https:\/\/cosmoflag.com\/fi\/wp-json\/wp\/v2\/media?parent=2439"}],"wp:term":[{"taxonomy":"product_brand","embeddable":true,"href":"https:\/\/cosmoflag.com\/fi\/wp-json\/wp\/v2\/product_brand?post=2439"},{"taxonomy":"product_cat","embeddable":true,"href":"https:\/\/cosmoflag.com\/fi\/wp-json\/wp\/v2\/product_cat?post=2439"},{"taxonomy":"product_tag","embeddable":true,"href":"https:\/\/cosmoflag.com\/fi\/wp-json\/wp\/v2\/product_tag?post=2439"}],"curies":[{"name":"wp","href":"https:\/\/api.w.org\/{rel}","templated":true}]}}