{"id":2430,"date":"2024-12-15T22:15:00","date_gmt":"2024-12-15T20:15:00","guid":{"rendered":"https:\/\/cosmoflag.com\/?post_type=product&#038;p=2430"},"modified":"2025-08-12T21:20:59","modified_gmt":"2025-08-12T19:20:59","slug":"nigeria-lippu","status":"publish","type":"product","link":"https:\/\/cosmoflag.com\/fi\/tuote\/nigeria-lippu\/","title":{"rendered":"Nigeria lippu"},"content":{"rendered":"<h3>Nigerian lipun ominaisuudet<\/h3>\n<p>Nigeria lippumme on valmistettu korkealaatuisesta polyesterist\u00e4, joten se on ihanteellinen pitk\u00e4ik\u00e4iseen k\u00e4ytt\u00f6\u00f6n niin sis\u00e4ll\u00e4 kuin ulkonakin. Siin\u00e4 on metalliset l\u00e4piviennit helppoa asennusta ja taattua pitoa varten, jopa ep\u00e4suotuisissa s\u00e4\u00e4olosuhteissa. Lippumme on saatavana 90 x 150 cm\/35 x 59 tuumaa kokoisena maksimaalisen n\u00e4kyvyyden takaamiseksi, ja se sopii monenlaisiin tarpeisiin, halusitpa sitten n\u00e4ytt\u00e4\u00e4 sen tangossa tai sein\u00e4ll\u00e4.<\/p>\n<h3>Kansallinen symboli, joka on t\u00e4ynn\u00e4 historiaa<\/h3>\n<p>Nigerian lippu, joka koostuu kolmesta pystysuorasta vihre\u00e4n, valkoisen ja vihre\u00e4n v\u00e4risest\u00e4 raidasta, on paljon enemm\u00e4n kuin pelkk\u00e4 kansallinen lippu. Vuonna 1960 maan itsen\u00e4istyess\u00e4 k\u00e4ytt\u00f6\u00f6n otettu vihre\u00e4 v\u00e4ri symboloi Nigerian rikkaita luonnonmetsi\u00e4 ja ruohomaita, mik\u00e4 kuvastaa maan maatalouden runsautta, kun taas valkoinen raita edustaa rauhaa ja yhten\u00e4isyytt\u00e4. T\u00e4m\u00e4 lippu ei ole pelkk\u00e4 koriste, vaan se ilment\u00e4\u00e4 Nigerian kansan pyrkimyksi\u00e4 rauhaan ja vaurauteen.<\/p>\n<h3>Monipuolinen k\u00e4ytt\u00f6<\/h3>\n<p>Nigerian lippu sopii kaikkiin tilaisuuksiin, olipa kyse kansallisista juhlista, urheilutapahtumista, poliittisista mielenosoituksista tai koulutustarkoituksista. Sen vankka muotoilu ja haalistumisen kest\u00e4v\u00e4t v\u00e4rit takaavat, ett\u00e4 lippu s\u00e4ilytt\u00e4\u00e4 merkityksens\u00e4 ja visuaalisen vaikutuksensa ajan my\u00f6t\u00e4.<\/p>","protected":false},"excerpt":{"rendered":"<p>150 x 90 cm:n kokoinen lippu, jossa on 2 tukevaa metallista l\u00e4pivienti\u00e4 turvallista ripustusta varten.<\/p>","protected":false},"featured_media":2090,"comment_status":"open","ping_status":"closed","template":"","meta":{"_gspb_post_css":"","iawp_total_views":4},"product_brand":[],"product_cat":[60,58],"product_tag":[],"class_list":{"0":"post-2430","1":"product","2":"type-product","3":"status-publish","4":"has-post-thumbnail","6":"product_cat-africa-flags","7":"product_cat-country-flags","9":"first","10":"instock","11":"sale","12":"shipping-taxable","13":"purchasable","14":"product-type-simple"},"_links":{"self":[{"href":"https:\/\/cosmoflag.com\/fi\/wp-json\/wp\/v2\/product\/2430","targetHints":{"allow":["GET"]}}],"collection":[{"href":"https:\/\/cosmoflag.com\/fi\/wp-json\/wp\/v2\/product"}],"about":[{"href":"https:\/\/cosmoflag.com\/fi\/wp-json\/wp\/v2\/types\/product"}],"replies":[{"embeddable":true,"href":"https:\/\/cosmoflag.com\/fi\/wp-json\/wp\/v2\/comments?post=2430"}],"wp:featuredmedia":[{"embeddable":true,"href":"https:\/\/cosmoflag.com\/fi\/wp-json\/wp\/v2\/media\/2090"}],"wp:attachment":[{"href":"https:\/\/cosmoflag.com\/fi\/wp-json\/wp\/v2\/media?parent=2430"}],"wp:term":[{"taxonomy":"product_brand","embeddable":true,"href":"https:\/\/cosmoflag.com\/fi\/wp-json\/wp\/v2\/product_brand?post=2430"},{"taxonomy":"product_cat","embeddable":true,"href":"https:\/\/cosmoflag.com\/fi\/wp-json\/wp\/v2\/product_cat?post=2430"},{"taxonomy":"product_tag","embeddable":true,"href":"https:\/\/cosmoflag.com\/fi\/wp-json\/wp\/v2\/product_tag?post=2430"}],"curies":[{"name":"wp","href":"https:\/\/api.w.org\/{rel}","templated":true}]}}