{"id":2427,"date":"2024-12-15T22:05:00","date_gmt":"2024-12-15T20:05:00","guid":{"rendered":"https:\/\/cosmoflag.com\/?post_type=product&#038;p=2427"},"modified":"2025-08-12T21:21:00","modified_gmt":"2025-08-12T19:21:00","slug":"kypros-lippu","status":"publish","type":"product","link":"https:\/\/cosmoflag.com\/fi\/tuote\/kypros-lippu\/","title":{"rendered":"Kyproksen lippu"},"content":{"rendered":"<h3>Kyproksen lipun ominaisuudet<\/h3>\n<p>Kypros lippumme on valmistettu korkealaatuisesta polyesterist\u00e4, joten se sopii erinomaisesti pitk\u00e4aikaiseen k\u00e4ytt\u00f6\u00f6n sek\u00e4 sis\u00e4ll\u00e4 ett\u00e4 ulkona. Siin\u00e4 on metalliset l\u00e4piviennit, jotka helpottavat asennusta ja takaavat turvallisen kiinnityksen my\u00f6s ep\u00e4suotuisissa s\u00e4\u00e4olosuhteissa. Lippumme on saatavana 90 x 150 cm\/35 x 59 tuumaa kokoisena maksimaalisen n\u00e4kyvyyden takaamiseksi, ja se sopii monenlaisiin tarpeisiin, halusitpa sitten n\u00e4ytt\u00e4\u00e4 sen tangossa tai sein\u00e4ll\u00e4.<\/p>\n<h3>Kansallinen symboli, joka on t\u00e4ynn\u00e4 historiaa<\/h3>\n<p>Kyproksen lippu, joka otettiin k\u00e4ytt\u00f6\u00f6n vuonna 1960, kun maa itsen\u00e4istyi Yhdistyneest\u00e4 kuningaskunnasta, on erityisen ainutlaatuinen muotoilultaan. Siin\u00e4 on kuparinv\u00e4rinen saaren kartta valkoisella pohjalla, mik\u00e4 symboloi Kyproksella aikoinaan louhittuja suuria kuparivaroja (itse nimi kupari juontuu saaren latinankielisest\u00e4 nimest\u00e4 Cuprum). Kortin alla olevat kaksi oliivinoksaa symboloivat saaren turkkilaisen ja kreikkalaisen yhteis\u00f6n v\u00e4list\u00e4 rauhaa.<\/p>\n<h3>Monipuolinen k\u00e4ytt\u00f6<\/h3>\n<p>Kyproksen lippu sopii kaikkiin tilaisuuksiin, olipa kyse sitten kansallisista juhlallisuuksista, diplomaattitapahtumista, kulttuuritapahtumista tai koulutustarkoituksista. Sen vankka muotoilu ja haalistumisen kest\u00e4v\u00e4t v\u00e4rit takaavat, ett\u00e4 lippu s\u00e4ilytt\u00e4\u00e4 merkityksens\u00e4 ja visuaalisen vaikutuksensa ajan my\u00f6t\u00e4.<\/p>","protected":false},"excerpt":{"rendered":"<p>150 x 90 cm:n kokoinen lippu, jossa on 2 tukevaa metallista l\u00e4pivienti\u00e4 turvallista ripustusta varten.<\/p>","protected":false},"featured_media":1070,"comment_status":"open","ping_status":"closed","template":"","meta":{"_gspb_post_css":"","iawp_total_views":8},"product_brand":[],"product_cat":[65,58],"product_tag":[],"class_list":{"0":"post-2427","1":"product","2":"type-product","3":"status-publish","4":"has-post-thumbnail","6":"product_cat-europe-flags","7":"product_cat-country-flags","9":"first","10":"instock","11":"sale","12":"shipping-taxable","13":"purchasable","14":"product-type-simple"},"_links":{"self":[{"href":"https:\/\/cosmoflag.com\/fi\/wp-json\/wp\/v2\/product\/2427","targetHints":{"allow":["GET"]}}],"collection":[{"href":"https:\/\/cosmoflag.com\/fi\/wp-json\/wp\/v2\/product"}],"about":[{"href":"https:\/\/cosmoflag.com\/fi\/wp-json\/wp\/v2\/types\/product"}],"replies":[{"embeddable":true,"href":"https:\/\/cosmoflag.com\/fi\/wp-json\/wp\/v2\/comments?post=2427"}],"wp:featuredmedia":[{"embeddable":true,"href":"https:\/\/cosmoflag.com\/fi\/wp-json\/wp\/v2\/media\/1070"}],"wp:attachment":[{"href":"https:\/\/cosmoflag.com\/fi\/wp-json\/wp\/v2\/media?parent=2427"}],"wp:term":[{"taxonomy":"product_brand","embeddable":true,"href":"https:\/\/cosmoflag.com\/fi\/wp-json\/wp\/v2\/product_brand?post=2427"},{"taxonomy":"product_cat","embeddable":true,"href":"https:\/\/cosmoflag.com\/fi\/wp-json\/wp\/v2\/product_cat?post=2427"},{"taxonomy":"product_tag","embeddable":true,"href":"https:\/\/cosmoflag.com\/fi\/wp-json\/wp\/v2\/product_tag?post=2427"}],"curies":[{"name":"wp","href":"https:\/\/api.w.org\/{rel}","templated":true}]}}