{"id":2425,"date":"2024-12-15T21:59:00","date_gmt":"2024-12-15T19:59:00","guid":{"rendered":"https:\/\/cosmoflag.com\/?post_type=product&#038;p=2425"},"modified":"2026-03-07T03:15:36","modified_gmt":"2026-03-07T01:15:36","slug":"brasilia-lippu","status":"publish","type":"product","link":"https:\/\/cosmoflag.com\/fi\/tuote\/brasilia-lippu\/","title":{"rendered":"Brasilian lippu"},"content":{"rendered":"<h3>Brasilia lipun ominaisuudet<\/h3>\n<p>Brasilia lippumme on valmistettu korkealaatuisesta polyesterist\u00e4, joten se sopii erinomaisesti kest\u00e4v\u00e4\u00e4n sis\u00e4- ja ulkok\u00e4ytt\u00f6\u00f6n. Siin\u00e4 on metalliset l\u00e4piviennit helppoa asennusta ja taattua pitoa varten, my\u00f6s ep\u00e4suotuisissa s\u00e4\u00e4olosuhteissa. Lippumme on saatavana 90 x 150 cm\/35 x 59 tuumaa kokoisena maksimaalisen n\u00e4kyvyyden takaamiseksi, ja se sopii monenlaisiin tarpeisiin, halusitpa sitten n\u00e4ytt\u00e4\u00e4 sen tangossa tai sein\u00e4ll\u00e4.<\/p>\n<h3>Kansallinen symboli, joka on t\u00e4ynn\u00e4 historiaa<\/h3>\n<p>Brasilian lippu, joka otettiin k\u00e4ytt\u00f6\u00f6n vuonna 1889 tasavallan julistamisen j\u00e4lkeen, koostuu Brasilian metsi\u00e4 kuvaavasta vihre\u00e4st\u00e4 kent\u00e4st\u00e4 ja maan mineraalirikkauksia symboloivasta keltaisesta ruusukkeesta. Sakaran keskell\u00e4 on sininen pallo, jota koristaa 27 valkoista t\u00e4hte\u00e4, joista kukin edustaa Brasilian osavaltiota ja liittovaltion piirikuntaa. T\u00e4hdet on j\u00e4rjestetty kuten Rio de Janeiron taivas 15. marraskuuta 1889. Pallon poikki kulkevassa valkoisessa kaistaleessa on positivististen ihanteiden innoittama kansallinen tunnuslause: \u201cOrdem e Progresso\u201d (J\u00e4rjestys ja edistys).<\/p>\n<h3>Monipuolinen k\u00e4ytt\u00f6<\/h3>\n<p>Brasilian lippu sopii kaikkiin tilaisuuksiin, olipa kyse kansallisista juhlista, urheilutapahtumista, kulttuuritapahtumista tai koulutustarkoituksista. Sen vankka muotoilu ja haalistumisen kest\u00e4v\u00e4t v\u00e4rit takaavat, ett\u00e4 lippu s\u00e4ilytt\u00e4\u00e4 merkityksens\u00e4 ja visuaalisen vaikutuksensa ajan my\u00f6t\u00e4.<\/p>","protected":false},"excerpt":{"rendered":"<p>150 x 90 cm:n kokoinen lippu, jossa on 2 tukevaa metallista l\u00e4pivienti\u00e4 turvallista ripustusta varten.<\/p>","protected":false},"featured_media":1022,"comment_status":"open","ping_status":"closed","template":"","meta":{"_gspb_post_css":"","iawp_total_views":34},"product_brand":[],"product_cat":[63,58],"product_tag":[],"class_list":{"0":"post-2425","1":"product","2":"type-product","3":"status-publish","4":"has-post-thumbnail","6":"product_cat-south-america-flag","7":"product_cat-country-flags","9":"first","10":"instock","11":"sale","12":"shipping-taxable","13":"purchasable","14":"product-type-simple"},"_links":{"self":[{"href":"https:\/\/cosmoflag.com\/fi\/wp-json\/wp\/v2\/product\/2425","targetHints":{"allow":["GET"]}}],"collection":[{"href":"https:\/\/cosmoflag.com\/fi\/wp-json\/wp\/v2\/product"}],"about":[{"href":"https:\/\/cosmoflag.com\/fi\/wp-json\/wp\/v2\/types\/product"}],"replies":[{"embeddable":true,"href":"https:\/\/cosmoflag.com\/fi\/wp-json\/wp\/v2\/comments?post=2425"}],"wp:featuredmedia":[{"embeddable":true,"href":"https:\/\/cosmoflag.com\/fi\/wp-json\/wp\/v2\/media\/1022"}],"wp:attachment":[{"href":"https:\/\/cosmoflag.com\/fi\/wp-json\/wp\/v2\/media?parent=2425"}],"wp:term":[{"taxonomy":"product_brand","embeddable":true,"href":"https:\/\/cosmoflag.com\/fi\/wp-json\/wp\/v2\/product_brand?post=2425"},{"taxonomy":"product_cat","embeddable":true,"href":"https:\/\/cosmoflag.com\/fi\/wp-json\/wp\/v2\/product_cat?post=2425"},{"taxonomy":"product_tag","embeddable":true,"href":"https:\/\/cosmoflag.com\/fi\/wp-json\/wp\/v2\/product_tag?post=2425"}],"curies":[{"name":"wp","href":"https:\/\/api.w.org\/{rel}","templated":true}]}}