{"id":2423,"date":"2024-12-15T21:52:00","date_gmt":"2024-12-15T19:52:00","guid":{"rendered":"https:\/\/cosmoflag.com\/?post_type=product&#038;p=2423"},"modified":"2025-08-12T21:23:02","modified_gmt":"2025-08-12T19:23:02","slug":"kreikka-lippu","status":"publish","type":"product","link":"https:\/\/cosmoflag.com\/fi\/tuote\/kreikka-lippu\/","title":{"rendered":"Kreikan lippu"},"content":{"rendered":"<h3>Kreikan lipun ominaisuudet<\/h3>\n<p>Kreikka lippumme on valmistettu korkealaatuisesta polyesterist\u00e4, joten se sopii erinomaisesti kest\u00e4v\u00e4\u00e4n sis\u00e4- ja ulkok\u00e4ytt\u00f6\u00f6n. Siin\u00e4 on metalliset l\u00e4piviennit helppoa asennusta ja taattua pitoa varten, my\u00f6s ep\u00e4suotuisissa s\u00e4\u00e4olosuhteissa. Saatavana 90 x 150 cm\/35 x 59 tuumaa maksimin\u00e4kyvyytt\u00e4 varten, lippumme vastaa monenlaisia tarpeita, halusitpa sitten n\u00e4ytt\u00e4\u00e4 sen tangossa tai sein\u00e4ll\u00e4.<\/p>\n<h3>Kansallinen symboli, joka on t\u00e4ynn\u00e4 historiaa<\/h3>\n<p>Kreikan lipussa, joka otettiin k\u00e4ytt\u00f6\u00f6n vuonna 1822 ottomaanien valtakuntaa vastaan k\u00e4ydyn itsen\u00e4isyyssodan aikana, on yhdeks\u00e4n vuorotellen sinist\u00e4 ja valkoista vaakasuoraa raitaa, jotka symboloivat itsen\u00e4isyyssodan iskulauseen \"\u0395\u03bb\u03b5\u03c5\u03b8\u03b5\u03c1\u03af\u03b1 \u03ae \u0398\u03ac\u03bd\u03b1\u03c4\u03bf\u03c2\" (Vapaus tai kuolema) yhdeks\u00e4\u00e4 tavua. Vasemmassa yl\u00e4kulmassa olevassa sinisess\u00e4 kantonissa on valkoinen risti, joka edustaa kreikkalaisortodoksista uskoa.<\/p>\n<h3>Monipuolinen k\u00e4ytt\u00f6<\/h3>\n<p>Kreikan lippu sopii kaikkiin tilaisuuksiin, olipa kyse sitten kansallisista juhlista, urheilutapahtumista, kulttuuritapahtumista tai opetuksesta. Sen vankka rakenne ja haalistumisen kest\u00e4v\u00e4t v\u00e4rit takaavat, ett\u00e4 lippu s\u00e4ilytt\u00e4\u00e4 merkityksens\u00e4 ja visuaalisen vaikutuksensa ajan my\u00f6t\u00e4.<\/p>","protected":false},"excerpt":{"rendered":"<p>150 x 90 cm:n kokoinen lippu, jossa on 2 tukevaa metallista l\u00e4pivienti\u00e4 turvallista ripustusta varten.<\/p>","protected":false},"featured_media":1142,"comment_status":"open","ping_status":"closed","template":"","meta":{"_gspb_post_css":"","iawp_total_views":50},"product_brand":[],"product_cat":[65,58],"product_tag":[],"class_list":{"0":"post-2423","1":"product","2":"type-product","3":"status-publish","4":"has-post-thumbnail","6":"product_cat-europe-flags","7":"product_cat-country-flags","9":"first","10":"instock","11":"sale","12":"shipping-taxable","13":"purchasable","14":"product-type-simple"},"_links":{"self":[{"href":"https:\/\/cosmoflag.com\/fi\/wp-json\/wp\/v2\/product\/2423","targetHints":{"allow":["GET"]}}],"collection":[{"href":"https:\/\/cosmoflag.com\/fi\/wp-json\/wp\/v2\/product"}],"about":[{"href":"https:\/\/cosmoflag.com\/fi\/wp-json\/wp\/v2\/types\/product"}],"replies":[{"embeddable":true,"href":"https:\/\/cosmoflag.com\/fi\/wp-json\/wp\/v2\/comments?post=2423"}],"wp:featuredmedia":[{"embeddable":true,"href":"https:\/\/cosmoflag.com\/fi\/wp-json\/wp\/v2\/media\/1142"}],"wp:attachment":[{"href":"https:\/\/cosmoflag.com\/fi\/wp-json\/wp\/v2\/media?parent=2423"}],"wp:term":[{"taxonomy":"product_brand","embeddable":true,"href":"https:\/\/cosmoflag.com\/fi\/wp-json\/wp\/v2\/product_brand?post=2423"},{"taxonomy":"product_cat","embeddable":true,"href":"https:\/\/cosmoflag.com\/fi\/wp-json\/wp\/v2\/product_cat?post=2423"},{"taxonomy":"product_tag","embeddable":true,"href":"https:\/\/cosmoflag.com\/fi\/wp-json\/wp\/v2\/product_tag?post=2423"}],"curies":[{"name":"wp","href":"https:\/\/api.w.org\/{rel}","templated":true}]}}