{"id":2400,"date":"2024-12-15T20:33:00","date_gmt":"2024-12-15T18:33:00","guid":{"rendered":"https:\/\/cosmoflag.com\/?post_type=product&#038;p=2400"},"modified":"2025-08-12T21:23:13","modified_gmt":"2025-08-12T19:23:13","slug":"irlanti-lippu","status":"publish","type":"product","link":"https:\/\/cosmoflag.com\/fi\/tuote\/irlanti-lippu\/","title":{"rendered":"Irlannin lippu"},"content":{"rendered":"<h3>Irlannin lipun ominaisuudet<\/h3>\n<p>Irlanti lippumme on valmistettu korkealaatuisesta polyesterist\u00e4, joten se sopii erinomaisesti kest\u00e4v\u00e4\u00e4n sis\u00e4- ja ulkok\u00e4ytt\u00f6\u00f6n. Siin\u00e4 on metalliset l\u00e4piviennit helppoa asennusta ja taattua pitoa varten, my\u00f6s ep\u00e4suotuisissa s\u00e4\u00e4olosuhteissa. Saatavana 90 x 150 cm\/35 x 59 tuumaa maksimin\u00e4kyvyytt\u00e4 varten, lippumme vastaa monenlaisia tarpeita, halusitpa sitten n\u00e4ytt\u00e4\u00e4 sen tangossa tai sein\u00e4ll\u00e4.<\/p>\n<h3>Kansallinen symboli, joka on t\u00e4ynn\u00e4 historiaa<\/h3>\n<p>Irlannin lippu, jota usein kutsutaan Irlannin trikoloriksi, koostuu kolmesta pystysuorasta raidasta, jotka ovat vihre\u00e4, valkoinen ja oranssi. Virallisesti se otettiin k\u00e4ytt\u00f6\u00f6n vuonna 1937, mutta se on ollut k\u00e4yt\u00f6ss\u00e4 vuodesta 1848, ja jokaisella v\u00e4rill\u00e4 on vahva symboliikka: vihre\u00e4 edustaa Irlannin gaelilaista perinnett\u00e4, valkoinen symboloi rauhaa ja irlantilaisten v\u00e4list\u00e4 yhten\u00e4isyytt\u00e4, ja oranssi edustaa Vilhelm Oranialaisen kannattajia. Lippu kuvastaa saaren monitahoista historiaa ja pyrkimyst\u00e4 kansalliseen yhten\u00e4isyyteen.<\/p>\n<h3>Monipuolinen k\u00e4ytt\u00f6<\/h3>\n<p>Irlannin lippu sopii kaikkiin tilaisuuksiin, olipa kyse kansallisista juhlista, urheilutapahtumista, kulttuuritapahtumista tai koulutustarkoituksista. Sen vankka muotoilu ja haalistumisen kest\u00e4v\u00e4t v\u00e4rit takaavat, ett\u00e4 lippu s\u00e4ilytt\u00e4\u00e4 merkityksens\u00e4 ja visuaalisen vaikutuksensa ajan my\u00f6t\u00e4.<\/p>","protected":false},"excerpt":{"rendered":"<p>150 x 90 cm:n kokoinen lippu, jossa on 2 tukevaa metallista l\u00e4pivienti\u00e4 turvallista ripustusta varten.<\/p>","protected":false},"featured_media":1165,"comment_status":"open","ping_status":"closed","template":"","meta":{"_gspb_post_css":"","iawp_total_views":21},"product_brand":[],"product_cat":[65,58],"product_tag":[],"class_list":{"0":"post-2400","1":"product","2":"type-product","3":"status-publish","4":"has-post-thumbnail","6":"product_cat-europe-flags","7":"product_cat-country-flags","9":"first","10":"instock","11":"sale","12":"shipping-taxable","13":"purchasable","14":"product-type-simple"},"_links":{"self":[{"href":"https:\/\/cosmoflag.com\/fi\/wp-json\/wp\/v2\/product\/2400","targetHints":{"allow":["GET"]}}],"collection":[{"href":"https:\/\/cosmoflag.com\/fi\/wp-json\/wp\/v2\/product"}],"about":[{"href":"https:\/\/cosmoflag.com\/fi\/wp-json\/wp\/v2\/types\/product"}],"replies":[{"embeddable":true,"href":"https:\/\/cosmoflag.com\/fi\/wp-json\/wp\/v2\/comments?post=2400"}],"wp:featuredmedia":[{"embeddable":true,"href":"https:\/\/cosmoflag.com\/fi\/wp-json\/wp\/v2\/media\/1165"}],"wp:attachment":[{"href":"https:\/\/cosmoflag.com\/fi\/wp-json\/wp\/v2\/media?parent=2400"}],"wp:term":[{"taxonomy":"product_brand","embeddable":true,"href":"https:\/\/cosmoflag.com\/fi\/wp-json\/wp\/v2\/product_brand?post=2400"},{"taxonomy":"product_cat","embeddable":true,"href":"https:\/\/cosmoflag.com\/fi\/wp-json\/wp\/v2\/product_cat?post=2400"},{"taxonomy":"product_tag","embeddable":true,"href":"https:\/\/cosmoflag.com\/fi\/wp-json\/wp\/v2\/product_tag?post=2400"}],"curies":[{"name":"wp","href":"https:\/\/api.w.org\/{rel}","templated":true}]}}