{"id":2395,"date":"2024-12-15T20:09:00","date_gmt":"2024-12-15T18:09:00","guid":{"rendered":"https:\/\/cosmoflag.com\/?post_type=product&#038;p=2395"},"modified":"2025-11-30T23:47:05","modified_gmt":"2025-11-30T21:47:05","slug":"serbia-lippu","status":"publish","type":"product","link":"https:\/\/cosmoflag.com\/fi\/tuote\/serbia-lippu\/","title":{"rendered":"Serbian lippu"},"content":{"rendered":"<h3>Serbian lipun piirteet, joissa on kaksip\u00e4inen kotka<\/h3>\n<p>Serbia lippumme, jossa on Nemanji\u0107in kaksoiskotka, on valmistettu korkealaatuisesta polyesterist\u00e4, joten se sopii erinomaisesti pitk\u00e4aikaiseen k\u00e4ytt\u00f6\u00f6n niin sis\u00e4ll\u00e4 kuin ulkonakin. Siin\u00e4 on metalliset silmukat, joiden ansiosta se on helppo asentaa ja varmistaa, ett\u00e4 se pysyy paikoillaan my\u00f6s ankarissa s\u00e4\u00e4olosuhteissa. Lippumme on saatavana 90 x 150 cm\/35 x 59 tuumaa kokoisena, jotta se olisi mahdollisimman hyvin n\u00e4kyviss\u00e4, ja se sopii monenlaisiin tarpeisiin, halusitpa sitten asettaa sen esille tolppaan tai sein\u00e4lle.<\/p>\n<h3>Kansallinen symboli, jolla on historiaa ja merkityst\u00e4.<\/h3>\n<p>Serbian lipussa on kolme vaakasuoraa punaisen, sinisen ja valkoisen v\u00e4rist\u00e4 raitaa, joiden keskell\u00e4 on musta kaksip\u00e4inen kotka. Kotka on keskiaikaiselta Serbian dynastialta Nemanji\u0107ilta peritty symboli, joka edustaa Serbian valtion suvereniteettia ja valtaa. Lipun v\u00e4rit - punainen, sininen ja valkoinen - ovat perinteisi\u00e4 slaavilaisia v\u00e4rej\u00e4, joissa punainen symboloi vapauden puolesta vuodatettua verta, sininen Serbian taivasta ja valkoinen puhtautta ja rauhaa. Kaksip\u00e4inen kotka lis\u00e4\u00e4 historiallisen jatkuvuuden ja perinteiden kunnioittamisen ulottuvuuden.<\/p>\n<h3>Monipuolinen k\u00e4ytt\u00f6<\/h3>\n<p>Serbian lippu, jossa on kaksip\u00e4inen kotka, sopii kaikkiin tilaisuuksiin, olipa kyse kansallisista juhlista, urheilutapahtumista, kulttuuritapahtumista tai koulutustarkoituksista. Sen vankka muotoilu ja haalistumisen kest\u00e4v\u00e4t v\u00e4rit takaavat, ett\u00e4 lippu s\u00e4ilytt\u00e4\u00e4 merkityksens\u00e4 ja visuaalisen vaikutuksensa ajan my\u00f6t\u00e4.<\/p>","protected":false},"excerpt":{"rendered":"<p>150 x 90 cm:n kokoinen lippu, jossa on 2 tukevaa metallista l\u00e4pivienti\u00e4 turvallista ripustusta varten.<\/p>","protected":false},"featured_media":1381,"comment_status":"open","ping_status":"closed","template":"","meta":{"_gspb_post_css":"","iawp_total_views":10},"product_brand":[],"product_cat":[65,58],"product_tag":[],"class_list":{"0":"post-2395","1":"product","2":"type-product","3":"status-publish","4":"has-post-thumbnail","6":"product_cat-europe-flags","7":"product_cat-country-flags","9":"first","10":"instock","11":"sale","12":"shipping-taxable","13":"purchasable","14":"product-type-simple"},"_links":{"self":[{"href":"https:\/\/cosmoflag.com\/fi\/wp-json\/wp\/v2\/product\/2395","targetHints":{"allow":["GET"]}}],"collection":[{"href":"https:\/\/cosmoflag.com\/fi\/wp-json\/wp\/v2\/product"}],"about":[{"href":"https:\/\/cosmoflag.com\/fi\/wp-json\/wp\/v2\/types\/product"}],"replies":[{"embeddable":true,"href":"https:\/\/cosmoflag.com\/fi\/wp-json\/wp\/v2\/comments?post=2395"}],"wp:featuredmedia":[{"embeddable":true,"href":"https:\/\/cosmoflag.com\/fi\/wp-json\/wp\/v2\/media\/1381"}],"wp:attachment":[{"href":"https:\/\/cosmoflag.com\/fi\/wp-json\/wp\/v2\/media?parent=2395"}],"wp:term":[{"taxonomy":"product_brand","embeddable":true,"href":"https:\/\/cosmoflag.com\/fi\/wp-json\/wp\/v2\/product_brand?post=2395"},{"taxonomy":"product_cat","embeddable":true,"href":"https:\/\/cosmoflag.com\/fi\/wp-json\/wp\/v2\/product_cat?post=2395"},{"taxonomy":"product_tag","embeddable":true,"href":"https:\/\/cosmoflag.com\/fi\/wp-json\/wp\/v2\/product_tag?post=2395"}],"curies":[{"name":"wp","href":"https:\/\/api.w.org\/{rel}","templated":true}]}}