{"id":2387,"date":"2024-12-15T19:37:00","date_gmt":"2024-12-15T17:37:00","guid":{"rendered":"https:\/\/cosmoflag.com\/?post_type=product&#038;p=2387"},"modified":"2025-08-12T21:23:16","modified_gmt":"2025-08-12T19:23:16","slug":"meksiko-lippu","status":"publish","type":"product","link":"https:\/\/cosmoflag.com\/fi\/tuote\/meksiko-lippu\/","title":{"rendered":"Meksikon lippu"},"content":{"rendered":"<h3>Meksikon lipun ominaisuudet<\/h3>\n<p>Meksiko lippumme on valmistettu korkealaatuisesta polyesterist\u00e4, joten se sopii erinomaisesti kest\u00e4v\u00e4\u00e4n sis\u00e4- ja ulkok\u00e4ytt\u00f6\u00f6n. Siin\u00e4 on metalliset l\u00e4piviennit helppoa asennusta ja taattua pitoa varten, my\u00f6s ep\u00e4suotuisissa s\u00e4\u00e4olosuhteissa. Lippumme on saatavana 90 x 150 cm\/35 x 59 tuumaa kokoisena maksimaalisen n\u00e4kyvyyden takaamiseksi, ja se sopii monenlaisiin tarpeisiin, halusitpa sitten n\u00e4ytt\u00e4\u00e4 sen tangossa tai sein\u00e4ll\u00e4.<\/p>\n<h3>Kansallinen symboli, joka on t\u00e4ynn\u00e4 historiaa<\/h3>\n<p>Meksikon lippu, joka otettiin k\u00e4ytt\u00f6\u00f6n vuonna 1968 mutta joka perustuu aiempiin malleihin, koostuu kolmesta vihre\u00e4n, valkoisen ja punaisen v\u00e4risest\u00e4 pystyraidasta. Valkoisen raidan keskell\u00e4 on kansallisvaakuna, joka esitt\u00e4\u00e4 nopal-kaktuksen p\u00e4\u00e4ll\u00e4 istuvaa meksikolaiskotkaa, joka pit\u00e4\u00e4 nokassaan k\u00e4\u00e4rmett\u00e4. T\u00e4m\u00e4 kuva on Meksikolle hyvin symbolinen, sill\u00e4 se perustuu atsteekkien legendaan, joka osoitti, mist\u00e4 p\u00e4\u00e4kaupunki Tenochtitlan l\u00f6ydettiin. Lipun v\u00e4reill\u00e4 on monia merkityksi\u00e4: vihre\u00e4 edustaa toivoa ja vaurautta, valkoinen symboloi rauhaa ja yhten\u00e4isyytt\u00e4, ja punainen muistuttaa kansallissankareiden vuodattamasta verest\u00e4.<\/p>\n<h3>Monipuolinen k\u00e4ytt\u00f6<\/h3>\n<p>Meksikon lippu sopii kaikkiin tilaisuuksiin, olipa kyse kansallisista juhlista, urheilutapahtumista, poliittisista mielenosoituksista tai koulutustarkoituksista. Sen vankka muotoilu ja haalistumisen kest\u00e4v\u00e4t v\u00e4rit takaavat, ett\u00e4 lippu s\u00e4ilytt\u00e4\u00e4 merkityksens\u00e4 ja visuaalisen vaikutuksensa ajan my\u00f6t\u00e4.<\/p>","protected":false},"excerpt":{"rendered":"<p>150 x 90 cm:n kokoinen lippu, jossa on 2 tukevaa metallista l\u00e4pivienti\u00e4 turvallista ripustusta varten.<\/p>","protected":false},"featured_media":2388,"comment_status":"open","ping_status":"closed","template":"","meta":{"_gspb_post_css":"","iawp_total_views":76},"product_brand":[],"product_cat":[62,58],"product_tag":[],"class_list":{"0":"post-2387","1":"product","2":"type-product","3":"status-publish","4":"has-post-thumbnail","6":"product_cat-north-america-flags","7":"product_cat-country-flags","9":"first","10":"instock","11":"sale","12":"shipping-taxable","13":"purchasable","14":"product-type-simple"},"_links":{"self":[{"href":"https:\/\/cosmoflag.com\/fi\/wp-json\/wp\/v2\/product\/2387","targetHints":{"allow":["GET"]}}],"collection":[{"href":"https:\/\/cosmoflag.com\/fi\/wp-json\/wp\/v2\/product"}],"about":[{"href":"https:\/\/cosmoflag.com\/fi\/wp-json\/wp\/v2\/types\/product"}],"replies":[{"embeddable":true,"href":"https:\/\/cosmoflag.com\/fi\/wp-json\/wp\/v2\/comments?post=2387"}],"wp:featuredmedia":[{"embeddable":true,"href":"https:\/\/cosmoflag.com\/fi\/wp-json\/wp\/v2\/media\/2388"}],"wp:attachment":[{"href":"https:\/\/cosmoflag.com\/fi\/wp-json\/wp\/v2\/media?parent=2387"}],"wp:term":[{"taxonomy":"product_brand","embeddable":true,"href":"https:\/\/cosmoflag.com\/fi\/wp-json\/wp\/v2\/product_brand?post=2387"},{"taxonomy":"product_cat","embeddable":true,"href":"https:\/\/cosmoflag.com\/fi\/wp-json\/wp\/v2\/product_cat?post=2387"},{"taxonomy":"product_tag","embeddable":true,"href":"https:\/\/cosmoflag.com\/fi\/wp-json\/wp\/v2\/product_tag?post=2387"}],"curies":[{"name":"wp","href":"https:\/\/api.w.org\/{rel}","templated":true}]}}