{"id":2386,"date":"2024-12-15T19:34:00","date_gmt":"2024-12-15T17:34:00","guid":{"rendered":"https:\/\/cosmoflag.com\/?post_type=product&#038;p=2386"},"modified":"2025-08-12T21:23:17","modified_gmt":"2025-08-12T19:23:17","slug":"etela-afrikka-lippu","status":"publish","type":"product","link":"https:\/\/cosmoflag.com\/fi\/tuote\/etela-afrikka-lippu\/","title":{"rendered":"Etel\u00e4-Afrikan lippu"},"content":{"rendered":"<h3>Etel\u00e4-Afrikan lipun ominaisuudet<\/h3>\n<p>Etel\u00e4-Afrikka lippumme on valmistettu korkealaatuisesta polyesterist\u00e4, joten se soveltuu erinomaisesti pitk\u00e4aikaiseen k\u00e4ytt\u00f6\u00f6n sek\u00e4 sis\u00e4ll\u00e4 ett\u00e4 ulkona. Siin\u00e4 on metalliset l\u00e4piviennit, jotka helpottavat asennusta ja takaavat turvallisen kiinnityksen my\u00f6s ep\u00e4suotuisissa s\u00e4\u00e4olosuhteissa. Lippumme on saatavana 90 x 150 cm\/35 x 59 tuumaa kokoisena, jotta se olisi mahdollisimman hyvin n\u00e4kyviss\u00e4, ja se sopii monenlaisiin tarpeisiin, halusitpa sitten n\u00e4ytt\u00e4\u00e4 sen tangossa tai sein\u00e4ll\u00e4.<\/p>\n<h3>Kansallinen symboli, joka on t\u00e4ynn\u00e4 historiaa<\/h3>\n<p>Etel\u00e4-Afrikan lippu, joka otettiin k\u00e4ytt\u00f6\u00f6n 27. huhtikuuta 1994, symboloi uutta demokratian aikakautta apartheidin j\u00e4lkeen. Siin\u00e4 on ainutlaatuinen muotoilu, jossa on useita eriv\u00e4risi\u00e4 nauhoja. N\u00e4ihin kuuluvat ANC:n (Afrikan kansalliskongressi) musta, vihre\u00e4 ja keltainen sek\u00e4 Britannian ja Alankomaiden entisten siirtomaalippujen punainen, valkoinen ja sininen. Keskell\u00e4 oleva \u201cY\u201d symboloi kansakunnan l\u00e4hentymist\u00e4 ja edistymist\u00e4 kohti yhten\u00e4isyytt\u00e4.<\/p>\n<h3>Monipuolinen k\u00e4ytt\u00f6<\/h3>\n<p>Etel\u00e4-Afrikan lippu sopii kaikkiin tilaisuuksiin, olipa kyse kansallisista juhlista, urheilutapahtumista, poliittisista mielenosoituksista tai koulutustarkoituksista. Sen vankka muotoilu ja haalistumisen kest\u00e4v\u00e4t v\u00e4rit takaavat, ett\u00e4 lippu s\u00e4ilytt\u00e4\u00e4 merkityksens\u00e4 ja visuaalisen vaikutuksensa ajan my\u00f6t\u00e4.<\/p>","protected":false},"excerpt":{"rendered":"<p>150 x 90 cm:n kokoinen lippu, jossa on 2 tukevaa metallista l\u00e4pivienti\u00e4 turvallista ripustusta varten.<\/p>","protected":false},"featured_media":1393,"comment_status":"open","ping_status":"closed","template":"","meta":{"_gspb_post_css":"","iawp_total_views":24},"product_brand":[],"product_cat":[60,58],"product_tag":[],"class_list":{"0":"post-2386","1":"product","2":"type-product","3":"status-publish","4":"has-post-thumbnail","6":"product_cat-africa-flags","7":"product_cat-country-flags","9":"first","10":"instock","11":"sale","12":"shipping-taxable","13":"purchasable","14":"product-type-simple"},"_links":{"self":[{"href":"https:\/\/cosmoflag.com\/fi\/wp-json\/wp\/v2\/product\/2386","targetHints":{"allow":["GET"]}}],"collection":[{"href":"https:\/\/cosmoflag.com\/fi\/wp-json\/wp\/v2\/product"}],"about":[{"href":"https:\/\/cosmoflag.com\/fi\/wp-json\/wp\/v2\/types\/product"}],"replies":[{"embeddable":true,"href":"https:\/\/cosmoflag.com\/fi\/wp-json\/wp\/v2\/comments?post=2386"}],"wp:featuredmedia":[{"embeddable":true,"href":"https:\/\/cosmoflag.com\/fi\/wp-json\/wp\/v2\/media\/1393"}],"wp:attachment":[{"href":"https:\/\/cosmoflag.com\/fi\/wp-json\/wp\/v2\/media?parent=2386"}],"wp:term":[{"taxonomy":"product_brand","embeddable":true,"href":"https:\/\/cosmoflag.com\/fi\/wp-json\/wp\/v2\/product_brand?post=2386"},{"taxonomy":"product_cat","embeddable":true,"href":"https:\/\/cosmoflag.com\/fi\/wp-json\/wp\/v2\/product_cat?post=2386"},{"taxonomy":"product_tag","embeddable":true,"href":"https:\/\/cosmoflag.com\/fi\/wp-json\/wp\/v2\/product_tag?post=2386"}],"curies":[{"name":"wp","href":"https:\/\/api.w.org\/{rel}","templated":true}]}}