{"id":2377,"date":"2024-12-15T15:05:00","date_gmt":"2024-12-15T13:05:00","guid":{"rendered":"https:\/\/cosmoflag.com\/?post_type=product&#038;p=2377"},"modified":"2025-08-12T21:23:22","modified_gmt":"2025-08-12T19:23:22","slug":"benin-lippu","status":"publish","type":"product","link":"https:\/\/cosmoflag.com\/fi\/tuote\/benin-lippu\/","title":{"rendered":"Beninin lippu"},"content":{"rendered":"<h3>Benin lipun ominaisuudet<\/h3>\n<p>Benin lippumme on valmistettu korkealaatuisesta polyesterist\u00e4, joten se sopii erinomaisesti kest\u00e4v\u00e4\u00e4n sis\u00e4- ja ulkok\u00e4ytt\u00f6\u00f6n. Siin\u00e4 on metalliset l\u00e4piviennit, jotka helpottavat asennusta ja takaavat turvallisen kiinnityksen my\u00f6s ep\u00e4suotuisissa s\u00e4\u00e4olosuhteissa. Lippumme on saatavana 90 x 150 cm\/35 x 59 tuumaa kokoisena maksimaalisen n\u00e4kyvyyden takaamiseksi, ja se sopii monenlaisiin tarpeisiin, halusitpa sitten n\u00e4ytt\u00e4\u00e4 sen tangossa tai sein\u00e4ll\u00e4.<\/p>\n<h3>Kansallinen symboli, joka on t\u00e4ynn\u00e4 historiaa<\/h3>\n<p>Beninin vuonna 1990 k\u00e4ytt\u00f6\u00f6n otettu lippu koostuu kahdesta keltaisen ja punaisen v\u00e4risest\u00e4 vaakasuorasta kaistaleesta ja pystysuorasta vihre\u00e4st\u00e4 kaistaleesta mastossa. Keltainen symboloi kansakunnan s\u00e4ilymist\u00e4 ja elinvoimaa, punainen esi-isien rohkeutta ja vihre\u00e4 toivoa ja maan maatalousrikkauksia. T\u00e4m\u00e4 yksinkertainen mutta voimakas muotoilu kuvastaa Beninin kansan pyrkimyksi\u00e4 ja kest\u00e4vyytt\u00e4.<\/p>\n<h3>Monipuolinen k\u00e4ytt\u00f6<\/h3>\n<p>Beninin lippu sopii kaikkiin tilaisuuksiin, olipa kyse kansallisista juhlista, urheilutapahtumista, poliittisista mielenosoituksista tai koulutustarkoituksista. Sen vankka muotoilu ja haalistumisen kest\u00e4v\u00e4t v\u00e4rit takaavat, ett\u00e4 lippu s\u00e4ilytt\u00e4\u00e4 merkityksens\u00e4 ja visuaalisen vaikutuksensa ajan my\u00f6t\u00e4.<\/p>","protected":false},"excerpt":{"rendered":"<p>150 x 90 cm:n kokoinen lippu, jossa on 2 tukevaa metallista l\u00e4pivienti\u00e4 turvallista ripustusta varten.<\/p>","protected":false},"featured_media":1004,"comment_status":"open","ping_status":"closed","template":"","meta":{"_gspb_post_css":"","iawp_total_views":3},"product_brand":[],"product_cat":[60,58],"product_tag":[],"class_list":{"0":"post-2377","1":"product","2":"type-product","3":"status-publish","4":"has-post-thumbnail","6":"product_cat-africa-flags","7":"product_cat-country-flags","9":"first","10":"instock","11":"sale","12":"shipping-taxable","13":"purchasable","14":"product-type-simple"},"_links":{"self":[{"href":"https:\/\/cosmoflag.com\/fi\/wp-json\/wp\/v2\/product\/2377","targetHints":{"allow":["GET"]}}],"collection":[{"href":"https:\/\/cosmoflag.com\/fi\/wp-json\/wp\/v2\/product"}],"about":[{"href":"https:\/\/cosmoflag.com\/fi\/wp-json\/wp\/v2\/types\/product"}],"replies":[{"embeddable":true,"href":"https:\/\/cosmoflag.com\/fi\/wp-json\/wp\/v2\/comments?post=2377"}],"wp:featuredmedia":[{"embeddable":true,"href":"https:\/\/cosmoflag.com\/fi\/wp-json\/wp\/v2\/media\/1004"}],"wp:attachment":[{"href":"https:\/\/cosmoflag.com\/fi\/wp-json\/wp\/v2\/media?parent=2377"}],"wp:term":[{"taxonomy":"product_brand","embeddable":true,"href":"https:\/\/cosmoflag.com\/fi\/wp-json\/wp\/v2\/product_brand?post=2377"},{"taxonomy":"product_cat","embeddable":true,"href":"https:\/\/cosmoflag.com\/fi\/wp-json\/wp\/v2\/product_cat?post=2377"},{"taxonomy":"product_tag","embeddable":true,"href":"https:\/\/cosmoflag.com\/fi\/wp-json\/wp\/v2\/product_tag?post=2377"}],"curies":[{"name":"wp","href":"https:\/\/api.w.org\/{rel}","templated":true}]}}