{"id":2371,"date":"2024-12-15T14:33:00","date_gmt":"2024-12-15T12:33:00","guid":{"rendered":"https:\/\/cosmoflag.com\/?post_type=product&#038;p=2371"},"modified":"2025-08-12T21:23:24","modified_gmt":"2025-08-12T19:23:24","slug":"japani-lippu","status":"publish","type":"product","link":"https:\/\/cosmoflag.com\/fi\/tuote\/japani-lippu\/","title":{"rendered":"Japanin lippu"},"content":{"rendered":"<h3>Japanin lipun ominaisuudet<\/h3>\n<p>Japani-lippumme, joka tunnetaan my\u00f6s nimell\u00e4 \"Nissh\u014dki\" tai \"Hinomaru\", on valmistettu korkealaatuisesta polyesterist\u00e4, joten se sopii erinomaisesti pitk\u00e4aikaiseen k\u00e4ytt\u00f6\u00f6n niin sis\u00e4ll\u00e4 kuin ulkona. Siin\u00e4 on metalliset silmukat, jotka takaavat helpon asennuksen ja taatun pidon my\u00f6s ankarissa s\u00e4\u00e4olosuhteissa. Lippumme on saatavana 90 x 150 cm\/35 x 59 tuumaa kokoisena maksimaalisen n\u00e4kyvyyden takaamiseksi, ja se sopii monenlaisiin tarpeisiin, halusitpa sitten asettaa sen esille tolppaan tai sein\u00e4lle.<\/p>\n<h3>Kansallinen symboli, joka on t\u00e4ynn\u00e4 historiaa<\/h3>\n<p>Japanin lipussa on puhtaan valkoinen tausta, jonka keskell\u00e4 on aurinkoa kuvaava punainen levy. T\u00e4m\u00e4 tyylik\u00e4s muotoilu hyv\u00e4ksyttiin virallisesti kansallislipuksi vuonna 1999, mutta se on ollut k\u00e4yt\u00f6ss\u00e4 jo 1800-luvun puoliv\u00e4list\u00e4 l\u00e4htien. Punainen kiekko symboloi nousevaa aurinkoa, jolla Japaniin usein viitataan. T\u00e4m\u00e4 symboli on juurtunut syv\u00e4lle japanilaiseen kulttuuriin ja edustaa kirkkautta, vilpitt\u00f6myytt\u00e4 ja kansallista l\u00e4mp\u00f6\u00e4.<\/p>\n<h3>Monipuolinen k\u00e4ytt\u00f6<\/h3>\n<p>Japanin lippu sopii kaikkiin tilaisuuksiin, olipa kyse kansallisista juhlista, urheilutapahtumista, kulttuurivaihdosta tai koulutustarkoituksista. Sen vankka muotoilu ja haalistumisen kest\u00e4v\u00e4t v\u00e4rit takaavat, ett\u00e4 lippu s\u00e4ilytt\u00e4\u00e4 merkityksens\u00e4 ja visuaalisen vaikutuksensa ajan my\u00f6t\u00e4.<\/p>","protected":false},"excerpt":{"rendered":"<p>150 x 90 cm:n kokoinen lippu, jossa on 2 tukevaa metallista l\u00e4pivienti\u00e4 turvallista ripustusta varten.<\/p>","protected":false},"featured_media":1179,"comment_status":"open","ping_status":"closed","template":"","meta":{"_gspb_post_css":"","iawp_total_views":14},"product_brand":[],"product_cat":[64,58],"product_tag":[],"class_list":{"0":"post-2371","1":"product","2":"type-product","3":"status-publish","4":"has-post-thumbnail","6":"product_cat-asia-flags","7":"product_cat-country-flags","9":"first","10":"instock","11":"sale","12":"shipping-taxable","13":"purchasable","14":"product-type-simple"},"_links":{"self":[{"href":"https:\/\/cosmoflag.com\/fi\/wp-json\/wp\/v2\/product\/2371","targetHints":{"allow":["GET"]}}],"collection":[{"href":"https:\/\/cosmoflag.com\/fi\/wp-json\/wp\/v2\/product"}],"about":[{"href":"https:\/\/cosmoflag.com\/fi\/wp-json\/wp\/v2\/types\/product"}],"replies":[{"embeddable":true,"href":"https:\/\/cosmoflag.com\/fi\/wp-json\/wp\/v2\/comments?post=2371"}],"wp:featuredmedia":[{"embeddable":true,"href":"https:\/\/cosmoflag.com\/fi\/wp-json\/wp\/v2\/media\/1179"}],"wp:attachment":[{"href":"https:\/\/cosmoflag.com\/fi\/wp-json\/wp\/v2\/media?parent=2371"}],"wp:term":[{"taxonomy":"product_brand","embeddable":true,"href":"https:\/\/cosmoflag.com\/fi\/wp-json\/wp\/v2\/product_brand?post=2371"},{"taxonomy":"product_cat","embeddable":true,"href":"https:\/\/cosmoflag.com\/fi\/wp-json\/wp\/v2\/product_cat?post=2371"},{"taxonomy":"product_tag","embeddable":true,"href":"https:\/\/cosmoflag.com\/fi\/wp-json\/wp\/v2\/product_tag?post=2371"}],"curies":[{"name":"wp","href":"https:\/\/api.w.org\/{rel}","templated":true}]}}