{"id":2358,"date":"2024-12-14T23:13:00","date_gmt":"2024-12-14T21:13:00","guid":{"rendered":"https:\/\/cosmoflag.com\/?post_type=product&#038;p=2358"},"modified":"2025-08-12T21:23:28","modified_gmt":"2025-08-12T19:23:28","slug":"nato-lippu","status":"publish","type":"product","link":"https:\/\/cosmoflag.com\/fi\/tuote\/nato-lippu\/","title":{"rendered":"NATOn lippu"},"content":{"rendered":"<h3>NATOn lipun ominaisuudet<\/h3>\n<p>Nato-lippumme on valmistettu korkealaatuisesta polyesterist\u00e4, joten se soveltuu erinomaisesti pitk\u00e4aikaiseen k\u00e4ytt\u00f6\u00f6n sek\u00e4 sis\u00e4ll\u00e4 ett\u00e4 ulkona. Siin\u00e4 on metalliset l\u00e4piviennit, jotka helpottavat asennusta ja takaavat, ett\u00e4 se pysyy paikallaan my\u00f6s ep\u00e4suotuisissa s\u00e4\u00e4olosuhteissa. Lippumme on saatavana 90 x 150 cm\/35 x 59 tuumaa kokoisena maksimaalisen n\u00e4kyvyyden takaamiseksi, ja se sopii monenlaisiin tarpeisiin, halusitpa sitten n\u00e4ytt\u00e4\u00e4 sen tangossa tai sein\u00e4ll\u00e4.<\/p>\n<h3>Kansainv\u00e4lisesti merkitt\u00e4v\u00e4 symboli<\/h3>\n<p>Vuonna 1953 k\u00e4ytt\u00f6\u00f6n otetussa Naton lipussa on sininen tausta, jossa on valkoinen nelisakarainen t\u00e4htikompassi, joka osoittaa nelj\u00e4\u00e4n ilmansuuntaan. Sininen v\u00e4ri symboloi Pohjois-Atlantia, joka sitoo j\u00e4senmaat yhteen, ja kompassi edustaa n\u00e4iden maiden yhteist\u00e4 suuntaa kohti yhteist\u00e4 rauhaa ja turvallisuutta. Lippu on laajalti tunnustettu kansainv\u00e4lisen yhteisty\u00f6n ja yhteisen puolustuksen symboliksi.<\/p>\n<h3>Monipuolinen k\u00e4ytt\u00f6<\/h3>\n<p>Naton lippua k\u00e4ytet\u00e4\u00e4n virallisissa yhteyksiss\u00e4, seremonioissa ja kansainv\u00e4lisiss\u00e4 teht\u00e4viss\u00e4 edustamaan j\u00e4senmaiden yhten\u00e4isyytt\u00e4 ja sitoutumista keskin\u00e4iseen turvallisuuteen. Sen vankka muotoilu ja haalistumisen kest\u00e4v\u00e4t v\u00e4rit varmistavat, ett\u00e4 lippu s\u00e4ilytt\u00e4\u00e4 merkityksens\u00e4 ja visuaalisen vaikutuksensa ajan my\u00f6t\u00e4.<\/p>","protected":false},"excerpt":{"rendered":"<p>150 x 90 cm:n kokoinen lippu, jossa on 2 tukevaa metallista l\u00e4pivienti\u00e4 turvallista ripustusta varten.<\/p>","protected":false},"featured_media":1268,"comment_status":"open","ping_status":"closed","template":"","meta":{"_gspb_post_css":"","iawp_total_views":21},"product_brand":[],"product_cat":[68],"product_tag":[],"class_list":{"0":"post-2358","1":"product","2":"type-product","3":"status-publish","4":"has-post-thumbnail","6":"product_cat-official-flags","8":"first","9":"instock","10":"sale","11":"shipping-taxable","12":"purchasable","13":"product-type-simple"},"_links":{"self":[{"href":"https:\/\/cosmoflag.com\/fi\/wp-json\/wp\/v2\/product\/2358","targetHints":{"allow":["GET"]}}],"collection":[{"href":"https:\/\/cosmoflag.com\/fi\/wp-json\/wp\/v2\/product"}],"about":[{"href":"https:\/\/cosmoflag.com\/fi\/wp-json\/wp\/v2\/types\/product"}],"replies":[{"embeddable":true,"href":"https:\/\/cosmoflag.com\/fi\/wp-json\/wp\/v2\/comments?post=2358"}],"wp:featuredmedia":[{"embeddable":true,"href":"https:\/\/cosmoflag.com\/fi\/wp-json\/wp\/v2\/media\/1268"}],"wp:attachment":[{"href":"https:\/\/cosmoflag.com\/fi\/wp-json\/wp\/v2\/media?parent=2358"}],"wp:term":[{"taxonomy":"product_brand","embeddable":true,"href":"https:\/\/cosmoflag.com\/fi\/wp-json\/wp\/v2\/product_brand?post=2358"},{"taxonomy":"product_cat","embeddable":true,"href":"https:\/\/cosmoflag.com\/fi\/wp-json\/wp\/v2\/product_cat?post=2358"},{"taxonomy":"product_tag","embeddable":true,"href":"https:\/\/cosmoflag.com\/fi\/wp-json\/wp\/v2\/product_tag?post=2358"}],"curies":[{"name":"wp","href":"https:\/\/api.w.org\/{rel}","templated":true}]}}