{"id":2356,"date":"2024-12-14T23:06:00","date_gmt":"2024-12-14T21:06:00","guid":{"rendered":"https:\/\/cosmoflag.com\/?post_type=product&#038;p=2356"},"modified":"2026-03-02T18:06:31","modified_gmt":"2026-03-02T16:06:31","slug":"portugali-lippu","status":"publish","type":"product","link":"https:\/\/cosmoflag.com\/fi\/tuote\/portugali-lippu\/","title":{"rendered":"Portugalin lippu"},"content":{"rendered":"<h3>Portugalin lipun ominaisuudet<\/h3>\n<p>Portugali lippumme on valmistettu korkealaatuisesta polyesterist\u00e4, joten se sopii erinomaisesti kest\u00e4v\u00e4\u00e4n sis\u00e4- ja ulkok\u00e4ytt\u00f6\u00f6n. Siin\u00e4 on metalliset l\u00e4piviennit, jotka helpottavat asennusta ja takaavat turvallisen kiinnityksen my\u00f6s ep\u00e4suotuisissa s\u00e4\u00e4olosuhteissa. Saatavana 90 x 150 cm\/35 x 59 tuumaa suurimman n\u00e4kyvyyden takaamiseksi ja 60 x 90 cm pienempiin tiloihin, lippumme vastaa monenlaisia tarpeita, halusitpa sitten n\u00e4ytt\u00e4\u00e4 sen tangossa tai sein\u00e4ll\u00e4.<\/p>\n<h3>Kansallinen symboli, joka on t\u00e4ynn\u00e4 historiaa<\/h3>\n<p>Portugalin lippu, joka otettiin k\u00e4ytt\u00f6\u00f6n vuonna 1911 tasavallan perustamisen j\u00e4lkeen, koostuu kahdesta pystysuorasta kent\u00e4st\u00e4: lipputangon toisella puolella on vihre\u00e4 ja toisella puolella punainen. Vihre\u00e4 symbolisoi toivoa ja uudistumista, kun taas punainen edustaa rohkeutta ja kansakuntaa puolustaneiden vuodattamaa verta. Lipun keskell\u00e4 on kansallinen tunnus, joka koostuu kilvest\u00e4, jossa on viisi pient\u00e4 ristinmuotoista sinist\u00e4 kilpe\u00e4, jotka on itse asetettu ristin muotoon ja joita ymp\u00e4r\u00f6i seitsem\u00e4n pient\u00e4 tornia ja joiden yl\u00e4puolella on Portugalin meril\u00f6yt\u00f6j\u00e4 symboloiva armillary sphere.<\/p>\n<h3>Monipuolinen k\u00e4ytt\u00f6<\/h3>\n<p>Portugalin lippu sopii kaikkiin tilaisuuksiin, olipa kyse kansallisista juhlista, urheilutapahtumista, kulttuuritapahtumista tai koulutustarkoituksista. Sen vankka muotoilu ja haalistumisen kest\u00e4v\u00e4t v\u00e4rit takaavat, ett\u00e4 lippu s\u00e4ilytt\u00e4\u00e4 merkityksens\u00e4 ja visuaalisen vaikutuksensa ajan my\u00f6t\u00e4.<\/p>","protected":false},"excerpt":{"rendered":"<p>150 x 90 cm:n kokoinen lippu, jossa on 2 tukevaa metallista l\u00e4pivienti\u00e4 turvallista ripustusta varten.<\/p>","protected":false},"featured_media":2154,"comment_status":"open","ping_status":"closed","template":"","meta":{"_gspb_post_css":"","iawp_total_views":52},"product_brand":[],"product_cat":[65,58],"product_tag":[],"class_list":{"0":"post-2356","1":"product","2":"type-product","3":"status-publish","4":"has-post-thumbnail","6":"product_cat-europe-flags","7":"product_cat-country-flags","9":"first","10":"instock","11":"sale","12":"shipping-taxable","13":"purchasable","14":"product-type-simple"},"_links":{"self":[{"href":"https:\/\/cosmoflag.com\/fi\/wp-json\/wp\/v2\/product\/2356","targetHints":{"allow":["GET"]}}],"collection":[{"href":"https:\/\/cosmoflag.com\/fi\/wp-json\/wp\/v2\/product"}],"about":[{"href":"https:\/\/cosmoflag.com\/fi\/wp-json\/wp\/v2\/types\/product"}],"replies":[{"embeddable":true,"href":"https:\/\/cosmoflag.com\/fi\/wp-json\/wp\/v2\/comments?post=2356"}],"wp:featuredmedia":[{"embeddable":true,"href":"https:\/\/cosmoflag.com\/fi\/wp-json\/wp\/v2\/media\/2154"}],"wp:attachment":[{"href":"https:\/\/cosmoflag.com\/fi\/wp-json\/wp\/v2\/media?parent=2356"}],"wp:term":[{"taxonomy":"product_brand","embeddable":true,"href":"https:\/\/cosmoflag.com\/fi\/wp-json\/wp\/v2\/product_brand?post=2356"},{"taxonomy":"product_cat","embeddable":true,"href":"https:\/\/cosmoflag.com\/fi\/wp-json\/wp\/v2\/product_cat?post=2356"},{"taxonomy":"product_tag","embeddable":true,"href":"https:\/\/cosmoflag.com\/fi\/wp-json\/wp\/v2\/product_tag?post=2356"}],"curies":[{"name":"wp","href":"https:\/\/api.w.org\/{rel}","templated":true}]}}