{"id":2351,"date":"2024-12-14T22:47:00","date_gmt":"2024-12-14T20:47:00","guid":{"rendered":"https:\/\/cosmoflag.com\/?post_type=product&#038;p=2351"},"modified":"2025-08-12T21:23:33","modified_gmt":"2025-08-12T19:23:33","slug":"yhdistyneet-arabiemiirikunnat-lippu","status":"publish","type":"product","link":"https:\/\/cosmoflag.com\/fi\/tuote\/yhdistyneet-arabiemiirikunnat-lippu\/","title":{"rendered":"Yhdistyneiden arabiemiirikuntien lippu"},"content":{"rendered":"<h3>Arabiemiirikuntien lipun ominaisuudet<\/h3>\n<p>Yhdistyneet arabiemiirikunnat lippumme on valmistettu korkealaatuisesta polyesterist\u00e4, joten se soveltuu erinomaisesti pitk\u00e4aikaiseen k\u00e4ytt\u00f6\u00f6n niin sis\u00e4tiloissa kuin ulkonakin. Siin\u00e4 on metalliset l\u00e4piviennit, jotka helpottavat asennusta ja takaavat turvallisen kiinnityksen my\u00f6s ep\u00e4suotuisissa s\u00e4\u00e4olosuhteissa. Lippumme on saatavana 90 x 150 cm\/35 x 59 tuumaa kokoisena, jotta se n\u00e4kyy mahdollisimman hyvin, ja se sopii monenlaisiin tarpeisiin, halusitpa sitten n\u00e4ytt\u00e4\u00e4 sen tangossa tai sein\u00e4ll\u00e4.<\/p>\n<h3>Kansallinen symboli, joka on t\u00e4ynn\u00e4 historiaa<\/h3>\n<p>Arabiemiraattien lipussa, joka otettiin k\u00e4ytt\u00f6\u00f6n vuonna 1971, kun liittovaltio perustettiin, on kolme vihre\u00e4\u00e4, valkoista ja mustaa vaakasuoraa raitaa, ja pystysuora punainen raita lipputangossa. Jokaisella v\u00e4rill\u00e4 on syv\u00e4llinen merkitys, joka liittyy arabien kulttuurisiin ja historiallisiin piirteisiin: vihre\u00e4 symboloi hedelm\u00e4llisyytt\u00e4, valkoinen puolueettomuutta ja rauhaa, musta \u00f6ljyrikkautta ja punainen rohkeutta ja voimaa. Lippu edustaa paitsi seitsem\u00e4n emiirikunnan yhten\u00e4isyytt\u00e4 ja suvereniteettia my\u00f6s niiden yhteist\u00e4 arabi-identiteetti\u00e4.<\/p>\n<h3>Monipuolinen k\u00e4ytt\u00f6<\/h3>\n<p>Arabiemiirikuntien lippu sopii kaikkiin tilaisuuksiin, olipa kyse kansallisista juhlista, urheilutapahtumista, poliittisista mielenosoituksista tai koulutustarkoituksista. Sen vankka rakenne ja haalistumisen kest\u00e4v\u00e4t v\u00e4rit takaavat, ett\u00e4 lippu s\u00e4ilytt\u00e4\u00e4 merkityksens\u00e4 ja visuaalisen vaikutuksensa ajan my\u00f6t\u00e4.<\/p>","protected":false},"excerpt":{"rendered":"<p>150 x 90 cm:n kokoinen lippu, jossa on 2 tukevaa metallista l\u00e4pivienti\u00e4 turvallista ripustusta varten.<\/p>","protected":false},"featured_media":2227,"comment_status":"open","ping_status":"closed","template":"","meta":{"_gspb_post_css":"","iawp_total_views":18},"product_brand":[],"product_cat":[66,58],"product_tag":[],"class_list":{"0":"post-2351","1":"product","2":"type-product","3":"status-publish","4":"has-post-thumbnail","6":"product_cat-middle-east-flags","7":"product_cat-country-flags","9":"first","10":"instock","11":"sale","12":"shipping-taxable","13":"purchasable","14":"product-type-simple"},"_links":{"self":[{"href":"https:\/\/cosmoflag.com\/fi\/wp-json\/wp\/v2\/product\/2351","targetHints":{"allow":["GET"]}}],"collection":[{"href":"https:\/\/cosmoflag.com\/fi\/wp-json\/wp\/v2\/product"}],"about":[{"href":"https:\/\/cosmoflag.com\/fi\/wp-json\/wp\/v2\/types\/product"}],"replies":[{"embeddable":true,"href":"https:\/\/cosmoflag.com\/fi\/wp-json\/wp\/v2\/comments?post=2351"}],"wp:featuredmedia":[{"embeddable":true,"href":"https:\/\/cosmoflag.com\/fi\/wp-json\/wp\/v2\/media\/2227"}],"wp:attachment":[{"href":"https:\/\/cosmoflag.com\/fi\/wp-json\/wp\/v2\/media?parent=2351"}],"wp:term":[{"taxonomy":"product_brand","embeddable":true,"href":"https:\/\/cosmoflag.com\/fi\/wp-json\/wp\/v2\/product_brand?post=2351"},{"taxonomy":"product_cat","embeddable":true,"href":"https:\/\/cosmoflag.com\/fi\/wp-json\/wp\/v2\/product_cat?post=2351"},{"taxonomy":"product_tag","embeddable":true,"href":"https:\/\/cosmoflag.com\/fi\/wp-json\/wp\/v2\/product_tag?post=2351"}],"curies":[{"name":"wp","href":"https:\/\/api.w.org\/{rel}","templated":true}]}}