{"id":2350,"date":"2024-12-13T14:38:00","date_gmt":"2024-12-13T12:38:00","guid":{"rendered":"https:\/\/cosmoflag.com\/?post_type=product&#038;p=2350"},"modified":"2025-08-12T21:23:34","modified_gmt":"2025-08-12T19:23:34","slug":"filippiinit-lippu","status":"publish","type":"product","link":"https:\/\/cosmoflag.com\/fi\/tuote\/filippiinit-lippu\/","title":{"rendered":"Filippiinien lippu"},"content":{"rendered":"<h3><strong>Filippiinien lipun ominaisuudet<\/strong><\/h3>\n<p>Filippiinit lippumme on valmistettu korkealaatuisesta polyesterist\u00e4, joten se sopii erinomaisesti kest\u00e4v\u00e4\u00e4n k\u00e4ytt\u00f6\u00f6n sek\u00e4 sis\u00e4ll\u00e4 ett\u00e4 ulkona. Siin\u00e4 on metalliset l\u00e4piviennit, jotka helpottavat asennusta ja varmistavat, ett\u00e4 se pysyy tukevasti paikoillaan my\u00f6s ankarissa s\u00e4\u00e4olosuhteissa. Lippumme on saatavana kokoisena 90 x 150 cm\/35 x 59 tuumaa maksimaalisen n\u00e4kyvyyden takaamiseksi, ja se t\u00e4ytt\u00e4\u00e4 erilaiset tarpeet, halusitpa sitten n\u00e4ytt\u00e4\u00e4 sen tangossa tai sein\u00e4ll\u00e4.<\/p>\n<h3><strong>Historiallinen kansallinen symboli<\/strong><\/h3>\n<p>Filippiinien lippu on ainutlaatuinen, sill\u00e4 siin\u00e4 on kaksi vaakasuoraa sinist\u00e4 ja punaista raitaa sek\u00e4 valkoinen tasasivuinen kolmio, jonka nostokohdassa on kahdeksans\u00e4teinen kultainen aurinko ja kolme kultaista t\u00e4hte\u00e4 kolmion kummassakin k\u00e4rjess\u00e4. Sininen edustaa rauhaa ja oikeudenmukaisuutta, punainen rohkeutta ja uhrautumista ja valkoinen tasa-arvoa ja veljeytt\u00e4. Auringon kahdeksan s\u00e4dett\u00e4 edustavat kahdeksaa maakuntaa, jotka aloittivat vallankumouksen Espanjaa vastaan, ja kolme t\u00e4hte\u00e4 symboloivat Filippiinien kolmea p\u00e4\u00e4saarta: Luzon, Visayas ja Mindanao. T\u00e4m\u00e4 vuonna 1898 k\u00e4ytt\u00f6\u00f6n otettu lippu on syv\u00e4sti sidoksissa maan itsen\u00e4isyystaisteluun.<\/p>\n<h3><strong>Monipuolinen k\u00e4ytt\u00f6<\/strong><\/h3>\n<p>Filippiinien lippu sopii kaikkiin tilaisuuksiin, olipa kyse kansallisista juhlista, urheilutapahtumista, poliittisista mielenosoituksista tai koulutustarkoituksista. Sen vankka muotoilu ja haalistumisen kest\u00e4v\u00e4t v\u00e4rit takaavat, ett\u00e4 lippu s\u00e4ilytt\u00e4\u00e4 merkityksens\u00e4 ja visuaalisen vaikutuksensa ajan my\u00f6t\u00e4.<\/p>","protected":false},"excerpt":{"rendered":"<p>150 x 90 cm:n kokoinen lippu, jossa on 2 tukevaa metallista l\u00e4pivienti\u00e4 turvallista ripustusta varten.<\/p>","protected":false},"featured_media":2139,"comment_status":"open","ping_status":"closed","template":"","meta":{"_gspb_post_css":"","iawp_total_views":18},"product_brand":[],"product_cat":[64,58],"product_tag":[],"class_list":{"0":"post-2350","1":"product","2":"type-product","3":"status-publish","4":"has-post-thumbnail","6":"product_cat-asia-flags","7":"product_cat-country-flags","9":"first","10":"instock","11":"sale","12":"shipping-taxable","13":"purchasable","14":"product-type-simple"},"_links":{"self":[{"href":"https:\/\/cosmoflag.com\/fi\/wp-json\/wp\/v2\/product\/2350","targetHints":{"allow":["GET"]}}],"collection":[{"href":"https:\/\/cosmoflag.com\/fi\/wp-json\/wp\/v2\/product"}],"about":[{"href":"https:\/\/cosmoflag.com\/fi\/wp-json\/wp\/v2\/types\/product"}],"replies":[{"embeddable":true,"href":"https:\/\/cosmoflag.com\/fi\/wp-json\/wp\/v2\/comments?post=2350"}],"wp:featuredmedia":[{"embeddable":true,"href":"https:\/\/cosmoflag.com\/fi\/wp-json\/wp\/v2\/media\/2139"}],"wp:attachment":[{"href":"https:\/\/cosmoflag.com\/fi\/wp-json\/wp\/v2\/media?parent=2350"}],"wp:term":[{"taxonomy":"product_brand","embeddable":true,"href":"https:\/\/cosmoflag.com\/fi\/wp-json\/wp\/v2\/product_brand?post=2350"},{"taxonomy":"product_cat","embeddable":true,"href":"https:\/\/cosmoflag.com\/fi\/wp-json\/wp\/v2\/product_cat?post=2350"},{"taxonomy":"product_tag","embeddable":true,"href":"https:\/\/cosmoflag.com\/fi\/wp-json\/wp\/v2\/product_tag?post=2350"}],"curies":[{"name":"wp","href":"https:\/\/api.w.org\/{rel}","templated":true}]}}