{"id":2347,"date":"2024-12-13T14:18:00","date_gmt":"2024-12-13T12:18:00","guid":{"rendered":"https:\/\/cosmoflag.com\/?post_type=product&#038;p=2347"},"modified":"2025-08-12T21:23:35","modified_gmt":"2025-08-12T19:23:35","slug":"burgundin-risti-lippu","status":"publish","type":"product","link":"https:\/\/cosmoflag.com\/fi\/tuote\/burgundin-risti-lippu\/","title":{"rendered":"Burgundin risti Lippu"},"content":{"rendered":"<h3>Burgundin ristin lipun ominaisuudet<\/h3>\n<p>Cross of Burgundy -lippumme on valmistettu korkealaatuisesta polyesterist\u00e4, joten se soveltuu erinomaisesti pitk\u00e4aikaiseen k\u00e4ytt\u00f6\u00f6n sek\u00e4 sis\u00e4ll\u00e4 ett\u00e4 ulkona. Siin\u00e4 on metalliset l\u00e4piviennit helppoa asennusta varten, mik\u00e4 takaa, ett\u00e4 se pysyy paikallaan my\u00f6s ep\u00e4suotuisissa s\u00e4\u00e4olosuhteissa. Lippumme on saatavana 90 x 150 cm\/35 x 59 tuumaa kokoisena, jotta se olisi mahdollisimman hyvin n\u00e4kyviss\u00e4, ja se sopii monenlaisiin tarpeisiin, halusitpa sitten n\u00e4ytt\u00e4\u00e4 sen tangossa tai sein\u00e4ll\u00e4.<\/p>\n<h3>Historiallinen symboli, jolla on suuri merkitys<\/h3>\n<p>Burgundin risti, Burgundin herttuoiden 1400-luvulta l\u00e4htien k\u00e4ytt\u00e4m\u00e4 tunnus, tuli laajalti tunnetuksi, kun Espanjan kuningaskunnat ottivat sen k\u00e4ytt\u00f6\u00f6ns\u00e4, my\u00f6s Espanjan keisarikunnan aikana, jolloin sit\u00e4 k\u00e4ytettiin sotilaslippuihin ja -banderolliin. Kuvio koostuu valkoisella pohjalla olevasta punaisesta Pyh\u00e4n Andreaksen ristist\u00e4, jossa on usein liekkej\u00e4. Risti muistuttaa Pyh\u00e4n Andreaksen marttyyrikuolemasta, jonka sanotaan ristiinnaulitun X:n muotoisen ristin p\u00e4\u00e4ll\u00e4. Se symboloi historiallista taistelua ja uhrautumista.<\/p>\n<h3>Monipuolinen k\u00e4ytt\u00f6<\/h3>\n<p>T\u00e4t\u00e4 lippua k\u00e4ytet\u00e4\u00e4n usein historiallisissa yhteyksiss\u00e4, n\u00e4ytelmiss\u00e4 tai heraldisena symbolina. Sen vankka muotoilu ja haalistumisen kest\u00e4v\u00e4t v\u00e4rit takaavat, ett\u00e4 lippu s\u00e4ilytt\u00e4\u00e4 merkityksens\u00e4 ja visuaalisen vaikutuksensa ajan my\u00f6t\u00e4.<\/p>","protected":false},"excerpt":{"rendered":"<p>150 x 90 cm:n kokoinen lippu, jossa on 2 tukevaa metallista l\u00e4pivienti\u00e4 turvallista ripustusta varten.<\/p>","protected":false},"featured_media":1056,"comment_status":"open","ping_status":"closed","template":"","meta":{"_gspb_post_css":"","iawp_total_views":8},"product_brand":[],"product_cat":[15,69],"product_tag":[],"class_list":{"0":"post-2347","1":"product","2":"type-product","3":"status-publish","4":"has-post-thumbnail","6":"product_cat-other","7":"product_cat-historical-flags","9":"first","10":"instock","11":"sale","12":"shipping-taxable","13":"purchasable","14":"product-type-simple"},"_links":{"self":[{"href":"https:\/\/cosmoflag.com\/fi\/wp-json\/wp\/v2\/product\/2347","targetHints":{"allow":["GET"]}}],"collection":[{"href":"https:\/\/cosmoflag.com\/fi\/wp-json\/wp\/v2\/product"}],"about":[{"href":"https:\/\/cosmoflag.com\/fi\/wp-json\/wp\/v2\/types\/product"}],"replies":[{"embeddable":true,"href":"https:\/\/cosmoflag.com\/fi\/wp-json\/wp\/v2\/comments?post=2347"}],"wp:featuredmedia":[{"embeddable":true,"href":"https:\/\/cosmoflag.com\/fi\/wp-json\/wp\/v2\/media\/1056"}],"wp:attachment":[{"href":"https:\/\/cosmoflag.com\/fi\/wp-json\/wp\/v2\/media?parent=2347"}],"wp:term":[{"taxonomy":"product_brand","embeddable":true,"href":"https:\/\/cosmoflag.com\/fi\/wp-json\/wp\/v2\/product_brand?post=2347"},{"taxonomy":"product_cat","embeddable":true,"href":"https:\/\/cosmoflag.com\/fi\/wp-json\/wp\/v2\/product_cat?post=2347"},{"taxonomy":"product_tag","embeddable":true,"href":"https:\/\/cosmoflag.com\/fi\/wp-json\/wp\/v2\/product_tag?post=2347"}],"curies":[{"name":"wp","href":"https:\/\/api.w.org\/{rel}","templated":true}]}}