{"id":2341,"date":"2024-12-13T13:48:00","date_gmt":"2024-12-13T11:48:00","guid":{"rendered":"https:\/\/cosmoflag.com\/?post_type=product&#038;p=2341"},"modified":"2025-08-12T21:23:36","modified_gmt":"2025-08-12T19:23:36","slug":"malesia-lippu","status":"publish","type":"product","link":"https:\/\/cosmoflag.com\/fi\/tuote\/malesia-lippu\/","title":{"rendered":"Malesian lippu"},"content":{"rendered":"<h3>Malesia lipun ominaisuudet<\/h3>\n<p>Malesia lippumme on valmistettu korkealaatuisesta polyesterist\u00e4, joten se sopii erinomaisesti pitk\u00e4aikaiseen k\u00e4ytt\u00f6\u00f6n sek\u00e4 sis\u00e4ll\u00e4 ett\u00e4 ulkona. Siin\u00e4 on metalliset l\u00e4piviennit helppoa asennusta ja taattua pitoa varten, my\u00f6s ep\u00e4suotuisissa s\u00e4\u00e4olosuhteissa. Lippumme on saatavana 90 x 150 cm\/35 x 59 tuumaa kokoisena maksimaalisen n\u00e4kyvyyden takaamiseksi, ja se sopii monenlaisiin tarpeisiin, halusitpa sitten n\u00e4ytt\u00e4\u00e4 sen tangossa tai sein\u00e4ll\u00e4.<\/p>\n<h3>Kansallinen symboli, joka on t\u00e4ynn\u00e4 historiaa<\/h3>\n<p>Malesian lipussa, joka tunnetaan my\u00f6s nimell\u00e4 \u201cJalur Gemilang\u201d (kunnian raidat), on nelj\u00e4toista punaista ja valkoista vaakasuoraa raitaa, jotka edustavat kolmetoista j\u00e4senvaltiota ja liittovaltion hallitusta. Vasemmassa yl\u00e4kulmassa oleva sininen kantoni symboloi Malesian kansojen yhten\u00e4isyytt\u00e4, ja siin\u00e4 on nelj\u00e4toistakertainen keltainen t\u00e4hti, joka kuvastaa samoja kokonaisuuksia kuin raidat. Keltainen on Malesian kuninkaallinen v\u00e4ri. Vuonna 1950 k\u00e4ytt\u00f6\u00f6n otettu lippu symboloi toivoa, rohkeutta ja kunnioitusta, ja sen muotoilu on saanut vaikutteita Yhdysvaltojen lipusta.<\/p>\n<h3>Monipuolinen k\u00e4ytt\u00f6<\/h3>\n<p>Malesian lippu sopii kaikkiin tilaisuuksiin, olipa kyse kansallisista juhlista, urheilutapahtumista, poliittisista mielenosoituksista tai koulutustarkoituksista. Sen vankka muotoilu ja haalistumisen kest\u00e4v\u00e4t v\u00e4rit takaavat, ett\u00e4 lippu s\u00e4ilytt\u00e4\u00e4 merkityksens\u00e4 ja visuaalisen vaikutuksensa ajan my\u00f6t\u00e4.<\/p>","protected":false},"excerpt":{"rendered":"<p>150 x 90 cm:n kokoinen lippu, jossa on 2 tukevaa metallista l\u00e4pivienti\u00e4 turvallista ripustusta varten.<\/p>","protected":false},"featured_media":2055,"comment_status":"open","ping_status":"closed","template":"","meta":{"_gspb_post_css":"","iawp_total_views":7},"product_brand":[],"product_cat":[64,58],"product_tag":[],"class_list":{"0":"post-2341","1":"product","2":"type-product","3":"status-publish","4":"has-post-thumbnail","6":"product_cat-asia-flags","7":"product_cat-country-flags","9":"first","10":"instock","11":"sale","12":"shipping-taxable","13":"purchasable","14":"product-type-simple"},"_links":{"self":[{"href":"https:\/\/cosmoflag.com\/fi\/wp-json\/wp\/v2\/product\/2341","targetHints":{"allow":["GET"]}}],"collection":[{"href":"https:\/\/cosmoflag.com\/fi\/wp-json\/wp\/v2\/product"}],"about":[{"href":"https:\/\/cosmoflag.com\/fi\/wp-json\/wp\/v2\/types\/product"}],"replies":[{"embeddable":true,"href":"https:\/\/cosmoflag.com\/fi\/wp-json\/wp\/v2\/comments?post=2341"}],"wp:featuredmedia":[{"embeddable":true,"href":"https:\/\/cosmoflag.com\/fi\/wp-json\/wp\/v2\/media\/2055"}],"wp:attachment":[{"href":"https:\/\/cosmoflag.com\/fi\/wp-json\/wp\/v2\/media?parent=2341"}],"wp:term":[{"taxonomy":"product_brand","embeddable":true,"href":"https:\/\/cosmoflag.com\/fi\/wp-json\/wp\/v2\/product_brand?post=2341"},{"taxonomy":"product_cat","embeddable":true,"href":"https:\/\/cosmoflag.com\/fi\/wp-json\/wp\/v2\/product_cat?post=2341"},{"taxonomy":"product_tag","embeddable":true,"href":"https:\/\/cosmoflag.com\/fi\/wp-json\/wp\/v2\/product_tag?post=2341"}],"curies":[{"name":"wp","href":"https:\/\/api.w.org\/{rel}","templated":true}]}}