{"id":2339,"date":"2024-12-13T13:41:00","date_gmt":"2024-12-13T11:41:00","guid":{"rendered":"https:\/\/cosmoflag.com\/?post_type=product&#038;p=2339"},"modified":"2025-11-30T23:47:10","modified_gmt":"2025-11-30T21:47:10","slug":"ecuador-lippu","status":"publish","type":"product","link":"https:\/\/cosmoflag.com\/fi\/tuote\/ecuador-lippu\/","title":{"rendered":"Ecuadorin lippu"},"content":{"rendered":"<h3>Ecuador lipun ominaisuudet<\/h3>\n<p>Ecuador lippumme on valmistettu korkealaatuisesta polyesterist\u00e4, joten se soveltuu erinomaisesti pitk\u00e4aikaiseen k\u00e4ytt\u00f6\u00f6n sek\u00e4 sis\u00e4ll\u00e4 ett\u00e4 ulkona. Siin\u00e4 on metalliset l\u00e4piviennit helppoa asennusta ja taattua pitoa varten, my\u00f6s ep\u00e4suotuisissa s\u00e4\u00e4olosuhteissa. Lippumme on saatavana 90 x 150 cm\/35 x 59 tuumaa kokoisena maksimaalisen n\u00e4kyvyyden takaamiseksi, ja se sopii monenlaisiin tarpeisiin, halusitpa sitten n\u00e4ytt\u00e4\u00e4 sen tangossa tai sein\u00e4ll\u00e4.<\/p>\n<h3>Kansallinen symboli, joka on t\u00e4ynn\u00e4 historiaa<\/h3>\n<p>Ecuadorin lippu koostuu kolmesta vaakasuorasta raidasta: keltainen ylh\u00e4\u00e4ll\u00e4, sininen keskell\u00e4 ja punainen alhaalla. Keltainen raita on leve\u00e4mpi kuin kaksi muuta. Lipun keskell\u00e4 on my\u00f6s Ecuadorin vaakuna, joka lis\u00e4\u00e4 maan historiaa ja arvoja kuvaavan symbolisen yksityiskohdan. Vuonna 1860 k\u00e4ytt\u00f6\u00f6n otetun lipun v\u00e4reill\u00e4 on erityisi\u00e4 merkityksi\u00e4: keltainen edustaa kultaa, rikkautta ja Ecuadorin maan hedelm\u00e4llisyytt\u00e4, sininen symboloi merta ja kirkasta taivasta, ja punainen muistuttaa itsen\u00e4isyyden puolesta vuodatetusta verest\u00e4. Lippu ei ole vain koriste, vaan se ilment\u00e4\u00e4 Ecuadorin kansakunnan yhten\u00e4isyytt\u00e4, arvokkuutta ja suvereniteettia.<\/p>\n<h3>Monipuolinen k\u00e4ytt\u00f6<\/h3>\n<p>Ecuadorin lippu sopii kaikkiin tilaisuuksiin, olipa kyse kansallisista juhlista, kulttuuritapahtumista, urheilutapahtumista tai koulutustarkoituksista. Sen vankka muotoilu ja haalistumisen kest\u00e4v\u00e4t v\u00e4rit takaavat, ett\u00e4 lippu s\u00e4ilytt\u00e4\u00e4 merkityksens\u00e4 ja visuaalisen vaikutuksensa ajan my\u00f6t\u00e4.<\/p>","protected":false},"excerpt":{"rendered":"<p>150 x 90 cm:n kokoinen lippu, jossa on 2 tukevaa metallista l\u00e4pivienti\u00e4 turvallista ripustusta varten.<\/p>","protected":false},"featured_media":1876,"comment_status":"open","ping_status":"closed","template":"","meta":{"_gspb_post_css":"","iawp_total_views":6},"product_brand":[],"product_cat":[58,63],"product_tag":[],"class_list":{"0":"post-2339","1":"product","2":"type-product","3":"status-publish","4":"has-post-thumbnail","6":"product_cat-country-flags","7":"product_cat-south-america-flag","9":"first","10":"instock","11":"sale","12":"shipping-taxable","13":"purchasable","14":"product-type-simple"},"_links":{"self":[{"href":"https:\/\/cosmoflag.com\/fi\/wp-json\/wp\/v2\/product\/2339","targetHints":{"allow":["GET"]}}],"collection":[{"href":"https:\/\/cosmoflag.com\/fi\/wp-json\/wp\/v2\/product"}],"about":[{"href":"https:\/\/cosmoflag.com\/fi\/wp-json\/wp\/v2\/types\/product"}],"replies":[{"embeddable":true,"href":"https:\/\/cosmoflag.com\/fi\/wp-json\/wp\/v2\/comments?post=2339"}],"wp:featuredmedia":[{"embeddable":true,"href":"https:\/\/cosmoflag.com\/fi\/wp-json\/wp\/v2\/media\/1876"}],"wp:attachment":[{"href":"https:\/\/cosmoflag.com\/fi\/wp-json\/wp\/v2\/media?parent=2339"}],"wp:term":[{"taxonomy":"product_brand","embeddable":true,"href":"https:\/\/cosmoflag.com\/fi\/wp-json\/wp\/v2\/product_brand?post=2339"},{"taxonomy":"product_cat","embeddable":true,"href":"https:\/\/cosmoflag.com\/fi\/wp-json\/wp\/v2\/product_cat?post=2339"},{"taxonomy":"product_tag","embeddable":true,"href":"https:\/\/cosmoflag.com\/fi\/wp-json\/wp\/v2\/product_tag?post=2339"}],"curies":[{"name":"wp","href":"https:\/\/api.w.org\/{rel}","templated":true}]}}