{"id":2335,"date":"2024-12-12T23:34:00","date_gmt":"2024-12-12T21:34:00","guid":{"rendered":"https:\/\/cosmoflag.com\/?post_type=product&#038;p=2335"},"modified":"2025-11-30T23:47:11","modified_gmt":"2025-11-30T21:47:11","slug":"armenia-lippu","status":"publish","type":"product","link":"https:\/\/cosmoflag.com\/fi\/tuote\/armenia-lippu\/","title":{"rendered":"Armenian lippu"},"content":{"rendered":"<h3><strong>Armenian lipun ominaisuudet<\/strong><\/h3>\n<p>Armenia lippumme on valmistettu korkealaatuisesta polyesterist\u00e4, joten se soveltuu erinomaisesti kest\u00e4v\u00e4\u00e4n k\u00e4ytt\u00f6\u00f6n sek\u00e4 sis\u00e4ll\u00e4 ett\u00e4 ulkona. Siin\u00e4 on metalliset l\u00e4piviennit, jotka helpottavat asennusta ja varmistavat, ett\u00e4 se pysyy tukevasti paikoillaan my\u00f6s ankarissa s\u00e4\u00e4olosuhteissa. Lippumme on saatavana kokoisena 90 x 150 cm\/35 x 59 tuumaa maksimaalisen n\u00e4kyvyyden takaamiseksi, ja se t\u00e4ytt\u00e4\u00e4 erilaiset tarpeet, halusitpa sitten n\u00e4ytt\u00e4\u00e4 sen tangossa tai sein\u00e4ll\u00e4.<\/p>\n<h3><strong>Kansallinen symboli, jolla on rikas historia<\/strong><\/h3>\n<p>Armenian lippu, joka koostuu kolmesta vaakasuorasta punaisesta, sinisest\u00e4 ja oranssista raidasta, on paljon muutakin kuin pelkk\u00e4 kansallinen lippu. Se otettiin k\u00e4ytt\u00f6\u00f6n vuonna 1990, juuri ennen maan itsen\u00e4istymist\u00e4 Neuvostoliitosta, ja jokaisella v\u00e4rill\u00e4 on syv\u00e4 merkitys: punainen symboloi itsen\u00e4isyyden ja kristinuskon s\u00e4ilytt\u00e4misen puolesta vuodatettua verta, sininen Armenian kansan halua el\u00e4\u00e4 rauhallisen taivaan alla ja oranssi kansan luovuutta ja ahkeruutta. T\u00e4m\u00e4 lippu ei ole vain koriste, vaan se ilment\u00e4\u00e4 Armenian kansan pyrkimyksi\u00e4, rohkeutta ja ylpeytt\u00e4.<\/p>\n<h3><strong>Monipuolinen k\u00e4ytt\u00f6<\/strong><\/h3>\n<p>Armenian lippu sopii kaikkiin tilaisuuksiin, olipa kyse sitten kansallisista juhlista, kulttuuritapahtumista, urheilutapahtumista tai koulutustarkoituksista. Sen vankka muotoilu ja haalistumisen kest\u00e4v\u00e4t v\u00e4rit takaavat, ett\u00e4 lippu s\u00e4ilytt\u00e4\u00e4 merkityksens\u00e4 ja visuaalisen vaikutuksensa ajan my\u00f6t\u00e4.<\/p>","protected":false},"excerpt":{"rendered":"<p>150 x 90 cm:n kokoinen lippu, jossa on 2 tukevaa metallista l\u00e4pivienti\u00e4 turvallista ripustusta varten.<\/p>","protected":false},"featured_media":1812,"comment_status":"open","ping_status":"closed","template":"","meta":{"_gspb_post_css":"","iawp_total_views":3},"product_brand":[],"product_cat":[66],"product_tag":[],"class_list":{"0":"post-2335","1":"product","2":"type-product","3":"status-publish","4":"has-post-thumbnail","6":"product_cat-middle-east-flags","8":"first","9":"instock","10":"sale","11":"shipping-taxable","12":"purchasable","13":"product-type-simple"},"_links":{"self":[{"href":"https:\/\/cosmoflag.com\/fi\/wp-json\/wp\/v2\/product\/2335","targetHints":{"allow":["GET"]}}],"collection":[{"href":"https:\/\/cosmoflag.com\/fi\/wp-json\/wp\/v2\/product"}],"about":[{"href":"https:\/\/cosmoflag.com\/fi\/wp-json\/wp\/v2\/types\/product"}],"replies":[{"embeddable":true,"href":"https:\/\/cosmoflag.com\/fi\/wp-json\/wp\/v2\/comments?post=2335"}],"wp:featuredmedia":[{"embeddable":true,"href":"https:\/\/cosmoflag.com\/fi\/wp-json\/wp\/v2\/media\/1812"}],"wp:attachment":[{"href":"https:\/\/cosmoflag.com\/fi\/wp-json\/wp\/v2\/media?parent=2335"}],"wp:term":[{"taxonomy":"product_brand","embeddable":true,"href":"https:\/\/cosmoflag.com\/fi\/wp-json\/wp\/v2\/product_brand?post=2335"},{"taxonomy":"product_cat","embeddable":true,"href":"https:\/\/cosmoflag.com\/fi\/wp-json\/wp\/v2\/product_cat?post=2335"},{"taxonomy":"product_tag","embeddable":true,"href":"https:\/\/cosmoflag.com\/fi\/wp-json\/wp\/v2\/product_tag?post=2335"}],"curies":[{"name":"wp","href":"https:\/\/api.w.org\/{rel}","templated":true}]}}