{"id":2334,"date":"2024-12-12T23:30:00","date_gmt":"2024-12-12T21:30:00","guid":{"rendered":"https:\/\/cosmoflag.com\/?post_type=product&#038;p=2334"},"modified":"2025-08-12T21:23:38","modified_gmt":"2025-08-12T19:23:38","slug":"ukraina-lippu","status":"publish","type":"product","link":"https:\/\/cosmoflag.com\/fi\/tuote\/ukraina-lippu\/","title":{"rendered":"Ukrainan lippu"},"content":{"rendered":"<h3>Ukrainan lipun ominaisuudet<\/h3>\n<p>Ukraina lippumme on valmistettu korkealaatuisesta polyesterist\u00e4, joten se soveltuu erinomaisesti pitk\u00e4aikaiseen k\u00e4ytt\u00f6\u00f6n sek\u00e4 sis\u00e4ll\u00e4 ett\u00e4 ulkona. Siin\u00e4 on metalliset l\u00e4piviennit helppoa asennusta ja taattua pitoa varten, jopa ep\u00e4suotuisissa s\u00e4\u00e4olosuhteissa. Lippumme on saatavana 90 x 150 cm\/35 x 59 tuumaa, jotta se n\u00e4kyy mahdollisimman hyvin pieniss\u00e4 tiloissa, ja se sopii monenlaisiin tarpeisiin, halusitpa sitten n\u00e4ytt\u00e4\u00e4 sen tangossa tai sein\u00e4ll\u00e4.<\/p>\n<h3>Kansallinen symboli, joka on t\u00e4ynn\u00e4 historiaa<\/h3>\n<p>Ukrainan lippu muodostuu kahdesta yht\u00e4 suuresta vaakasuorasta raidasta, joiden yl\u00e4osa on sininen ja alaosa keltainen. N\u00e4m\u00e4 v\u00e4rit kuvastavat laajoja kultaisia vehn\u00e4peltoja sinisen taivaan alla, mik\u00e4 on tyypillist\u00e4 Ukrainalle, joka on yksi maailman suurimmista viljanviejist\u00e4. Lippu otettiin k\u00e4ytt\u00f6\u00f6n vuonna 1992 maan itsen\u00e4istymisen j\u00e4lkeen, ja se symboloi rauhaa (sininen) ja vaurautta (keltainen). Se on voimakas muistutus Ukrainan kansallisesta identiteetist\u00e4 ja ylpeydest\u00e4.<\/p>\n<h3>Monipuolinen k\u00e4ytt\u00f6<\/h3>\n<p>Ukrainan lippu sopii kaikkiin tilaisuuksiin, olipa kyse kansallisista juhlista, urheilutapahtumista, poliittisista mielenosoituksista tai koulutustarkoituksista. Sen vankka muotoilu ja haalistumisen kest\u00e4v\u00e4t v\u00e4rit takaavat, ett\u00e4 lippu s\u00e4ilytt\u00e4\u00e4 merkityksens\u00e4 ja visuaalisen vaikutuksensa ajan my\u00f6t\u00e4.<\/p>","protected":false},"excerpt":{"rendered":"<p>150 x 90 cm:n kokoinen lippu, jossa on 2 tukevaa metallista l\u00e4pivienti\u00e4 turvallista ripustusta varten.<\/p>","protected":false},"featured_media":2220,"comment_status":"open","ping_status":"closed","template":"","meta":{"_gspb_post_css":"","iawp_total_views":15},"product_brand":[],"product_cat":[65],"product_tag":[],"class_list":{"0":"post-2334","1":"product","2":"type-product","3":"status-publish","4":"has-post-thumbnail","6":"product_cat-europe-flags","8":"first","9":"instock","10":"sale","11":"shipping-taxable","12":"purchasable","13":"product-type-simple"},"_links":{"self":[{"href":"https:\/\/cosmoflag.com\/fi\/wp-json\/wp\/v2\/product\/2334","targetHints":{"allow":["GET"]}}],"collection":[{"href":"https:\/\/cosmoflag.com\/fi\/wp-json\/wp\/v2\/product"}],"about":[{"href":"https:\/\/cosmoflag.com\/fi\/wp-json\/wp\/v2\/types\/product"}],"replies":[{"embeddable":true,"href":"https:\/\/cosmoflag.com\/fi\/wp-json\/wp\/v2\/comments?post=2334"}],"wp:featuredmedia":[{"embeddable":true,"href":"https:\/\/cosmoflag.com\/fi\/wp-json\/wp\/v2\/media\/2220"}],"wp:attachment":[{"href":"https:\/\/cosmoflag.com\/fi\/wp-json\/wp\/v2\/media?parent=2334"}],"wp:term":[{"taxonomy":"product_brand","embeddable":true,"href":"https:\/\/cosmoflag.com\/fi\/wp-json\/wp\/v2\/product_brand?post=2334"},{"taxonomy":"product_cat","embeddable":true,"href":"https:\/\/cosmoflag.com\/fi\/wp-json\/wp\/v2\/product_cat?post=2334"},{"taxonomy":"product_tag","embeddable":true,"href":"https:\/\/cosmoflag.com\/fi\/wp-json\/wp\/v2\/product_tag?post=2334"}],"curies":[{"name":"wp","href":"https:\/\/api.w.org\/{rel}","templated":true}]}}