{"id":2332,"date":"2024-12-12T23:18:00","date_gmt":"2024-12-12T21:18:00","guid":{"rendered":"https:\/\/cosmoflag.com\/?post_type=product&#038;p=2332"},"modified":"2025-08-12T21:23:41","modified_gmt":"2025-08-12T19:23:41","slug":"feministinen-lesbo-lippu","status":"publish","type":"product","link":"https:\/\/cosmoflag.com\/fi\/tuote\/feministinen-lesbo-lippu\/","title":{"rendered":"Feministinen lesbo lippu"},"content":{"rendered":"<h3><strong>Feministisen lesbolippukunnan ominaisuudet<\/strong><\/h3>\n<p>Feministinen lesbolippumme on valmistettu korkealaatuisesta polyesterist\u00e4, joten se sopii kest\u00e4v\u00e4\u00e4n k\u00e4ytt\u00f6\u00f6n sek\u00e4 sis\u00e4ll\u00e4 ett\u00e4 ulkona. Siin\u00e4 on metalliset l\u00e4piviennit, jotka helpottavat asennusta ja varmistavat, ett\u00e4 se pysyy tukevasti paikoillaan my\u00f6s ankarissa s\u00e4\u00e4olosuhteissa. Lippumme on saatavana 90 x 150 cm\/35 x 59 tuumaa kokoisena maksimaalisen n\u00e4kyvyyden takaamiseksi, ja se t\u00e4ytt\u00e4\u00e4 erilaiset tarpeet, halusitpa sitten n\u00e4ytt\u00e4\u00e4 sen tangossa tai sein\u00e4ll\u00e4.<\/p>\n<h3><strong>Kansallinen symboli, jolla on rikas historia<\/strong><\/h3>\n<p>Lipun keskeisen\u00e4 symbolina on musta labrys violetilla pohjalla. Labrys on feministisen ja lesboyhteis\u00f6n historiallinen symboli, joka muistuttaa voimasta, itsen\u00e4isyydest\u00e4 ja solidaarisuudesta. Violetti tausta heijastaa feministiliikkeen v\u00e4rej\u00e4 ja vahvistaa yhteis\u00f6n identiteetti\u00e4 ja yhten\u00e4isyytt\u00e4.<\/p>\n<h3><strong>Monipuolinen k\u00e4ytt\u00f6<\/strong><\/h3>\n<p>Feministinen lesbolippu sopii kaikkiin tilaisuuksiin, olipa kyse sitten ylpeyden juhlista, feministisist\u00e4 kokoontumisista, kulttuuritapahtumista tai koulutustarkoituksista. Sen vankka muotoilu ja haalistumisen kest\u00e4v\u00e4t v\u00e4rit takaavat, ett\u00e4 lippu s\u00e4ilytt\u00e4\u00e4 merkityksens\u00e4 ja visuaalisen vaikutuksensa ajan my\u00f6t\u00e4.<\/p>","protected":false},"excerpt":{"rendered":"<p>150 x 90 cm:n kokoinen lippu, jossa on 2 tukevaa metallista l\u00e4pivienti\u00e4 turvallista ripustusta varten.<\/p>","protected":false},"featured_media":1200,"comment_status":"open","ping_status":"closed","template":"","meta":{"_gspb_post_css":"","iawp_total_views":15},"product_brand":[],"product_cat":[57],"product_tag":[],"class_list":{"0":"post-2332","1":"product","2":"type-product","3":"status-publish","4":"has-post-thumbnail","6":"product_cat-lgbt-flags","8":"first","9":"instock","10":"sale","11":"shipping-taxable","12":"purchasable","13":"product-type-simple"},"_links":{"self":[{"href":"https:\/\/cosmoflag.com\/fi\/wp-json\/wp\/v2\/product\/2332","targetHints":{"allow":["GET"]}}],"collection":[{"href":"https:\/\/cosmoflag.com\/fi\/wp-json\/wp\/v2\/product"}],"about":[{"href":"https:\/\/cosmoflag.com\/fi\/wp-json\/wp\/v2\/types\/product"}],"replies":[{"embeddable":true,"href":"https:\/\/cosmoflag.com\/fi\/wp-json\/wp\/v2\/comments?post=2332"}],"wp:featuredmedia":[{"embeddable":true,"href":"https:\/\/cosmoflag.com\/fi\/wp-json\/wp\/v2\/media\/1200"}],"wp:attachment":[{"href":"https:\/\/cosmoflag.com\/fi\/wp-json\/wp\/v2\/media?parent=2332"}],"wp:term":[{"taxonomy":"product_brand","embeddable":true,"href":"https:\/\/cosmoflag.com\/fi\/wp-json\/wp\/v2\/product_brand?post=2332"},{"taxonomy":"product_cat","embeddable":true,"href":"https:\/\/cosmoflag.com\/fi\/wp-json\/wp\/v2\/product_cat?post=2332"},{"taxonomy":"product_tag","embeddable":true,"href":"https:\/\/cosmoflag.com\/fi\/wp-json\/wp\/v2\/product_tag?post=2332"}],"curies":[{"name":"wp","href":"https:\/\/api.w.org\/{rel}","templated":true}]}}