{"id":2331,"date":"2024-12-12T23:09:00","date_gmt":"2024-12-12T21:09:00","guid":{"rendered":"https:\/\/cosmoflag.com\/?post_type=product&#038;p=2331"},"modified":"2025-08-12T21:23:41","modified_gmt":"2025-08-12T19:23:41","slug":"agender-lippu","status":"publish","type":"product","link":"https:\/\/cosmoflag.com\/fi\/tuote\/agender-lippu\/","title":{"rendered":"Agender lippu"},"content":{"rendered":"<h3><strong>Agender-lippukunnan ominaisuudet<\/strong><\/h3>\n<p>Agender-lippumme on valmistettu korkealaatuisesta polyesterist\u00e4, joten se on ihanteellinen pitk\u00e4ik\u00e4iseen k\u00e4ytt\u00f6\u00f6n niin sis\u00e4ll\u00e4 kuin ulkona. Siin\u00e4 on metalliset l\u00e4piviennit helppoa asennusta varten, ja se takaa, ett\u00e4 se kest\u00e4\u00e4 my\u00f6s ankarissa s\u00e4\u00e4olosuhteissa. Lippumme on saatavana 90 x 150 cm\/35 x 59 tuumaa kokoisena, jotta se olisi mahdollisimman hyvin n\u00e4kyviss\u00e4, ja se vastaa monenlaisia tarpeita, halusitpa sitten asettaa sen esille tolppaan tai sein\u00e4lle.<\/p>\n<h3><strong>Kansallinen symboli, jolla on rikas historia<\/strong><\/h3>\n<p>Agender-lipussa on vaakasuoria raitoja mustan, harmaan, valkoisen ja vaaleanvihre\u00e4n v\u00e4risin\u00e4. Musta ja harmaa v\u00e4ri edustavat sukupuolen ja demisukupuolen puuttumista, kun taas valkoinen v\u00e4ri symboloi ei-bin\u00e4\u00e4rist\u00e4 sukupuoli-identiteetti\u00e4. Vaaleanvihre\u00e4 on agenderin v\u00e4ri, joka edustaa perinteisen sukupuolen spektrin ulkopuolelle j\u00e4\u00e4vi\u00e4 henkil\u00f6it\u00e4.<\/p>\n<h3><strong>Monipuolinen k\u00e4ytt\u00f6<\/strong><\/h3>\n<p>Agender-lippu sopii erinomaisesti sukupuolen moninaisuuden juhlistamiseen, yhteis\u00f6n kokoontumisiin, kulttuuritapahtumiin tai koulutusv\u00e4lineeksi. Se sopii kaikkiin tilaisuuksiin. Sen kest\u00e4v\u00e4 muotoilu ja haalistumisen kest\u00e4v\u00e4t v\u00e4rit takaavat, ett\u00e4 lippu s\u00e4ilytt\u00e4\u00e4 merkityksens\u00e4 ja visuaalisen vaikutuksensa ajan my\u00f6t\u00e4.<\/p>","protected":false},"excerpt":{"rendered":"<p>150 x 90 cm:n kokoinen lippu, jossa on 2 tukevaa metallista l\u00e4pivienti\u00e4 turvallista ripustusta varten.<\/p>","protected":false},"featured_media":957,"comment_status":"open","ping_status":"closed","template":"","meta":{"_gspb_post_css":"","iawp_total_views":8},"product_brand":[],"product_cat":[57],"product_tag":[],"class_list":{"0":"post-2331","1":"product","2":"type-product","3":"status-publish","4":"has-post-thumbnail","6":"product_cat-lgbt-flags","8":"first","9":"instock","10":"sale","11":"shipping-taxable","12":"purchasable","13":"product-type-simple"},"_links":{"self":[{"href":"https:\/\/cosmoflag.com\/fi\/wp-json\/wp\/v2\/product\/2331","targetHints":{"allow":["GET"]}}],"collection":[{"href":"https:\/\/cosmoflag.com\/fi\/wp-json\/wp\/v2\/product"}],"about":[{"href":"https:\/\/cosmoflag.com\/fi\/wp-json\/wp\/v2\/types\/product"}],"replies":[{"embeddable":true,"href":"https:\/\/cosmoflag.com\/fi\/wp-json\/wp\/v2\/comments?post=2331"}],"wp:featuredmedia":[{"embeddable":true,"href":"https:\/\/cosmoflag.com\/fi\/wp-json\/wp\/v2\/media\/957"}],"wp:attachment":[{"href":"https:\/\/cosmoflag.com\/fi\/wp-json\/wp\/v2\/media?parent=2331"}],"wp:term":[{"taxonomy":"product_brand","embeddable":true,"href":"https:\/\/cosmoflag.com\/fi\/wp-json\/wp\/v2\/product_brand?post=2331"},{"taxonomy":"product_cat","embeddable":true,"href":"https:\/\/cosmoflag.com\/fi\/wp-json\/wp\/v2\/product_cat?post=2331"},{"taxonomy":"product_tag","embeddable":true,"href":"https:\/\/cosmoflag.com\/fi\/wp-json\/wp\/v2\/product_tag?post=2331"}],"curies":[{"name":"wp","href":"https:\/\/api.w.org\/{rel}","templated":true}]}}