{"id":2330,"date":"2024-12-12T23:02:00","date_gmt":"2024-12-12T21:02:00","guid":{"rendered":"https:\/\/cosmoflag.com\/?post_type=product&#038;p=2330"},"modified":"2025-08-12T21:23:42","modified_gmt":"2025-08-12T19:23:42","slug":"polyamoria-lippu","status":"publish","type":"product","link":"https:\/\/cosmoflag.com\/fi\/tuote\/polyamoria-lippu\/","title":{"rendered":"Polyamoria lippu"},"content":{"rendered":"<h3>Polyamoria lipun ominaisuudet<\/h3>\n<p>Polyamory-lippumme on valmistettu korkealaatuisesta polyesterist\u00e4, joten se soveltuu erinomaisesti pitk\u00e4aikaiseen k\u00e4ytt\u00f6\u00f6n niin sis\u00e4tiloissa kuin ulkona. Siin\u00e4 on metalliset l\u00e4piviennit helppoa asennusta ja taattua pitoa varten, my\u00f6s ep\u00e4suotuisissa s\u00e4\u00e4olosuhteissa. Lippumme on saatavana 90 x 150 cm\/35 59 tuumaa maksimin\u00e4kyvyytt\u00e4 varten, ja se sopii monenlaisiin tarpeisiin, halusitpa sitten n\u00e4ytt\u00e4\u00e4 sen tolpassa tai sein\u00e4ll\u00e4.<\/p>\n<h3>Kansallinen symboli, joka on t\u00e4ynn\u00e4 historiaa<\/h3>\n<p>Lipussa on kolme sinist\u00e4, punaista ja mustaa vaakasuoraa raitaa, ja punaisen raidan keskell\u00e4 on keltainen \u03c0-symboli. Sininen edustaa avoimuutta ja rehellisyytt\u00e4 polyamoristen suhteiden dynamiikassa, punainen symboloi rakkautta ja intohimoa, ja musta edustaa solidaarisuutta niit\u00e4 kohtaan, jotka joutuvat piilottelemaan polyamorisia suhteitaan sosiaalisten paineiden vuoksi. \u03c0-symboli on polyamoria-sanan ensimm\u00e4inen kirjain, ja se edustaa rakkaussuhteiden \u00e4\u00e4rett\u00f6mi\u00e4 mahdollisuuksia.<\/p>\n<h3>Monipuolinen k\u00e4ytt\u00f6<\/h3>\n<p>T\u00e4m\u00e4 lippu sopii t\u00e4ydellisesti ylpeyden juhliin, yhteis\u00f6n kokoontumisiin, ei-monogamian konferensseihin tai polyamoriaa k\u00e4sittelev\u00e4ksi koulutusv\u00e4lineeksi, olipa kyse sitten ylpeyden juhlista, yhteis\u00f6n kokoontumisista, ei-monogamian konferensseista tai polyamoriaa koskevasta koulutuksesta. Tukevan rakenteensa ja haalistumisen kest\u00e4vien v\u00e4riensa ansiosta se edustaa ylpe\u00e4n\u00e4 polyamorista liikett\u00e4.<\/p>","protected":false},"excerpt":{"rendered":"<p>150 x 90 cm:n kokoinen lippu, jossa on 2 tukevaa metallista l\u00e4pivienti\u00e4 turvallista ripustusta varten.<\/p>","protected":false},"featured_media":1328,"comment_status":"open","ping_status":"closed","template":"","meta":{"_gspb_post_css":"","iawp_total_views":26},"product_brand":[],"product_cat":[57],"product_tag":[],"class_list":{"0":"post-2330","1":"product","2":"type-product","3":"status-publish","4":"has-post-thumbnail","6":"product_cat-lgbt-flags","8":"first","9":"instock","10":"sale","11":"shipping-taxable","12":"purchasable","13":"product-type-simple"},"_links":{"self":[{"href":"https:\/\/cosmoflag.com\/fi\/wp-json\/wp\/v2\/product\/2330","targetHints":{"allow":["GET"]}}],"collection":[{"href":"https:\/\/cosmoflag.com\/fi\/wp-json\/wp\/v2\/product"}],"about":[{"href":"https:\/\/cosmoflag.com\/fi\/wp-json\/wp\/v2\/types\/product"}],"replies":[{"embeddable":true,"href":"https:\/\/cosmoflag.com\/fi\/wp-json\/wp\/v2\/comments?post=2330"}],"wp:featuredmedia":[{"embeddable":true,"href":"https:\/\/cosmoflag.com\/fi\/wp-json\/wp\/v2\/media\/1328"}],"wp:attachment":[{"href":"https:\/\/cosmoflag.com\/fi\/wp-json\/wp\/v2\/media?parent=2330"}],"wp:term":[{"taxonomy":"product_brand","embeddable":true,"href":"https:\/\/cosmoflag.com\/fi\/wp-json\/wp\/v2\/product_brand?post=2330"},{"taxonomy":"product_cat","embeddable":true,"href":"https:\/\/cosmoflag.com\/fi\/wp-json\/wp\/v2\/product_cat?post=2330"},{"taxonomy":"product_tag","embeddable":true,"href":"https:\/\/cosmoflag.com\/fi\/wp-json\/wp\/v2\/product_tag?post=2330"}],"curies":[{"name":"wp","href":"https:\/\/api.w.org\/{rel}","templated":true}]}}