{"id":2327,"date":"2024-12-12T22:50:00","date_gmt":"2024-12-12T20:50:00","guid":{"rendered":"https:\/\/cosmoflag.com\/?post_type=product&#038;p=2327"},"modified":"2025-08-12T21:23:42","modified_gmt":"2025-08-12T19:23:42","slug":"homo-kanadan-lippu","status":"publish","type":"product","link":"https:\/\/cosmoflag.com\/fi\/tuote\/homo-kanadan-lippu\/","title":{"rendered":"Gay Kanada lippu"},"content":{"rendered":"<h3>Kanadan homolippujen ominaisuudet<\/h3>\n<p>Kanadan homoylpeyslippumme on valmistettu korkealaatuisesta polyesterist\u00e4, joten se on ihanteellinen pitk\u00e4ik\u00e4iseen k\u00e4ytt\u00f6\u00f6n sis\u00e4ll\u00e4 tai ulkona. Siin\u00e4 on metalliset l\u00e4piviennit helppoa asennusta ja taattua pitoa varten, jopa ep\u00e4suotuisissa s\u00e4\u00e4olosuhteissa. Lippumme on saatavana 90 x 150 cm\/35 x 59 tuumaa suurimman n\u00e4kyvyyden varmistamiseksi, ja se sopii monenlaisiin tarpeisiin, halusitpa sitten n\u00e4ytt\u00e4\u00e4 sen tolpassa tai sein\u00e4ll\u00e4.<\/p>\n<h3>Historiallinen symboli<\/h3>\n<p>Lipussa yhdistyv\u00e4t homoylpeyden elementit ja Kanadan ikoniset symbolit. Siin\u00e4 yhdistyv\u00e4t sateenkaaren, LGBTQ+-yhteis\u00f6n universaalin symbolin, v\u00e4rit ja Kanadan punainen vaahteranlehti keskell\u00e4, jotta voidaan juhlistaa osallisuutta ja monimuotoisuutta Kanadan kulttuurissa.<\/p>\n<h3>Monipuolinen k\u00e4ytt\u00f6<\/h3>\n<p>Kanadan Gay Pride -lippu sopii erinomaisesti Pride-festivaaleille, paraateihin, yhteis\u00f6n kokoontumisiin tai kannustavaksi n\u00e4ytteeksi, ja se on pakollinen kaikille, jotka juhlivat seksuaalista monimuotoisuutta ja ilmaisunvapautta Kanadassa. Kest\u00e4v\u00e4n rakenteensa ja eloisien v\u00e4riensa ansiosta lippu on suunniteltu vahvaa, jatkuvaa visuaalista vaikutusta varten.<\/p>","protected":false},"excerpt":{"rendered":"<p>150 x 90 cm:n kokoinen lippu, jossa on 2 tukevaa metallista l\u00e4pivienti\u00e4 turvallista ripustusta varten.<\/p>","protected":false},"featured_media":1117,"comment_status":"open","ping_status":"closed","template":"","meta":{"_gspb_post_css":"","iawp_total_views":2},"product_brand":[],"product_cat":[57],"product_tag":[],"class_list":{"0":"post-2327","1":"product","2":"type-product","3":"status-publish","4":"has-post-thumbnail","6":"product_cat-lgbt-flags","8":"first","9":"instock","10":"sale","11":"shipping-taxable","12":"purchasable","13":"product-type-simple"},"_links":{"self":[{"href":"https:\/\/cosmoflag.com\/fi\/wp-json\/wp\/v2\/product\/2327","targetHints":{"allow":["GET"]}}],"collection":[{"href":"https:\/\/cosmoflag.com\/fi\/wp-json\/wp\/v2\/product"}],"about":[{"href":"https:\/\/cosmoflag.com\/fi\/wp-json\/wp\/v2\/types\/product"}],"replies":[{"embeddable":true,"href":"https:\/\/cosmoflag.com\/fi\/wp-json\/wp\/v2\/comments?post=2327"}],"wp:featuredmedia":[{"embeddable":true,"href":"https:\/\/cosmoflag.com\/fi\/wp-json\/wp\/v2\/media\/1117"}],"wp:attachment":[{"href":"https:\/\/cosmoflag.com\/fi\/wp-json\/wp\/v2\/media?parent=2327"}],"wp:term":[{"taxonomy":"product_brand","embeddable":true,"href":"https:\/\/cosmoflag.com\/fi\/wp-json\/wp\/v2\/product_brand?post=2327"},{"taxonomy":"product_cat","embeddable":true,"href":"https:\/\/cosmoflag.com\/fi\/wp-json\/wp\/v2\/product_cat?post=2327"},{"taxonomy":"product_tag","embeddable":true,"href":"https:\/\/cosmoflag.com\/fi\/wp-json\/wp\/v2\/product_tag?post=2327"}],"curies":[{"name":"wp","href":"https:\/\/api.w.org\/{rel}","templated":true}]}}