{"id":2326,"date":"2024-12-12T14:47:00","date_gmt":"2024-12-12T12:47:00","guid":{"rendered":"https:\/\/cosmoflag.com\/?post_type=product&#038;p=2326"},"modified":"2025-08-12T21:23:43","modified_gmt":"2025-08-12T19:23:43","slug":"genderqueer-lippu","status":"publish","type":"product","link":"https:\/\/cosmoflag.com\/fi\/tuote\/genderqueer-lippu\/","title":{"rendered":"Sukupuolittunut lippu"},"content":{"rendered":"<h3>Sukupuolenkaltaisen lipun ominaisuudet<\/h3>\n<p>Genderqueer-lippumme on valmistettu korkealaatuisesta polyesterist\u00e4, joten se soveltuu erinomaisesti pitk\u00e4aikaiseen k\u00e4ytt\u00f6\u00f6n sek\u00e4 sis\u00e4ll\u00e4 ett\u00e4 ulkona. Siin\u00e4 on metalliset l\u00e4piviennit helppoa asennusta ja taattua pitoa varten, jopa ep\u00e4suotuisissa s\u00e4\u00e4olosuhteissa. Lippumme on saatavana 90 x 150 cm\/35 x 59 tuumaa kokoisena, jotta se olisi mahdollisimman hyvin n\u00e4kyviss\u00e4, ja se sopii monenlaisiin tarpeisiin, halusitpa sitten asettaa sen esille tolppaan tai sein\u00e4lle.<\/p>\n<h3>Kansallinen symboli, joka on t\u00e4ynn\u00e4 historiaa<\/h3>\n<p>Genderqueer-lipussa on kolme vaakasuoraa raitaa, jotka ovat laventelin, valkoisen ja chartreuse-vihre\u00e4n v\u00e4risi\u00e4. Laventeli edustaa androgyniaa ja sukupuoli-identiteettien yhdistymist\u00e4, valkoinen symboloi neutraalia tai neutroista sukupuoli-identiteetti\u00e4, ja chartreuse-vihre\u00e4, joka on laventelin vastakohta, edustaa ei-bin\u00e4\u00e4risi\u00e4 identiteettej\u00e4, jotka eiv\u00e4t kuulu mies-nainen-spektriin.<\/p>\n<h3>Monipuolinen k\u00e4ytt\u00f6<\/h3>\n<p>Genderqueer-lippu sopii kaikkiin tilaisuuksiin, olipa kyse sitten pride-juhlista, yhteis\u00f6n kokoontumisista, kulttuuritapahtumista tai sukupuolen moninaisuutta koskevasta opetuksesta. Sen vankka muotoilu ja haalistumisen kest\u00e4v\u00e4t v\u00e4rit varmistavat, ett\u00e4 lippu s\u00e4ilytt\u00e4\u00e4 merkityksens\u00e4 ja visuaalisen vaikutuksensa ajan my\u00f6t\u00e4.<\/p>","protected":false},"excerpt":{"rendered":"<p>150 x 90 cm:n kokoinen lippu, jossa on 2 tukevaa metallista l\u00e4pivienti\u00e4 turvallista ripustusta varten.<\/p>","protected":false},"featured_media":1124,"comment_status":"open","ping_status":"closed","template":"","meta":{"_gspb_post_css":"","iawp_total_views":4},"product_brand":[],"product_cat":[57],"product_tag":[],"class_list":{"0":"post-2326","1":"product","2":"type-product","3":"status-publish","4":"has-post-thumbnail","6":"product_cat-lgbt-flags","8":"first","9":"instock","10":"sale","11":"shipping-taxable","12":"purchasable","13":"product-type-simple"},"_links":{"self":[{"href":"https:\/\/cosmoflag.com\/fi\/wp-json\/wp\/v2\/product\/2326","targetHints":{"allow":["GET"]}}],"collection":[{"href":"https:\/\/cosmoflag.com\/fi\/wp-json\/wp\/v2\/product"}],"about":[{"href":"https:\/\/cosmoflag.com\/fi\/wp-json\/wp\/v2\/types\/product"}],"replies":[{"embeddable":true,"href":"https:\/\/cosmoflag.com\/fi\/wp-json\/wp\/v2\/comments?post=2326"}],"wp:featuredmedia":[{"embeddable":true,"href":"https:\/\/cosmoflag.com\/fi\/wp-json\/wp\/v2\/media\/1124"}],"wp:attachment":[{"href":"https:\/\/cosmoflag.com\/fi\/wp-json\/wp\/v2\/media?parent=2326"}],"wp:term":[{"taxonomy":"product_brand","embeddable":true,"href":"https:\/\/cosmoflag.com\/fi\/wp-json\/wp\/v2\/product_brand?post=2326"},{"taxonomy":"product_cat","embeddable":true,"href":"https:\/\/cosmoflag.com\/fi\/wp-json\/wp\/v2\/product_cat?post=2326"},{"taxonomy":"product_tag","embeddable":true,"href":"https:\/\/cosmoflag.com\/fi\/wp-json\/wp\/v2\/product_tag?post=2326"}],"curies":[{"name":"wp","href":"https:\/\/api.w.org\/{rel}","templated":true}]}}