{"id":2325,"date":"2024-12-12T14:41:00","date_gmt":"2024-12-12T12:41:00","guid":{"rendered":"https:\/\/cosmoflag.com\/?post_type=product&#038;p=2325"},"modified":"2025-08-12T21:23:43","modified_gmt":"2025-08-12T19:23:43","slug":"aromaattinen-lippu","status":"publish","type":"product","link":"https:\/\/cosmoflag.com\/fi\/tuote\/aromaattinen-lippu\/","title":{"rendered":"Aromantic Flag"},"content":{"rendered":"<h3>Aromantic lipun ominaisuudet<\/h3>\n<p>Aromaattinen lippumme on valmistettu korkealaatuisesta polyesterist\u00e4, joten se soveltuu erinomaisesti pitk\u00e4aikaiseen k\u00e4ytt\u00f6\u00f6n sek\u00e4 sis\u00e4ll\u00e4 ett\u00e4 ulkona. Siin\u00e4 on metalliset l\u00e4piviennit helppoa asennusta ja taattua pitoa varten, my\u00f6s ep\u00e4suotuisissa s\u00e4\u00e4olosuhteissa. Lippumme on saatavana 90 x 150 cm\/35 x 59 tuumaa, jotta se olisi mahdollisimman hyvin n\u00e4kyviss\u00e4, ja se sopii monenlaisiin tarpeisiin, halusitpa sitten asettaa sen esille tolppaan tai sein\u00e4lle.<\/p>\n<h3>Historiallinen symboli<\/h3>\n<p>Aromaattisessa lipussa on ylh\u00e4\u00e4lt\u00e4 alasp\u00e4in viisi vaakasuoraa raitaa, joiden v\u00e4rit ovat vihre\u00e4, vaaleanharmaa, valkoinen, harmaa ja musta. Vihre\u00e4 edustaa aromantismia, vaaleanharmaa aromantismin ja romantiikan v\u00e4list\u00e4 vy\u00f6hykett\u00e4, valkoinen symboloi platonisia suhteita ja aromantisten kumppanien v\u00e4list\u00e4 arvostusta, tummanharmaa aromantista harmaata vy\u00f6hykett\u00e4 ja musta aseksuaalisuutta.<\/p>\n<h3>Monipuolinen k\u00e4ytt\u00f6<\/h3>\n<p>Aromanttinen lippu sopii erinomaisesti Pride-tapahtumiin, yhteis\u00f6n kokoontumisiin, kulttuuritapahtumiin tai koulutusv\u00e4lineeksi, sill\u00e4 se on mielek\u00e4s tapa edustaa aromanttista yhteis\u00f6\u00e4 ja lis\u00e4t\u00e4 tietoisuutta t\u00e4st\u00e4 suuntautumisesta. Tukeva muotoilu ja haalistumisen kest\u00e4v\u00e4t v\u00e4rit takaavat, ett\u00e4 lippu s\u00e4ilytt\u00e4\u00e4 el\u00e4vyytens\u00e4 ja merkityksens\u00e4.<\/p>","protected":false},"excerpt":{"rendered":"<p>150 x 90 cm:n kokoinen lippu, jossa on 2 tukevaa metallista l\u00e4pivienti\u00e4 turvallista ripustusta varten.<\/p>","protected":false},"featured_media":971,"comment_status":"open","ping_status":"closed","template":"","meta":{"_gspb_post_css":"","iawp_total_views":6},"product_brand":[],"product_cat":[57],"product_tag":[],"class_list":{"0":"post-2325","1":"product","2":"type-product","3":"status-publish","4":"has-post-thumbnail","6":"product_cat-lgbt-flags","8":"first","9":"instock","10":"sale","11":"shipping-taxable","12":"purchasable","13":"product-type-simple"},"_links":{"self":[{"href":"https:\/\/cosmoflag.com\/fi\/wp-json\/wp\/v2\/product\/2325","targetHints":{"allow":["GET"]}}],"collection":[{"href":"https:\/\/cosmoflag.com\/fi\/wp-json\/wp\/v2\/product"}],"about":[{"href":"https:\/\/cosmoflag.com\/fi\/wp-json\/wp\/v2\/types\/product"}],"replies":[{"embeddable":true,"href":"https:\/\/cosmoflag.com\/fi\/wp-json\/wp\/v2\/comments?post=2325"}],"wp:featuredmedia":[{"embeddable":true,"href":"https:\/\/cosmoflag.com\/fi\/wp-json\/wp\/v2\/media\/971"}],"wp:attachment":[{"href":"https:\/\/cosmoflag.com\/fi\/wp-json\/wp\/v2\/media?parent=2325"}],"wp:term":[{"taxonomy":"product_brand","embeddable":true,"href":"https:\/\/cosmoflag.com\/fi\/wp-json\/wp\/v2\/product_brand?post=2325"},{"taxonomy":"product_cat","embeddable":true,"href":"https:\/\/cosmoflag.com\/fi\/wp-json\/wp\/v2\/product_cat?post=2325"},{"taxonomy":"product_tag","embeddable":true,"href":"https:\/\/cosmoflag.com\/fi\/wp-json\/wp\/v2\/product_tag?post=2325"}],"curies":[{"name":"wp","href":"https:\/\/api.w.org\/{rel}","templated":true}]}}