{"id":2322,"date":"2024-12-12T14:27:00","date_gmt":"2024-12-12T12:27:00","guid":{"rendered":"https:\/\/cosmoflag.com\/?post_type=product&#038;p=2322"},"modified":"2025-09-04T10:22:20","modified_gmt":"2025-09-04T08:22:20","slug":"lesbo-lippu","status":"publish","type":"product","link":"https:\/\/cosmoflag.com\/fi\/tuote\/lesbo-lippu\/","title":{"rendered":"Lesbojen lippu"},"content":{"rendered":"<h3>Lesbojen lipun ominaisuudet<\/h3>\n<p>Lesbolippumme on valmistettu korkealaatuisesta polyesterist\u00e4, joten se on ihanteellinen pitk\u00e4ik\u00e4iseen k\u00e4ytt\u00f6\u00f6n niin sis\u00e4ll\u00e4 kuin ulkona. Siin\u00e4 on metalliset l\u00e4piviennit helppoa asennusta ja taattua pitoa varten, jopa ep\u00e4suotuisissa s\u00e4\u00e4olosuhteissa. Lippumme on saatavana 90\u00d7150 cm\/35\u00d759 tuumaa maksimin\u00e4kyvyytt\u00e4 varten, ja se sopii monenlaisiin tarpeisiin, halusitpa sitten n\u00e4ytt\u00e4\u00e4 sen tolpassa tai sein\u00e4ll\u00e4.<\/p>\n<h3>Kansallinen symboli, joka on t\u00e4ynn\u00e4 historiaa<\/h3>\n<p>Lesbolipussa on raitoja oranssista violettiin, jotka edustavat lesboyhteis\u00f6n monimuotoisuutta ja yhten\u00e4isyytt\u00e4. Jokaisella v\u00e4rill\u00e4 on oma merkityksens\u00e4, joka juhlistaa yhteis\u00f6n identiteetti\u00e4 ja solidaarisuutta ja kuvastaa lesbojen monimuotoisuutta.<\/p>\n<h3>Monipuolinen k\u00e4ytt\u00f6<\/h3>\n<p>T\u00e4m\u00e4 lippu sopii erinomaisesti lesbojen ylpeysjuhliin, yhteis\u00f6tapahtumiin, kulttuuritapahtumiin tai opetusv\u00e4lineeksi. Sen kest\u00e4v\u00e4 muotoilu ja haalistumisen kest\u00e4v\u00e4t v\u00e4rit takaavat lesboyhteis\u00f6n ylpe\u00e4n ja eloisan edustuksen.<\/p>","protected":false},"excerpt":{"rendered":"<p>150 x 90 cm:n kokoinen lippu, jossa on 2 tukevaa metallista l\u00e4pivienti\u00e4 turvallista ripustusta varten.<\/p>","protected":false},"featured_media":1204,"comment_status":"open","ping_status":"closed","template":"","meta":{"_gspb_post_css":"","iawp_total_views":29},"product_brand":[],"product_cat":[57],"product_tag":[],"class_list":{"0":"post-2322","1":"product","2":"type-product","3":"status-publish","4":"has-post-thumbnail","6":"product_cat-lgbt-flags","8":"first","9":"instock","10":"sale","11":"shipping-taxable","12":"purchasable","13":"product-type-simple"},"_links":{"self":[{"href":"https:\/\/cosmoflag.com\/fi\/wp-json\/wp\/v2\/product\/2322","targetHints":{"allow":["GET"]}}],"collection":[{"href":"https:\/\/cosmoflag.com\/fi\/wp-json\/wp\/v2\/product"}],"about":[{"href":"https:\/\/cosmoflag.com\/fi\/wp-json\/wp\/v2\/types\/product"}],"replies":[{"embeddable":true,"href":"https:\/\/cosmoflag.com\/fi\/wp-json\/wp\/v2\/comments?post=2322"}],"wp:featuredmedia":[{"embeddable":true,"href":"https:\/\/cosmoflag.com\/fi\/wp-json\/wp\/v2\/media\/1204"}],"wp:attachment":[{"href":"https:\/\/cosmoflag.com\/fi\/wp-json\/wp\/v2\/media?parent=2322"}],"wp:term":[{"taxonomy":"product_brand","embeddable":true,"href":"https:\/\/cosmoflag.com\/fi\/wp-json\/wp\/v2\/product_brand?post=2322"},{"taxonomy":"product_cat","embeddable":true,"href":"https:\/\/cosmoflag.com\/fi\/wp-json\/wp\/v2\/product_cat?post=2322"},{"taxonomy":"product_tag","embeddable":true,"href":"https:\/\/cosmoflag.com\/fi\/wp-json\/wp\/v2\/product_tag?post=2322"}],"curies":[{"name":"wp","href":"https:\/\/api.w.org\/{rel}","templated":true}]}}