{"id":2321,"date":"2024-12-12T14:22:00","date_gmt":"2024-12-12T12:22:00","guid":{"rendered":"https:\/\/cosmoflag.com\/?post_type=product&#038;p=2321"},"modified":"2025-08-12T21:23:44","modified_gmt":"2025-08-12T19:23:44","slug":"progressiivinen-lippu","status":"publish","type":"product","link":"https:\/\/cosmoflag.com\/fi\/tuote\/progressiivinen-lippu\/","title":{"rendered":"LGBT Progressiivinen lippu"},"content":{"rendered":"<h3>Progressiivisen LGBT-lippukunnan ominaisuudet<\/h3>\n<p>LGBT Progressive -lippumme on valmistettu korkealaatuisesta polyesterist\u00e4, joten se soveltuu erinomaisesti pitk\u00e4aikaiseen k\u00e4ytt\u00f6\u00f6n sek\u00e4 sis\u00e4ll\u00e4 ett\u00e4 ulkona. Siin\u00e4 on metalliset l\u00e4piviennit helppoa asennusta ja taattua pitoa varten, my\u00f6s ep\u00e4suotuisissa s\u00e4\u00e4olosuhteissa. Lippumme on saatavana 90\u00d7150 cm\/35\u00d759 tuumaa maksimin\u00e4kyvyytt\u00e4 varten, ja se sopii monenlaisiin tarpeisiin, halusitpa sitten n\u00e4ytt\u00e4\u00e4 sen tolpassa tai sein\u00e4ll\u00e4.<\/p>\n<h3>Kansallinen symboli, joka on t\u00e4ynn\u00e4 historiaa<\/h3>\n<p>Progressiivinen LGBT-lippu laajentaa perinteist\u00e4 sateenkaarilippua lis\u00e4\u00e4m\u00e4ll\u00e4 siihen muita v\u00e4rej\u00e4, kuten mustaa, ruskeaa, sinist\u00e4, vaaleanpunaista ja valkoista. N\u00e4m\u00e4 v\u00e4rit edustavat erityisesti trans-, mustia ja ruskeita yhteis\u00f6j\u00e4 ja korostavat kaikkien LGBT-yhteis\u00f6n j\u00e4senten osallisuuden ja n\u00e4kyvyyden merkityst\u00e4. T\u00e4m\u00e4 lippu korostaa jatkuvaa sitoutumista edistykseen ja tasa-arvoon.<\/p>\n<h3>Monipuolinen k\u00e4ytt\u00f6<\/h3>\n<p>Progressiivinen LGBT-lippu sopii kaikkiin tilaisuuksiin ja on ihanteellinen ylpeysparaatteihin, mielenosoituksiin, kulttuuritapahtumiin tai moninaisuutta ja osallisuutta koskevan koulutuksen v\u00e4lineen\u00e4. Sen vankka muotoilu ja haalistumisen kest\u00e4v\u00e4t v\u00e4rit takaavat, ett\u00e4 lippu s\u00e4ilytt\u00e4\u00e4 merkityksens\u00e4 ja visuaalisen vaikutuksensa ajan my\u00f6t\u00e4.<\/p>","protected":false},"excerpt":{"rendered":"<p>150 x 90 cm:n kokoinen lippu, jossa on 2 tukevaa metallista l\u00e4pivienti\u00e4 turvallista ripustusta varten.<\/p>","protected":false},"featured_media":1212,"comment_status":"open","ping_status":"closed","template":"","meta":{"_gspb_post_css":"","iawp_total_views":51},"product_brand":[],"product_cat":[57],"product_tag":[],"class_list":{"0":"post-2321","1":"product","2":"type-product","3":"status-publish","4":"has-post-thumbnail","6":"product_cat-lgbt-flags","8":"first","9":"instock","10":"sale","11":"shipping-taxable","12":"purchasable","13":"product-type-simple"},"_links":{"self":[{"href":"https:\/\/cosmoflag.com\/fi\/wp-json\/wp\/v2\/product\/2321","targetHints":{"allow":["GET"]}}],"collection":[{"href":"https:\/\/cosmoflag.com\/fi\/wp-json\/wp\/v2\/product"}],"about":[{"href":"https:\/\/cosmoflag.com\/fi\/wp-json\/wp\/v2\/types\/product"}],"replies":[{"embeddable":true,"href":"https:\/\/cosmoflag.com\/fi\/wp-json\/wp\/v2\/comments?post=2321"}],"wp:featuredmedia":[{"embeddable":true,"href":"https:\/\/cosmoflag.com\/fi\/wp-json\/wp\/v2\/media\/1212"}],"wp:attachment":[{"href":"https:\/\/cosmoflag.com\/fi\/wp-json\/wp\/v2\/media?parent=2321"}],"wp:term":[{"taxonomy":"product_brand","embeddable":true,"href":"https:\/\/cosmoflag.com\/fi\/wp-json\/wp\/v2\/product_brand?post=2321"},{"taxonomy":"product_cat","embeddable":true,"href":"https:\/\/cosmoflag.com\/fi\/wp-json\/wp\/v2\/product_cat?post=2321"},{"taxonomy":"product_tag","embeddable":true,"href":"https:\/\/cosmoflag.com\/fi\/wp-json\/wp\/v2\/product_tag?post=2321"}],"curies":[{"name":"wp","href":"https:\/\/api.w.org\/{rel}","templated":true}]}}