{"id":2317,"date":"2024-12-12T14:05:00","date_gmt":"2024-12-12T12:05:00","guid":{"rendered":"https:\/\/cosmoflag.com\/?post_type=product&#038;p=2317"},"modified":"2025-08-12T21:23:45","modified_gmt":"2025-08-12T19:23:45","slug":"suvuton-lippu","status":"publish","type":"product","link":"https:\/\/cosmoflag.com\/fi\/tuote\/suvuton-lippu\/","title":{"rendered":"Sukupuoleton lippu"},"content":{"rendered":"<h3>Sukupuolittuneen lipun ominaisuudet<\/h3>\n<p>Sukupuolettomuuslippumme on valmistettu korkealaatuisesta polyesterist\u00e4, joten se soveltuu erinomaisesti pitk\u00e4aikaiseen k\u00e4ytt\u00f6\u00f6n niin sis\u00e4tiloissa kuin ulkona. Siin\u00e4 on metalliset l\u00e4piviennit helppoa asennusta ja taattua pitoa varten, my\u00f6s ep\u00e4suotuisissa s\u00e4\u00e4olosuhteissa. Lippumme on saatavana 90\u00d7150 cm\/35\u00d759 tuumaa maksimin\u00e4kyvyytt\u00e4 varten, ja se sopii monenlaisiin tarpeisiin, halusitpa sitten n\u00e4ytt\u00e4\u00e4 sen tolpassa tai sein\u00e4ll\u00e4.<\/p>\n<h3>Kansallinen symboli, joka on t\u00e4ynn\u00e4 historiaa<\/h3>\n<p>Aseksuaalien lipussa on nelj\u00e4 vaakasuoraa raitaa: musta ylh\u00e4\u00e4ll\u00e4, joka edustaa aseksuaalisuutta, harmaa alhaalla, joka symboloi aseksuaalisuuden ja seksuaalisuuden v\u00e4list\u00e4 harmaata aluetta, valkoinen, joka edustaa seksuaalisuutta, ja violetti alhaalla, joka symboloi yhteis\u00f6\u00e4. Lippu luotiin, jotta aseksuaaliyhteis\u00f6 saisi enemm\u00e4n n\u00e4kyvyytt\u00e4 ja jotta se symbolisoisi yhteis\u00f6n osallisuutta ja monimuotoisuutta.<\/p>\n<h3>Monipuolinen k\u00e4ytt\u00f6<\/h3>\n<p>Sukupuolettomuuslippu sopii t\u00e4ydellisesti kaikkiin n\u00e4ihin tilaisuuksiin, olipa kyse sitten pride-kulkueista, yhteis\u00f6llisist\u00e4 kokoontumisista, kulttuuritapahtumista tai koulutusv\u00e4lineest\u00e4. Sen vankka muotoilu ja haalistumisen kest\u00e4v\u00e4t v\u00e4rit takaavat, ett\u00e4 lippu s\u00e4ilytt\u00e4\u00e4 merkityksens\u00e4 ja visuaalisen vaikutuksensa ajan my\u00f6t\u00e4.<\/p>","protected":false},"excerpt":{"rendered":"<p>150 x 90 cm:n kokoinen lippu, jossa on 2 tukevaa metallista l\u00e4pivienti\u00e4 turvallista ripustusta varten.<\/p>","protected":false},"featured_media":978,"comment_status":"open","ping_status":"closed","template":"","meta":{"_gspb_post_css":"","iawp_total_views":8},"product_brand":[],"product_cat":[57],"product_tag":[],"class_list":{"0":"post-2317","1":"product","2":"type-product","3":"status-publish","4":"has-post-thumbnail","6":"product_cat-lgbt-flags","8":"first","9":"instock","10":"sale","11":"shipping-taxable","12":"purchasable","13":"product-type-simple"},"_links":{"self":[{"href":"https:\/\/cosmoflag.com\/fi\/wp-json\/wp\/v2\/product\/2317","targetHints":{"allow":["GET"]}}],"collection":[{"href":"https:\/\/cosmoflag.com\/fi\/wp-json\/wp\/v2\/product"}],"about":[{"href":"https:\/\/cosmoflag.com\/fi\/wp-json\/wp\/v2\/types\/product"}],"replies":[{"embeddable":true,"href":"https:\/\/cosmoflag.com\/fi\/wp-json\/wp\/v2\/comments?post=2317"}],"wp:featuredmedia":[{"embeddable":true,"href":"https:\/\/cosmoflag.com\/fi\/wp-json\/wp\/v2\/media\/978"}],"wp:attachment":[{"href":"https:\/\/cosmoflag.com\/fi\/wp-json\/wp\/v2\/media?parent=2317"}],"wp:term":[{"taxonomy":"product_brand","embeddable":true,"href":"https:\/\/cosmoflag.com\/fi\/wp-json\/wp\/v2\/product_brand?post=2317"},{"taxonomy":"product_cat","embeddable":true,"href":"https:\/\/cosmoflag.com\/fi\/wp-json\/wp\/v2\/product_cat?post=2317"},{"taxonomy":"product_tag","embeddable":true,"href":"https:\/\/cosmoflag.com\/fi\/wp-json\/wp\/v2\/product_tag?post=2317"}],"curies":[{"name":"wp","href":"https:\/\/api.w.org\/{rel}","templated":true}]}}