{"id":2315,"date":"2024-12-12T13:56:00","date_gmt":"2024-12-12T11:56:00","guid":{"rendered":"https:\/\/cosmoflag.com\/?post_type=product&#038;p=2315"},"modified":"2025-08-12T21:23:46","modified_gmt":"2025-08-12T19:23:46","slug":"biseksuaali-lippu","status":"publish","type":"product","link":"https:\/\/cosmoflag.com\/fi\/tuote\/biseksuaali-lippu\/","title":{"rendered":"Biseksuaalien lippu"},"content":{"rendered":"<h3>Biseksuaalilipun ominaisuudet<\/h3>\n<p>Biseksuaalilippumme on valmistettu korkealaatuisesta polyesterist\u00e4, joten se on ihanteellinen pitk\u00e4ik\u00e4iseen k\u00e4ytt\u00f6\u00f6n niin sis\u00e4ll\u00e4 kuin ulkona. Siin\u00e4 on metalliset l\u00e4piviennit helppoa asennusta ja taattua pitoa varten, my\u00f6s ep\u00e4suotuisissa s\u00e4\u00e4olosuhteissa. Lippumme on saatavana 90\u00d7150 cm\/35\u00d759 in kokoisena, jotta se olisi mahdollisimman hyvin n\u00e4kyviss\u00e4, ja se sopii monenlaisiin tarpeisiin, halusitpa sitten asettaa sen esille tolppaan tai sein\u00e4lle.<\/p>\n<h3>Kansallinen symboli, joka on t\u00e4ynn\u00e4 historiaa<\/h3>\n<p>Biseksuaalilipussa on kolme vaakasuoraa raitaa: vaaleanpunainen raita yl\u00e4reunassa tarkoittaa homoseksuaalista vetovoimaa, sininen raita alareunassa heteroseksuaalista vetovoimaa ja violetti raita keskell\u00e4 edustaa vetovoimaa molempiin sukupuoliin. T\u00e4m\u00e4 lippu luotiin lis\u00e4\u00e4m\u00e4\u00e4n biseksuaalien n\u00e4kyvyytt\u00e4 LGBTQ+-yhteis\u00f6ss\u00e4 ja sen ulkopuolella ja korostamaan seksuaalisten vetovoimien monimuotoisuutta.<\/p>\n<h3>Monipuolinen k\u00e4ytt\u00f6<\/h3>\n<p>Biseksuaalilippu sopii erinomaisesti pride-tapahtumiin, yhteis\u00f6llisiin kokoontumisiin, kulttuuritapahtumiin tai biseksuaalisuutta k\u00e4sittelev\u00e4ksi koulutusv\u00e4lineeksi. Sen kest\u00e4v\u00e4 rakenne ja haalistumisen kest\u00e4v\u00e4t v\u00e4rit takaavat, ett\u00e4 lippu s\u00e4ilytt\u00e4\u00e4 kauneutensa ja merkityksens\u00e4.<\/p>","protected":false},"excerpt":{"rendered":"<p>150 x 90 cm:n kokoinen lippu, jossa on 2 tukevaa metallista l\u00e4pivienti\u00e4 turvallista ripustusta varten.<\/p>","protected":false},"featured_media":1010,"comment_status":"open","ping_status":"closed","template":"","meta":{"_gspb_post_css":"","iawp_total_views":26},"product_brand":[],"product_cat":[57],"product_tag":[],"class_list":{"0":"post-2315","1":"product","2":"type-product","3":"status-publish","4":"has-post-thumbnail","6":"product_cat-lgbt-flags","8":"first","9":"instock","10":"sale","11":"shipping-taxable","12":"purchasable","13":"product-type-simple"},"_links":{"self":[{"href":"https:\/\/cosmoflag.com\/fi\/wp-json\/wp\/v2\/product\/2315","targetHints":{"allow":["GET"]}}],"collection":[{"href":"https:\/\/cosmoflag.com\/fi\/wp-json\/wp\/v2\/product"}],"about":[{"href":"https:\/\/cosmoflag.com\/fi\/wp-json\/wp\/v2\/types\/product"}],"replies":[{"embeddable":true,"href":"https:\/\/cosmoflag.com\/fi\/wp-json\/wp\/v2\/comments?post=2315"}],"wp:featuredmedia":[{"embeddable":true,"href":"https:\/\/cosmoflag.com\/fi\/wp-json\/wp\/v2\/media\/1010"}],"wp:attachment":[{"href":"https:\/\/cosmoflag.com\/fi\/wp-json\/wp\/v2\/media?parent=2315"}],"wp:term":[{"taxonomy":"product_brand","embeddable":true,"href":"https:\/\/cosmoflag.com\/fi\/wp-json\/wp\/v2\/product_brand?post=2315"},{"taxonomy":"product_cat","embeddable":true,"href":"https:\/\/cosmoflag.com\/fi\/wp-json\/wp\/v2\/product_cat?post=2315"},{"taxonomy":"product_tag","embeddable":true,"href":"https:\/\/cosmoflag.com\/fi\/wp-json\/wp\/v2\/product_tag?post=2315"}],"curies":[{"name":"wp","href":"https:\/\/api.w.org\/{rel}","templated":true}]}}