{"id":2559,"date":"2025-01-01T18:44:57","date_gmt":"2025-01-01T18:44:57","guid":{"rendered":"https:\/\/cosmoflag.com\/?page_id=2559"},"modified":"2025-01-05T14:19:20","modified_gmt":"2025-01-05T14:19:20","slug":"tietosuojakaytanto","status":"publish","type":"page","link":"https:\/\/cosmoflag.com\/fi\/tietosuojakaytanto\/","title":{"rendered":"Tietosuojak\u00e4yt\u00e4nt\u00f6"},"content":{"rendered":"<h3 class=\"wp-block-heading\" id=\"introduction-to-cosmoflag-s-privacy-statement\">Johdanto Cosmoflagin tietosuojaselosteeseen<\/h3>\n\n\n\n<p>Osoitteessa <strong>Cosmoflag<\/strong>Ymm\u00e4rr\u00e4mme, ett\u00e4 yksityisyytesi suojaaminen on t\u00e4rke\u00e4\u00e4, ja olemme sitoutuneet kunnioittamaan sit\u00e4. Laadukkaiden lippujen myyntiin erikoistuneena verkkokauppana ker\u00e4\u00e4mme tiettyj\u00e4 tietoja parantaaksemme ostokokemustasi ja varmistaaksemme samalla henkil\u00f6tietojesi turvallisuuden ja luottamuksellisuuden.<\/p>\n\n\n\n<p>Tietosuojaselosteessamme kerrotaan, miten ja miksi ker\u00e4\u00e4mme henkil\u00f6tietojasi, miten niit\u00e4 k\u00e4ytet\u00e4\u00e4n ja miten suojaamme niit\u00e4. Luottamuksesi on meille t\u00e4rke\u00e4\u00e4, mink\u00e4 vuoksi toteutamme kaikki tarvittavat toimenpiteet turvataksemme tietosi ja antaaksemme sinulle mahdollisuuden valvoa niiden k\u00e4ytt\u00f6\u00e4.<\/p>\n\n\n\n<p>Kehotamme sinua lukemaan t\u00e4m\u00e4n lausuman huolellisesti, jotta ymm\u00e4rr\u00e4t, miten k\u00e4sittelemme henkil\u00f6tietojasi ja miten k\u00e4sittelemme niit\u00e4. Jos sinulla on kysytt\u00e4v\u00e4\u00e4 tai huolenaiheita, ota rohkeasti yhteytt\u00e4 meihin. Yksityisyytesi suojaaminen on keskeinen osa teht\u00e4vi\u00e4mme, ja olemme sitoutuneet turvaamaan sen tiukasti.<\/p>\n\n\n\n<hr class=\"wp-block-separator has-alpha-channel-opacity\"\/>\n\n\n\n<h3 class=\"wp-block-heading\" id=\"article-1-personal-information-collected\">1 artikla - Ker\u00e4tyt henkil\u00f6tiedot<\/h3>\n\n\n\n<p><strong>Ostosten aikana ker\u00e4tyt tiedot<\/strong><br>Kun teet ostoksen Cosmoflag-kaupassamme, ker\u00e4\u00e4mme antamasi henkil\u00f6tiedot. N\u00e4ihin kuuluvat nimesi, postiosoitteesi ja s\u00e4hk\u00f6postiosoitteesi, jotka ovat v\u00e4ltt\u00e4m\u00e4tt\u00f6mi\u00e4 tietoja ostotapahtuman suorittamiseksi. N\u00e4iden tietojen avulla voimme k\u00e4sitell\u00e4 tilauksesi, hallita tuotteiden toimitusta ja ottaa tarvittaessa yhteytt\u00e4 sinuun ostoksesi suhteen.<\/p>\n\n\n\n<p><strong>Selauksen aikana ker\u00e4tyt tiedot<\/strong><br>Selke\u00e4sti annettujen tietojen lis\u00e4ksi ker\u00e4\u00e4mme automaattisesti tiettyj\u00e4 tietoja, kun selaat sivustoamme. N\u00e4ihin kuuluu tietokoneesi IP-osoite (Internet Protocol), joka auttaa meit\u00e4 diagnosoimaan palvelinongelmia, hallinnoimaan verkkosivustoamme ja tunnistamaan parannuksia sen perusteella, miten k\u00e4vij\u00e4t liikkuvat sivustollamme. Ker\u00e4\u00e4mme my\u00f6s tietoja selaimen tyypist\u00e4 ja k\u00e4ytt\u00f6j\u00e4rjestelm\u00e4st\u00e4, jotka auttavat meit\u00e4 optimoimaan sivuston kaikille k\u00e4ytt\u00e4jille.<\/p>\n\n\n\n<p><strong>S\u00e4hk\u00f6postimarkkinointi<\/strong><br>Luvallasi voimme l\u00e4hett\u00e4\u00e4 sinulle s\u00e4hk\u00f6postiviestej\u00e4 myym\u00e4l\u00e4st\u00e4mme, uusista tuotteista ja p\u00e4ivityksist\u00e4, joiden uskomme kiinnostavan sinua. N\u00e4iden viestien tarkoituksena on parantaa k\u00e4ytt\u00f6kokemustasi pit\u00e4m\u00e4ll\u00e4 sinut ajan tasalla Cosmoflagin uusimmista uutisista ja tarjouksista. Voit peruuttaa tilauksen milloin tahansa, jos et en\u00e4\u00e4 halua vastaanottaa n\u00e4it\u00e4 p\u00e4ivityksi\u00e4.<\/p>\n\n\n\n<p>Henkil\u00f6tietojesi suojaaminen on meille ensiarvoisen t\u00e4rke\u00e4\u00e4, ja olemme sitoutuneet k\u00e4sittelem\u00e4\u00e4n niit\u00e4 huolellisesti ja vastuullisesti. Kaikkia tietoja k\u00e4sitell\u00e4\u00e4n sovellettavien tietosuojalakien ja sis\u00e4isen tietosuojak\u00e4yt\u00e4nt\u00f6mme mukaisesti.<\/p>\n\n\n\n<hr class=\"wp-block-separator has-alpha-channel-opacity\"\/>\n\n\n\n<h3 class=\"wp-block-heading\" id=\"article-2-consent\">2 artikla - Suostumus<\/h3>\n\n\n\n<p><strong>Suostumuksen hankkiminen<\/strong><br>Kun annat meille henkil\u00f6kohtaisia tietojasi tapahtuman loppuunsaattamiseksi, luottokorttisi tarkistamiseksi, tilauksen tekemiseksi, toimituksen j\u00e4rjest\u00e4miseksi tai ostoksen palauttamiseksi, oletamme, ett\u00e4 annat suostumuksesi siihen, ett\u00e4 ker\u00e4\u00e4mme ja k\u00e4yt\u00e4mme tietojasi vain n\u00e4ihin erityistarkoituksiin.<\/p>\n\n\n\n<p>Jos henkil\u00f6tietojasi k\u00e4ytet\u00e4\u00e4n muuhun tarkoitukseen, kuten suoramarkkinointikampanjoihin, pyyd\u00e4mme nimenomaisesti suostumustasi tai annamme sinulle mahdollisuuden kielt\u00e4yty\u00e4 siit\u00e4.<\/p>\n\n\n\n<p><strong>Miten peruutat suostumuksesi<\/strong><br>Jos muutat mielt\u00e4si suostumuksesi antamisen j\u00e4lkeen, sinulla on oikeus milloin tahansa peruuttaa suostumuksesi siihen, ett\u00e4 otamme sinuun yhteytt\u00e4, ker\u00e4\u00e4mme, k\u00e4yt\u00e4mme tai luovutamme tietojasi. Voit peruuttaa suostumuksesi ottamalla meihin yhteytt\u00e4 osoitteessa <strong><a>info@cosmoflag.com<\/a><\/strong> tai l\u00e4het\u00e4 kirje postiosoitteeseemme ja anna tai vahvista tarvittavat tiedot, jotta voimme tunnistaa pyynt\u00f6si ja vastata siihen.<\/p>\n\n\n\n<p><strong>Suostumuksen hallinta<\/strong><br>Olemme sitoutuneet kunnioittamaan henkil\u00f6tietojasi koskevia valintojasi. T\u00e4h\u00e4n sis\u00e4ltyy paitsi oikeus peruuttaa suostumuksesi milloin tahansa my\u00f6s oikeus pyyt\u00e4\u00e4 saada tutustua hallussamme oleviin sinua koskeviin henkil\u00f6tietoihin ja pyyt\u00e4\u00e4 korjauksia, jos tiedot ovat virheellisi\u00e4 tai puutteellisia.<\/p>\n\n\n\n<p>Luottamuksesi on yksityisyyden suojaan sitoutumisemme ydin. Tarjoamalla selke\u00e4sti suostumusvaihtoehdot ja kunnioittamalla valintojasi varmistamme, ett\u00e4 tietojasi k\u00e4sitell\u00e4\u00e4n avoimesti ja kunnioittavasti.<\/p>\n\n\n\n<hr class=\"wp-block-separator has-alpha-channel-opacity\"\/>\n\n\n\n<h3 class=\"wp-block-heading\" id=\"article-3-disclosure\">3 artikla - Julkistaminen<\/h3>\n\n\n\n<p><strong>Henkil\u00f6kohtaisten tietojesi luovuttamisen ehdot<\/strong><br>Olemme sitoutuneet siihen, ett\u00e4 emme myy, vaihda tai siirr\u00e4 henkil\u00f6tietojasi ep\u00e4asianmukaisesti kolmansille osapuolille ilman suostumustasi, paitsi seuraavissa tapauksissa:<\/p>\n\n\n\n<ul class=\"wp-block-list\">\n<li><strong>Oikeudelliset vaatimukset<\/strong>: Voimme luovuttaa henkil\u00f6tietojasi, jos laki niin vaatii tai jos rikot k\u00e4ytt\u00f6ehtojamme. T\u00e4h\u00e4n sis\u00e4ltyy yhteisty\u00f6 oikeus- ja s\u00e4\u00e4ntelyviranomaisten kanssa tutkimusten suorittamiseksi tai lakis\u00e4\u00e4teisten velvoitteiden noudattamiseksi.<\/li>\n\n\n\n<li><strong>Palveluntarjoajat<\/strong>: Henkil\u00f6kohtaisia tietojasi voidaan jakaa kolmansien osapuolten kanssa, jotka tarjoavat palveluita puolestamme, kuten maksujen k\u00e4sittely\u00e4, toimitusten hallintaa tai tietojen analysointia. N\u00e4m\u00e4 palveluntarjoajat on valittu huolellisesti, ja niill\u00e4 on lupa k\u00e4ytt\u00e4\u00e4 tietojasi vain pyyt\u00e4miemme palvelujen suorittamiseen tietosuojak\u00e4yt\u00e4nt\u00f6mme mukaisesti.<\/li>\n\n\n\n<li><strong>Liiketoiminta<\/strong>: Jos sulautuminen, yrityskauppa tai koko omaisuutemme tai sen osan myynti tapahtuu, henkil\u00f6tietosi voidaan siirt\u00e4\u00e4. Ilmoitamme sinulle s\u00e4hk\u00f6postitse ja\/tai verkkosivustollamme n\u00e4kyv\u00e4ll\u00e4 ilmoituksella kaikista henkil\u00f6tietojesi omistus- tai k\u00e4ytt\u00f6muutoksista sek\u00e4 n\u00e4it\u00e4 tietoja koskevista vaihtoehdoistasi.<\/li>\n\n\n\n<li><strong>Cosmoflagin ja muiden suojelu<\/strong>: Pid\u00e4t\u00e4mme oikeuden luovuttaa henkil\u00f6tietojasi suojellaksemme oikeuksiamme, turvallisuuttamme, asiakkaidemme oikeuksia tai kolmansia osapuolia, kuten petosten est\u00e4miseksi ja luottoriskin v\u00e4hent\u00e4miseksi.<\/li>\n<\/ul>\n\n\n\n<p><strong>Turvallisuus ja luottamuksellisuus<\/strong><br>Kaikissa luovutustapauksissa pyrimme varmistamaan, ett\u00e4 henkil\u00f6tietosi pysyv\u00e4t suojattuina t\u00e4m\u00e4n tietosuojak\u00e4yt\u00e4nn\u00f6n ja sovellettavan lains\u00e4\u00e4d\u00e4nn\u00f6n mukaisesti. Kolmansien osapuolten kanssa tehtyihin sopimuksiin sis\u00e4ltyy lausekkeita, joissa vaaditaan henkil\u00f6tietojesi suojaamista ja varmistetaan, ett\u00e4 n\u00e4m\u00e4 osapuolet s\u00e4ilytt\u00e4v\u00e4t tietojen luottamuksellisuuden ja turvallisuuden.<\/p>\n\n\n\n<p>Olemme sitoutuneet k\u00e4ytt\u00e4m\u00e4\u00e4n henkil\u00f6tietojasi vastuullisesti ja turvallisesti ja kertomaan avoimesti tapauksista, joissa n\u00e4it\u00e4 tietoja voidaan jakaa. Jos sinulla on kysymyksi\u00e4 tai huolenaiheita siit\u00e4, miten henkil\u00f6tietojasi k\u00e4sitell\u00e4\u00e4n, ota meihin yhteytt\u00e4.<\/p>\n\n\n\n<hr class=\"wp-block-separator has-alpha-channel-opacity\"\/>\n\n\n\n<h3 class=\"wp-block-heading\" id=\"article-4-wordpress-and-data-security\">4 artikla - WordPress ja tietoturva<\/h3>\n\n\n\n<p><strong>Is\u00e4nn\u00f6inti ja tiedonhallinta<\/strong><br>Myym\u00e4l\u00e4mme sijaitsee WordPressiss\u00e4 k\u00e4ytt\u00e4en WooCommerce-verkkokauppa-alustaa. WooCommerce tarjoaa verkkoalustan, jonka avulla voimme myyd\u00e4 tuotteitamme ja palveluitamme. Tietosi tallennetaan WooCommercen tietojen tallennusj\u00e4rjestelmiin, tietokantoihin ja yleiseen WordPress-sovellukseen. Tietosi s\u00e4ilytet\u00e4\u00e4n suojatuilla palvelimilla palomuurin takana.<\/p>\n\n\n\n<p><strong>Maksu<\/strong><br>Sivustollamme tapahtuvat maksutapahtumat k\u00e4sitell\u00e4\u00e4n ulkoisten maksuportaiden kautta, jotka k\u00e4ytt\u00e4v\u00e4t tietoturvaprotokollia arkaluonteisten tietojen, kuten luottokorttitietojen, salaamiseen. Vaikka WooCommerce helpottaa n\u00e4it\u00e4 maksutapahtumia, se ei tallenna luottokorttitietojasi, kun maksutapahtuma on suoritettu.<\/p>\n\n\n\n<p>Kaikki sivustollamme k\u00e4ytetyt maksuportit noudattavat seuraavia s\u00e4\u00e4nt\u00f6j\u00e4 <strong>PCI-DSS-standardit<\/strong> jota hallinnoi <strong>PCI Security Standards Council<\/strong>, joka on Visa-, MasterCard-, American Express- ja Discover-merkkien yhteinen hanke. N\u00e4m\u00e4 standardit auttavat varmistamaan, ett\u00e4 myym\u00e4l\u00e4mme ja palveluntarjoajamme k\u00e4sittelev\u00e4t luottokorttitietoja turvallisesti.<\/p>\n\n\n\n<p><strong>Henkil\u00f6tietojen saatavuus ja hallinta<\/strong><br>WordPressin ja WooCommercen kautta voit luoda k\u00e4ytt\u00e4j\u00e4tilin, jolla voit hallita henkil\u00f6kohtaisia tietojasi, seurata tilauksia ja tarkastella maksuhistoriaa. Voit k\u00e4ytt\u00e4\u00e4 n\u00e4it\u00e4 tietoja milloin tahansa kirjautumalla tilillesi sivustollamme.<\/p>\n\n\n\n<p><strong>Tietoturva<\/strong><br>Suhtaudumme tietoturvaan eritt\u00e4in vakavasti ja olemme sitoutuneet suojelemaan henkil\u00f6tietojasi. Sivustomme kautta siirrett\u00e4vien henkil\u00f6tietojesi suojaamiseen k\u00e4ytet\u00e4\u00e4n teknisi\u00e4 turvatoimia, kuten SSL\/TLS-salausta. Lis\u00e4ksi sis\u00e4iset turvallisuusk\u00e4yt\u00e4nn\u00f6t rajoittavat p\u00e4\u00e4syn tietoihin vain valtuutettuun henkil\u00f6kuntaan, joka tarvitsee niit\u00e4 teht\u00e4viens\u00e4 hoitamiseen.<\/p>\n\n\n\n<p>Jos WooCommerce tai WordPress ei en\u00e4\u00e4 vastaa turvallisuus- tai toimintavaatimuksiamme, pid\u00e4t\u00e4mme oikeuden vaihtaa alustaa. Tietojesi jatkuvuus ja turvallisuus ovat meille edelleen ensisijainen tavoite, ja sinulle ilmoitetaan kaikista merkitt\u00e4vist\u00e4 muutoksista, jotka vaikuttavat henkil\u00f6tietojesi hallintaan.<\/p>\n\n\n\n<p>Jos sinulla on kysytt\u00e4v\u00e4\u00e4 henkil\u00f6tietojesi turvallisuudesta, ota meihin yhteytt\u00e4.<\/p>\n\n\n\n<h3 class=\"wp-block-heading\" id=\"article-6-security\">6 artikla - Turvallisuus<\/h3>\n\n\n\n<p><strong>Turvatoimenpiteet<\/strong><br>Osoitteessa <strong>Cosmoflag<\/strong>, henkil\u00f6tietojesi turvallisuus on ensisijainen tavoite. Toteutamme tiukkoja turvatoimia suojellaksemme tietojasi luvattomalta k\u00e4yt\u00f6lt\u00e4, muuttamiselta, paljastamiselta tai tuhoamiselta. N\u00e4ihin toimenpiteisiin kuuluu kehittyneit\u00e4 teknisi\u00e4 protokollia, kuten SSL (Secure Socket Layer) -salaus, joka takaa turvallisen tiedonsiirron sivustollamme ja arkaluonteisten tietojen turvallisen s\u00e4ilytyksen.<\/p>\n\n\n\n<p><strong>Tietojen salaus<\/strong><br>Kun annat luottokorttitietosi, ne siirret\u00e4\u00e4n turvallisesti palvelimillemme salaustekniikkaa k\u00e4ytt\u00e4en. Tiedot salataan tietokannassamme, ja niihin p\u00e4\u00e4sev\u00e4t k\u00e4siksi vain valtuutetut henkil\u00f6t, joilla on erityiset k\u00e4ytt\u00f6oikeudet ja joiden on pidett\u00e4v\u00e4 tiedot luottamuksellisina. SSL:n lis\u00e4ksi k\u00e4yt\u00e4mme AES-256-salausta tallennettujen tietojen suojaamiseen.<\/p>\n\n\n\n<p><strong>Alan standardit<\/strong><br>Noudatamme henkil\u00f6tietojen suojaamisessa alan standardeja, mukaan lukien PCI-DSS (Payment Card Industry Data Security Standard) -standardin (Payment Card Industry Data Security Standard) mukaiset standardit. Tietoturvak\u00e4yt\u00e4nt\u00f6j\u00e4mme tarkistetaan ja p\u00e4ivitet\u00e4\u00e4n s\u00e4\u00e4nn\u00f6llisesti vastaamaan teknologian kehityst\u00e4 ja parhaita toimintatapoja.<\/p>\n\n\n\n<p><strong>Seuranta ja arviointi<\/strong><br>Seuraamme jatkuvasti j\u00e4rjestelmi\u00e4mme havaitakseen tietoturva-aukkoja ja mahdollisia hy\u00f6kk\u00e4yksi\u00e4. Mik\u00e4\u00e4n s\u00e4hk\u00f6inen siirto- tai tallennusj\u00e4rjestelm\u00e4 ei kuitenkaan ole 100% turvallinen. Vaikka pyrimme suojaamaan henkil\u00f6tietojasi, emme voi taata niiden ehdotonta turvallisuutta.<\/p>\n\n\n\n<p><strong>Turvallisuusrikkomusten k\u00e4sittely<\/strong><br>Jos henkil\u00f6tietoihisi kohdistuu tietoturvaloukkaus, toimimme viipym\u00e4tt\u00e4 selvitt\u00e4\u00e4ksemme syyn, toteuttaaksemme korjaavat toimet ja ilmoittaaksemme sinulle sovellettavien lakien mukaisesti. Sitoudumme tekem\u00e4\u00e4n yhteisty\u00f6t\u00e4 asianomaisten viranomaisten kanssa ja tiedottamaan sinulle kaikista toimista, joita voit toteuttaa vaikutusten minimoimiseksi.<\/p>\n\n\n\n<p><strong>K\u00e4ytt\u00e4j\u00e4n velvollisuudet<\/strong><br>Suosittelemme, ett\u00e4 suojaat henkil\u00f6tietosi verkossa. T\u00e4h\u00e4n kuuluu vahvojen salasanojen k\u00e4ytt\u00e4minen, ohjelmistojen s\u00e4\u00e4nn\u00f6llinen p\u00e4ivitt\u00e4minen ja turvattomien Wi-Fi-verkkojen v\u00e4ltt\u00e4minen maksutapahtumissa. Tietojesi turvallisuus riippuu my\u00f6s ennakoivista toimistasi.<\/p>\n\n\n\n<p>Jos sinulla on kysytt\u00e4v\u00e4\u00e4 henkil\u00f6tietojesi turvallisuudesta tai erityisi\u00e4 huolenaiheita, ota rohkeasti yhteytt\u00e4 asiakastukitiimiimme. Olemme t\u00e4\u00e4ll\u00e4 auttamassa sinua Cosmoflagin tietoturvan navigoinnissa ja ymm\u00e4rt\u00e4misess\u00e4.<\/p>\n\n\n\n<hr class=\"wp-block-separator has-alpha-channel-opacity\"\/>\n\n\n\n<h3 class=\"wp-block-heading\" id=\"article-7-cookies\">7 artikla - Ev\u00e4steet<\/h3>\n\n\n\n<p><strong>Ev\u00e4steiden k\u00e4ytt\u00f6<\/strong><br>Osoitteessa <strong>Cosmoflag<\/strong>k\u00e4yt\u00e4mme ev\u00e4steit\u00e4 parantaaksemme k\u00e4ytt\u00e4j\u00e4kokemusta sivustollamme. Ev\u00e4steet ovat pieni\u00e4 tiedostoja, jotka tallennetaan tietokoneellesi tai mobiililaitteellesi, kun vierailet verkkosivustollamme. Niiden avulla voimme tunnistaa laitteesi ja muistaa tietyt mieltymykset tai toimet aiemmilta vierailuilta.<\/p>\n\n\n\n<p><strong>K\u00e4ytetyt ev\u00e4stetyypit<\/strong><\/p>\n\n\n\n<ul class=\"wp-block-list\">\n<li><strong>Istuntoev\u00e4steet<\/strong>: N\u00e4m\u00e4 ev\u00e4steet tallentavat tietoja istunnostasi (l\u00e4hett\u00e4j\u00e4, aloitussivu jne.) ja vanhentuvat, kun suljet selaimesi.<\/li>\n\n\n\n<li><strong>Pysyv\u00e4t ev\u00e4steet<\/strong>: N\u00e4m\u00e4 ev\u00e4steet pysyv\u00e4t laitteellasi tietyn ajan tai kunnes poistat ne. Niit\u00e4 k\u00e4ytet\u00e4\u00e4n muistamaan asetuksesi (esim. kirjautumistiedot) ja tunnistamaan laitteesi palatessasi.<\/li>\n\n\n\n<li><strong>Suorituskyky- ja analytiikkaev\u00e4steet<\/strong>: N\u00e4m\u00e4 ev\u00e4steet auttavat meit\u00e4 ymm\u00e4rt\u00e4m\u00e4\u00e4n, miten k\u00e4vij\u00e4t ovat vuorovaikutuksessa sivustomme kanssa, sill\u00e4 ne antavat tietoa vierailtuihin alueisiin, sivustolla vietettyyn aikaan ja mahdollisiin ongelmiin, kuten virheilmoituksiin.<\/li>\n<\/ul>\n\n\n\n<p><strong>Ev\u00e4steiden hallinta<\/strong><br>Voit valvoa ja hallita ev\u00e4steit\u00e4 eri tavoin. Huomaa, ett\u00e4 ev\u00e4steiden poistaminen tai est\u00e4minen voi vaikuttaa k\u00e4ytt\u00f6kokemukseesi, ja jotkin ominaisuudet eiv\u00e4t ehk\u00e4 ole en\u00e4\u00e4 k\u00e4ytett\u00e4viss\u00e4. Useimmat selaimet hyv\u00e4ksyv\u00e4t ev\u00e4steet oletusarvoisesti, mutta voit muuttaa selaimen asetuksia ev\u00e4steiden hylk\u00e4\u00e4miseksi. Lis\u00e4tietoja ev\u00e4steiden hallinnasta ja poistamisesta saat osoitteesta <a href=\"https:\/\/aboutcookies.org\" target=\"_blank\" rel=\"noopener\">aboutcookies.org<\/a>.<\/p>\n\n\n\n<p><strong>Suostumus ev\u00e4steisiin<\/strong><br>Sivustomme k\u00e4ytt\u00e4minen merkitsee suostumustasi ev\u00e4steiden k\u00e4ytt\u00f6\u00f6n. Ensimm\u00e4isell\u00e4 vierailullasi banneri ilmoittaa sinulle ev\u00e4steiden k\u00e4yt\u00f6st\u00e4, ja sinulla on mahdollisuus hyv\u00e4ksy\u00e4 tai hyl\u00e4t\u00e4 ne. Sivustomme k\u00e4yt\u00f6n jatkaminen t\u00e4m\u00e4n ilmoituksen j\u00e4lkeen on osoitus hyv\u00e4ksynn\u00e4st\u00e4si.<\/p>\n\n\n\n<p><strong>Turvallisuus ja yksityisyys<\/strong><br>Ev\u00e4steet eiv\u00e4t yleens\u00e4 sis\u00e4ll\u00e4 henkil\u00f6kohtaisesti tunnistettavia tietoja. Tallentamamme tiedot sinusta voidaan kuitenkin yhdist\u00e4\u00e4 ev\u00e4steist\u00e4 saatuihin tietoihin. Toteutamme turvatoimia est\u00e4\u00e4kseen tallennettujen tietojesi luvattoman k\u00e4yt\u00f6n tai v\u00e4\u00e4rink\u00e4yt\u00f6n.<\/p>\n\n\n\n<p>Jos sinulla on kysymyksi\u00e4 ev\u00e4steiden k\u00e4yt\u00f6st\u00e4 tai lis\u00e4tietoja ev\u00e4stek\u00e4yt\u00e4nn\u00f6st\u00e4mme, ota meihin yhteytt\u00e4. Olemme sitoutuneet k\u00e4sittelem\u00e4\u00e4n tietojasi avoimesti ja kunnioittamaan yksityisyytt\u00e4si.<\/p>\n\n\n\n<hr class=\"wp-block-separator has-alpha-channel-opacity\"\/>\n\n\n\n<h3 class=\"wp-block-heading\" id=\"article-8-age-of-consent\">8 artikla - Suostumuksen ik\u00e4raja<\/h3>\n\n\n\n<p><strong>Suostumusta koskevat ik\u00e4vaatimukset<\/strong><br>K\u00e4ytt\u00e4m\u00e4ll\u00e4 t\u00e4t\u00e4 sivustoa vahvistat, ett\u00e4 olet t\u00e4ysi-ik\u00e4inen asuinvaltiossasi tai -provinssissasi ja ett\u00e4 olet antanut suostumuksesi siihen, ett\u00e4 alaik\u00e4iset huollettavasi voivat k\u00e4ytt\u00e4\u00e4 t\u00e4t\u00e4 sivustoa. Laillinen ik\u00e4raja m\u00e4\u00e4ritell\u00e4\u00e4n paikallisessa lains\u00e4\u00e4d\u00e4nn\u00f6ss\u00e4, ja se on yleens\u00e4 18 tai 21 vuotta, riippuen laink\u00e4ytt\u00f6alueesta.<\/p>\n\n\n\n<p><strong>Sivuston k\u00e4ytt\u00f6 alaik\u00e4isten toimesta<\/strong><br>Jos olet vanhempi tai huoltaja ja huomaat, ett\u00e4 lapsesi on antanut henkil\u00f6tietoja ilman suostumustasi, ota meihin yhteytt\u00e4. Jos huomaamme, ett\u00e4 alaik\u00e4inen on antanut henkil\u00f6tietoja ilman vanhempien suostumusta, ryhdymme toimiin tietojen poistamiseksi palvelimiltamme.<\/p>\n\n\n\n<p><strong>Vanhempien velvollisuudet<\/strong><br>Kannustamme vanhempia ja huoltajia seuraamaan lastensa verkkotoimintaa ja opastamaan heit\u00e4 liikkumaan internetiss\u00e4 turvallisesti. Cosmoflag ei tietoisesti ker\u00e4\u00e4 henkil\u00f6tietoja alaik\u00e4isilt\u00e4 ilman vanhempien tai huoltajien suostumusta. Jos ep\u00e4ilet, ett\u00e4 lapsesi on jakanut meille henkil\u00f6tietoja, ota v\u00e4litt\u00f6m\u00e4sti yhteytt\u00e4.<\/p>\n\n\n\n<p><strong>Vanhempien suostumus verkkopalveluihin<\/strong><br>Sovellettavien lakien mukaisesti vanhempien tai huoltajien on ehk\u00e4 annettava suostumus siihen, ett\u00e4 alaik\u00e4iset voivat k\u00e4ytt\u00e4\u00e4 tiettyj\u00e4 verkkopalveluja. Cosmoflag ottaa k\u00e4ytt\u00f6\u00f6n menettelyj\u00e4 k\u00e4ytt\u00e4jien i\u00e4n vahvistamiseksi ja vanhempien suostumuksen saamiseksi ennen henkil\u00f6tietojen ker\u00e4\u00e4mist\u00e4 paikallisten ja kansainv\u00e4listen lasten tietosuojalakien mukaisesti.<\/p>\n\n\n\n<p><strong>Cosmoflagin sitoutuminen<\/strong><br>Cosmoflag on sitoutunut suojelemaan kaikkien k\u00e4ytt\u00e4jien, erityisesti lasten, yksityisyytt\u00e4 ja turvallisuutta. Ryhdymme tiukkoihin toimenpiteisiin varmistaaksemme, ett\u00e4 p\u00e4\u00e4sy sivustollemme ja ker\u00e4\u00e4m\u00e4mme tiedot ovat sopivat k\u00e4ytt\u00e4j\u00e4n ik\u00e4\u00e4n sovellettavien lakien mukaisesti.<\/p>\n\n\n\n<p>Jos haluat lis\u00e4tietoja tai kysymyksi\u00e4 siit\u00e4, miten k\u00e4sittelemme alaik\u00e4isten tietoja ja suostumusta, ota meihin yhteytt\u00e4. Olemme sitoutuneet tekem\u00e4\u00e4n yhteisty\u00f6t\u00e4 vanhempien kanssa luodaksemme turvallisen ymp\u00e4rist\u00f6n sivustomme nuorille k\u00e4ytt\u00e4jille.<\/p>\n\n\n\n<hr class=\"wp-block-separator has-alpha-channel-opacity\"\/>\n\n\n\n<h3 class=\"wp-block-heading\" id=\"article-9-changes-to-this-privacy-policy\">9 artikla - Muutokset t\u00e4h\u00e4n tietosuojak\u00e4yt\u00e4nt\u00f6\u00f6n<\/h3>\n\n\n\n<p><strong>Muutokset ja p\u00e4ivitykset<\/strong><br>Cosmoflag pid\u00e4tt\u00e4\u00e4 oikeuden p\u00e4ivitt\u00e4\u00e4 tai muuttaa t\u00e4t\u00e4 tietosuojak\u00e4yt\u00e4nt\u00f6\u00e4 milloin tahansa ilman ennakkoilmoitusta. Muutokset tulevat voimaan v\u00e4litt\u00f6m\u00e4sti, kun ne julkaistaan verkkosivustollamme. Kehotamme sinua tarkistamaan t\u00e4m\u00e4n sivun s\u00e4\u00e4nn\u00f6llisesti, jotta pysyt ajan tasalla p\u00e4ivityksist\u00e4.<\/p>\n\n\n\n<p><strong>Ilmoitus muutoksista<\/strong><br>Jos t\u00e4h\u00e4n tietosuojak\u00e4yt\u00e4nt\u00f6\u00f6n tehd\u00e4\u00e4n merkitt\u00e4vi\u00e4 muutoksia, pyrimme ilmoittamaan niist\u00e4 n\u00e4kyv\u00e4sti verkkosivustollamme tai s\u00e4hk\u00f6postitse, jos olet tilannut uutiskirjeemme. N\u00e4in varmistamme, ett\u00e4 olet aina tietoinen ker\u00e4\u00e4mist\u00e4mme tiedoista, siit\u00e4, miten niit\u00e4 k\u00e4ytet\u00e4\u00e4n ja miss\u00e4 olosuhteissa (jos sellaisia on) jaamme niit\u00e4.<\/p>\n\n\n\n<p><strong>Muutosten vaikutus<\/strong><br>Tietosuojak\u00e4yt\u00e4nt\u00f6mme muutokset voivat vaikuttaa siihen, miten k\u00e4sittelemme ennen muutosp\u00e4iv\u00e4\u00e4 annettuja henkil\u00f6tietoja. Merkitt\u00e4vien muutosten osalta saatamme muutosten luonteesta riippuen pyyt\u00e4\u00e4 uutta suostumusta p\u00e4ivitettyihin ehtoihin.<\/p>\n\n\n\n<p><strong>Oikeudet ja velvollisuudet<\/strong><br>Oikeutemme muuttaa tietosuojak\u00e4yt\u00e4nt\u00f6\u00e4 on sidottu sitoumukseemme noudattaa lakeja ja eettisi\u00e4 standardeja yksityisyyden ja tietosuojan alalla. Muutokset ovat aina sovellettavien lakien mukaisia, eiv\u00e4tk\u00e4 ne v\u00e4henn\u00e4 oikeuksiasi ilman nimenomaista suostumusta.<\/p>\n\n\n\n<p><strong>Muutoshistoria<\/strong><br>Avoimuuden lis\u00e4\u00e4miseksi voimme tarjota t\u00e4m\u00e4n tietosuojak\u00e4yt\u00e4nn\u00f6n muutoshistorian, jotta voit seurata p\u00e4ivityksi\u00e4 ajan mittaan. T\u00e4m\u00e4 auttaa sinua ymm\u00e4rt\u00e4m\u00e4\u00e4n paremmin, miten k\u00e4sittelemme henkil\u00f6tietoja ja miten parannamme jatkuvasti tietosuojak\u00e4yt\u00e4nt\u00f6j\u00e4mme.<\/p>\n\n\n\n<p><strong>Ota yhteytt\u00e4<\/strong><br>Jos sinulla on t\u00e4t\u00e4 tietosuojak\u00e4yt\u00e4nt\u00f6\u00e4 tai sen muutoksia koskevia kysymyksi\u00e4 tai huolenaiheita, ota meihin yhteytt\u00e4 osoitteessa <strong><a>info@cosmoflag.com<\/a><\/strong>. Olemme sitoutuneet vastaamaan kyselyihisi ja antamaan tarvittavia selvityksi\u00e4 oikeuksistasi ja hallinnoimistamme henkil\u00f6tiedoista.<\/p>\n\n\n\n<hr class=\"wp-block-separator has-alpha-channel-opacity\"\/>\n\n\n\n<h3 class=\"wp-block-heading\" id=\"contact-information\">Yhteystiedot<\/h3>\n\n\n\n<p>Jos sinulla on kysytt\u00e4v\u00e4\u00e4, tarvitset lis\u00e4tietoja tietosuojak\u00e4yt\u00e4nn\u00f6ist\u00e4mme tai tarvitset apua henkil\u00f6tietojesi osalta, ota yhteytt\u00e4 asiakaspalvelutiimiimme:<\/p>\n\n\n\n<ul class=\"wp-block-list\">\n<li><strong>S\u00e4hk\u00f6posti<\/strong>: Ota meihin yhteytt\u00e4 milloin tahansa osoitteessa <strong><a>info@cosmoflag.com<\/a><\/strong> jos sinulla on kysytt\u00e4v\u00e4\u00e4 tai huolenaiheita.<\/li>\n\n\n\n<li><strong>Postiosoite<\/strong>: Voit my\u00f6s kirjoittaa meille osoitteeseen, joka l\u00f6ytyy verkkosivujemme \"Yhteystiedot\"-osiosta.<\/li>\n\n\n\n<li><strong>Yhteydenottolomake<\/strong>: K\u00e4y verkkosivuillamme ja k\u00e4yt\u00e4 k\u00e4ytett\u00e4viss\u00e4 olevaa yhteydenottolomaketta l\u00e4hett\u00e4\u00e4ksesi kysymyksesi suoraan tiimillemme.<\/li>\n<\/ul>\n\n\n\n<p>Olemme sitoutuneet k\u00e4sittelem\u00e4\u00e4n kaikki pyynn\u00f6t viipym\u00e4tt\u00e4 ja tarjoamaan tarvittavaa tukea, jotta voimme varmistaa tyytyv\u00e4isyytesi ja henkil\u00f6tietojesi suojan.<\/p>","protected":false},"excerpt":{"rendered":"<p>Introduction to Cosmoflag&#8217;s Privacy Statement At Cosmoflag, we understand that protecting your privacy is essential, and we are committed to respecting it. As an online store dedicated to selling high-quality flags, we collect certain information to enhance your shopping experience while ensuring the security and confidentiality of your personal data. Our Privacy Statement explains how [&hellip;]<\/p>\n","protected":false},"author":1,"featured_media":0,"parent":0,"menu_order":0,"comment_status":"closed","ping_status":"closed","template":"","meta":{"_gspb_post_css":"","iawp_total_views":5,"footnotes":""},"class_list":["post-2559","page","type-page","status-publish","hentry"],"blocksy_meta":[],"_links":{"self":[{"href":"https:\/\/cosmoflag.com\/fi\/wp-json\/wp\/v2\/pages\/2559","targetHints":{"allow":["GET"]}}],"collection":[{"href":"https:\/\/cosmoflag.com\/fi\/wp-json\/wp\/v2\/pages"}],"about":[{"href":"https:\/\/cosmoflag.com\/fi\/wp-json\/wp\/v2\/types\/page"}],"author":[{"embeddable":true,"href":"https:\/\/cosmoflag.com\/fi\/wp-json\/wp\/v2\/users\/1"}],"replies":[{"embeddable":true,"href":"https:\/\/cosmoflag.com\/fi\/wp-json\/wp\/v2\/comments?post=2559"}],"version-history":[{"count":0,"href":"https:\/\/cosmoflag.com\/fi\/wp-json\/wp\/v2\/pages\/2559\/revisions"}],"wp:attachment":[{"href":"https:\/\/cosmoflag.com\/fi\/wp-json\/wp\/v2\/media?parent=2559"}],"curies":[{"name":"wp","href":"https:\/\/api.w.org\/{rel}","templated":true}]}}