{"id":2557,"date":"2025-01-01T18:37:03","date_gmt":"2025-01-01T18:37:03","guid":{"rendered":"https:\/\/cosmoflag.com\/?page_id=2557"},"modified":"2025-01-01T20:53:53","modified_gmt":"2025-01-01T20:53:53","slug":"oikeudellinen-huomautus","status":"publish","type":"page","link":"https:\/\/cosmoflag.com\/fi\/oikeudellinen-huomautus\/","title":{"rendered":"Oikeudellinen huomautus"},"content":{"rendered":"<h3 class=\"wp-block-heading\" id=\"identification\">Tunnistaminen<\/h3>\n\n\n\n<p>T\u00e4t\u00e4 sivustoa yll\u00e4pit\u00e4\u00e4 <strong>Cosmoflag<\/strong>.<\/p>\n\n\n\n<p><strong>Osoite<\/strong>:<br>2 rue des Jardins de Cl\u00e9op\u00e2tre, 34170 Castelnau-le-Lez, Ranska.<\/p>\n\n\n\n<p><strong>Julkaisup\u00e4\u00e4llikk\u00f6<\/strong>:<br>Herra Koessler, Cosmoflag.<\/p>\n\n\n\n<p>Sivuston toimintaan liittyviss\u00e4 tiedusteluissa ota yhteytt\u00e4: <strong><a>info@cosmoflag.com<\/a><\/strong>.<\/p>\n\n\n\n<hr class=\"wp-block-separator has-alpha-channel-opacity\"\/>\n\n\n\n<h3 class=\"wp-block-heading\" id=\"terms-of-use\">K\u00e4ytt\u00f6ehdot<\/h3>\n\n\n\n<p>K\u00e4ytt\u00e4m\u00e4ll\u00e4 t\u00e4t\u00e4 sivustoa k\u00e4vij\u00e4 vahvistaa, ett\u00e4 h\u00e4nell\u00e4 on ollut mahdollisuus tutustua n\u00e4ihin k\u00e4ytt\u00f6ehtoihin sek\u00e4 yleisiin myyntiehtoihin. Cosmoflag pyrkii parhaan kykyns\u00e4 mukaan varmistamaan t\u00e4ll\u00e4 sivustolla annettujen tietojen oikeellisuuden ja ajantasaisuuden ja pid\u00e4tt\u00e4\u00e4 oikeuden muuttaa sivuston sis\u00e4lt\u00f6\u00e4 milloin tahansa ilman ennakkoilmoitusta. Cosmoflag ei kuitenkaan voi taata t\u00e4ll\u00e4 sivustolla olevien tietojen tarkkuutta, t\u00e4sm\u00e4llisyytt\u00e4 tai t\u00e4ydellisyytt\u00e4.<\/p>\n\n\n\n<p>N\u00e4in ollen Cosmoflag ei vastaa mist\u00e4\u00e4n seuraavista:<\/p>\n\n\n\n<ul class=\"wp-block-list\">\n<li>Sivuston toiminnan keskeytyminen tai vikojen esiintyminen;<\/li>\n\n\n\n<li>Sivustolla saatavilla olevissa tiedoissa olevat ep\u00e4tarkkuudet tai puutteet;<\/li>\n\n\n\n<li>Vahingot, jotka johtuvat kolmannen osapuolen luvattomasta tunkeutumisesta, joka johtaa muutoksiin sivustolla annetuissa tiedoissa;<\/li>\n\n\n\n<li>Ja yleisemmin kaikki v\u00e4litt\u00f6m\u00e4t tai v\u00e4lilliset vahingot riippumatta niiden syyst\u00e4, alkuper\u00e4st\u00e4, luonteesta tai seurauksista.<\/li>\n<\/ul>\n\n\n\n<hr class=\"wp-block-separator has-alpha-channel-opacity\"\/>\n\n\n\n<h3 class=\"wp-block-heading\" id=\"links\">Linkit<\/h3>\n\n\n\n<p>Sivusto voi sis\u00e4lt\u00e4\u00e4 linkkej\u00e4 muille verkkosivustoille tai ulkoisiin internetl\u00e4hteisiin. Koska Cosmoflag ei voi valvoa n\u00e4it\u00e4 ulkoisia sivustoja ja l\u00e4hteit\u00e4, Cosmoflagia ei voida pit\u00e4\u00e4 vastuullisena t\u00e4llaisten ulkoisten sivustojen ja l\u00e4hteiden saatavuudesta, eik\u00e4 se ota vastuuta n\u00e4ill\u00e4 ulkoisilla sivustoilla tai l\u00e4hteill\u00e4 saatavilla olevasta sis\u00e4ll\u00f6st\u00e4, mainoksista, tuotteista, palveluista tai muusta materiaalista.<\/p>\n\n\n\n<hr class=\"wp-block-separator has-alpha-channel-opacity\"\/>\n\n\n\n<h3 class=\"wp-block-heading\" id=\"intellectual-property\">Immateriaalioikeudet<\/h3>\n\n\n\n<p>Sivusto ja sen yhteydess\u00e4 k\u00e4ytett\u00e4v\u00e4t ohjelmistot saattavat sis\u00e4lt\u00e4\u00e4 luottamuksellista tietoa, jota suojataan immateriaalioikeuksilla tai muilla laeilla. Ellei toisin mainita, sivuston sis\u00e4lt\u00e4miin asiakirjoihin ja kaikkiin t\u00e4t\u00e4 sivustoa varten luotuihin elementteihin liittyv\u00e4t immateriaalioikeudet ovat Cosmoflagin yksinomaista omaisuutta. Mit\u00e4\u00e4n muita lisenssej\u00e4 tai oikeuksia kuin sivustoon tutustumiseen liittyvi\u00e4 oikeuksia ei my\u00f6nnet\u00e4.<\/p>\n\n\n\n<hr class=\"wp-block-separator has-alpha-channel-opacity\"\/>\n\n\n\n<h3 class=\"wp-block-heading\" id=\"photo-credits-and-sources\">Kuvaluotot ja l\u00e4hteet<\/h3>\n\n\n\n<p>T\u00e4m\u00e4n sivun p\u00e4ivitykset eiv\u00e4t ole automaattisia sivustolla n\u00e4kyvien valokuvien p\u00e4ivitysten ohella. Sivustolla voi olla esill\u00e4 eri valokuvaajien kuvia vuodenajasta riippuen.<\/p>\n\n\n\n<hr class=\"wp-block-separator has-alpha-channel-opacity\"\/>\n\n\n\n<h3 class=\"wp-block-heading\" id=\"data-privacy\">Tietosuoja<\/h3>\n\n\n\n<p>Kaikkiin henkil\u00f6tietoihin, jotka k\u00e4ytt\u00e4j\u00e4 voi toimittaa Cosmoflagille tiettyj\u00e4 palveluja varten, sovelletaan Ranskan lains\u00e4\u00e4d\u00e4nn\u00f6n m\u00e4\u00e4r\u00e4yksi\u00e4. <strong>Laki nro 78-17 tietotekniikasta, tiedostoista ja kansalaisvapauksista.<\/strong> 6. tammikuuta 1978.<\/p>\n\n\n\n<p>K\u00e4ytt\u00e4jill\u00e4 on n\u00e4in ollen oikeus tutustua itse\u00e4\u00e4n koskeviin henkil\u00f6tietoihin, oikaista niit\u00e4 ja poistaa ne. T\u00e4t\u00e4 oikeutta voi k\u00e4ytt\u00e4\u00e4 milloin tahansa l\u00e4hett\u00e4m\u00e4ll\u00e4 s\u00e4hk\u00f6postia osoitteeseen: <strong><a>info@cosmoflag.com<\/a><\/strong>.<\/p>\n\n\n\n<hr class=\"wp-block-separator has-alpha-channel-opacity\"\/>\n\n\n\n<h3 class=\"wp-block-heading\" id=\"cookies\">Ev\u00e4steet<\/h3>\n\n\n\n<p>Cosmoflag k\u00e4ytt\u00e4\u00e4 ev\u00e4steit\u00e4 parantaakseen asiakkaille tarjottavaa henkil\u00f6kohtaista palvelua ja mitatakseen sivuston liikennett\u00e4. K\u00e4ytt\u00e4jille ilmoitetaan ensimm\u00e4isell\u00e4 vierailullaan n\u00e4iden seurantalaitteiden k\u00e4yt\u00f6st\u00e4, ja jatkuva selailu merkitsee niiden k\u00e4yt\u00f6n hyv\u00e4ksymist\u00e4. Laiteasetusten avulla k\u00e4ytt\u00e4j\u00e4t voivat kielt\u00e4\u00e4 niiden k\u00e4yt\u00f6n.<\/p>\n\n\n\n<hr class=\"wp-block-separator has-alpha-channel-opacity\"\/>\n\n\n\n<h3 class=\"wp-block-heading\" id=\"newsletters\">Uutiskirjeet<\/h3>\n\n\n\n<p>Uutiskirjeemme l\u00e4hetet\u00e4\u00e4n s\u00e4hk\u00f6postitse niille k\u00e4ytt\u00e4jille, jotka ovat valinneet niiden vastaanottamisen. Voit peruuttaa tilauksen milloin tahansa napsauttamalla jokaisen uutiskirjeen alareunassa olevaa linkki\u00e4.<\/p>\n\n\n\n<hr class=\"wp-block-separator has-alpha-channel-opacity\"\/>\n\n\n\n<h3 class=\"wp-block-heading\" id=\"for-further-assistance\">Lis\u00e4apua varten<\/h3>\n\n\n\n<p>Jos sinulla on muita tiedusteluja tai lis\u00e4tietoja, ota meihin yhteytt\u00e4 sivustollamme olevilla tavoilla.<\/p>","protected":false},"excerpt":{"rendered":"<p>Identification This site is operated by Cosmoflag. Address:2 rue des Jardins de Cl\u00e9op\u00e2tre, 34170 Castelnau-le-Lez, France. Publishing Manager:Mr. Koessler, Cosmoflag. For any inquiries regarding the site&#8217;s operation, please contact: info@cosmoflag.com. Terms of Use By using this site, the visitor acknowledges that they have had the opportunity to review these Terms of Use as well as [&hellip;]<\/p>\n","protected":false},"author":1,"featured_media":0,"parent":0,"menu_order":0,"comment_status":"closed","ping_status":"closed","template":"","meta":{"_gspb_post_css":"","iawp_total_views":1,"footnotes":""},"class_list":["post-2557","page","type-page","status-publish","hentry"],"blocksy_meta":[],"_links":{"self":[{"href":"https:\/\/cosmoflag.com\/fi\/wp-json\/wp\/v2\/pages\/2557","targetHints":{"allow":["GET"]}}],"collection":[{"href":"https:\/\/cosmoflag.com\/fi\/wp-json\/wp\/v2\/pages"}],"about":[{"href":"https:\/\/cosmoflag.com\/fi\/wp-json\/wp\/v2\/types\/page"}],"author":[{"embeddable":true,"href":"https:\/\/cosmoflag.com\/fi\/wp-json\/wp\/v2\/users\/1"}],"replies":[{"embeddable":true,"href":"https:\/\/cosmoflag.com\/fi\/wp-json\/wp\/v2\/comments?post=2557"}],"version-history":[{"count":0,"href":"https:\/\/cosmoflag.com\/fi\/wp-json\/wp\/v2\/pages\/2557\/revisions"}],"wp:attachment":[{"href":"https:\/\/cosmoflag.com\/fi\/wp-json\/wp\/v2\/media?parent=2557"}],"curies":[{"name":"wp","href":"https:\/\/api.w.org\/{rel}","templated":true}]}}