{"id":16,"date":"2024-05-22T13:40:16","date_gmt":"2024-05-22T13:40:16","guid":{"rendered":"https:\/\/startersites.io\/blocksy\/furniture\/?page_id=16"},"modified":"2025-01-26T20:23:02","modified_gmt":"2025-01-26T20:23:02","slug":"meista","status":"publish","type":"page","link":"https:\/\/cosmoflag.com\/fi\/meista\/","title":{"rendered":"Tietoa meist\u00e4"},"content":{"rendered":"<div class=\"wp-block-greenshift-blocks-row gspb_row gspb_row-id-gsbp-63ba5b3\" id=\"gspb_row-id-gsbp-63ba5b3\"><div class=\"gspb_row__content\"> \n<div class=\"wp-block-greenshift-blocks-row-column gspb_row__col--12 gspb_col-id-gsbp-184e5ba\" id=\"gspb_col-id-gsbp-184e5ba\">\n<div id=\"gspb_text-id-gsbp-d4d1a69\" class=\"gspb_text gspb_text-id-gsbp-d4d1a69\">Etel\u00e4-Ranskan Montpellier'n syd\u00e4mess\u00e4 sijaitseva verkkokauppamme on jo yli kolmen vuoden ajan her\u00e4tt\u00e4nyt intohimoa kansallisia, alueellisia, historiallisia ja koristeellisia lippuja kohtaan. Osoitteessa 45 rue de la Libert\u00e9, 34000 Montpellier, sijaitsevasta toimipisteest\u00e4mme k\u00e4sin juhlistamme maailmanlaajuisen perinn\u00f6n ja ylpeyden rikasta kudosta.<br><br>Cosmoflagilla meit\u00e4 ohjaa yksinkertainen mutta syv\u00e4llinen missio: yhdist\u00e4\u00e4 kulttuureja lippujen universaalin symbolin avulla. Uskomme, ett\u00e4 jokainen lippu kertoo identiteetist\u00e4, historiasta ja arvoista, mink\u00e4 vuoksi valitsemme huolellisesti tuotteita, jotka edustavat kansojen ja niiden ihmisten olemusta.<br>Verkkokaupassamme on laaja valikoima korkealaatuisia lippuja, jotka on suunniteltu kest\u00e4viksi ja kest\u00e4viksi, jotta ne kertovat tarinoita viel\u00e4 vuosienkin p\u00e4\u00e4st\u00e4.<br><br>Asiakastyytyv\u00e4isyys on kaiken toimintamme ydin. Asiakaspalvelutiimimme on aina valmis auttamaan sinua kaikissa tiedusteluissa, opastamaan sinua ostoprosessin l\u00e4pi tai k\u00e4sittelem\u00e4\u00e4n tilauksiisi liittyvi\u00e4 huolenaiheita. Ota rohkeasti yhteytt\u00e4 verkkolomakkeemme kautta tai s\u00e4hk\u00f6postitse osoitteessa <a>contact@cosmoflag.com<\/a>. Olemme t\u00e4\u00e4ll\u00e4 joka p\u00e4iv\u00e4 varmistaaksemme, ett\u00e4 kokemuksesi on yht\u00e4 rikastuttava kuin toimittamamme liput.<br><br>Tutustu verkkokauppaamme ja syvenny v\u00e4reihin, tarinoihin ja perinteisiin, jotka tekev\u00e4t jokaisesta lipusta ainutlaatuisen kansallisen identiteetin tunnuksen.<br>Kiitos, ett\u00e4 olet mukana matkallamme Cosmoflagissa.<br><br>L\u00e4mpim\u00e4t terveiset, Cosmoflag-tiimi<\/div>\n<\/div>\n <\/div><\/div>","protected":false},"excerpt":{"rendered":"","protected":false},"author":1,"featured_media":0,"parent":0,"menu_order":0,"comment_status":"closed","ping_status":"closed","template":"","meta":{"_gspb_post_css":"#gspb_row-id-gsbp-63ba5b3{justify-content:space-between;margin-top:0;margin-bottom:0;display:flex;flex-wrap:wrap}#gspb_row-id-gsbp-63ba5b3>.gspb_row__content{display:flex;justify-content:space-between;margin:0 auto;width:100%;flex-wrap:wrap}.gspb_row{position:relative}div[id^=gspb_col-id]{box-sizing:border-box;position:relative;padding:var(--gs-row-column-padding, 15px min(3vw, 20px))}body.gspb-bodyfront #gspb_row-id-gsbp-63ba5b3>.gspb_row__content{width:var(--theme-container-width, 1200px);max-width:var(--theme-normal-container-max-width, 1200px)}#gspb_col-id-gsbp-184e5ba.gspb_row__col--12{width:100%}@media (max-width:575.98px){#gspb_col-id-gsbp-184e5ba.gspb_row__col--12{width:100%}}","iawp_total_views":39,"footnotes":""},"class_list":["post-16","page","type-page","status-publish","hentry"],"blocksy_meta":{"has_hero_section":"default","vertical_spacing_source":"custom","content_area_spacing":"none","styles_descriptor":{"styles":{"desktop":"","tablet":"","mobile":""},"google_fonts":[],"version":6}},"_links":{"self":[{"href":"https:\/\/cosmoflag.com\/fi\/wp-json\/wp\/v2\/pages\/16","targetHints":{"allow":["GET"]}}],"collection":[{"href":"https:\/\/cosmoflag.com\/fi\/wp-json\/wp\/v2\/pages"}],"about":[{"href":"https:\/\/cosmoflag.com\/fi\/wp-json\/wp\/v2\/types\/page"}],"author":[{"embeddable":true,"href":"https:\/\/cosmoflag.com\/fi\/wp-json\/wp\/v2\/users\/1"}],"replies":[{"embeddable":true,"href":"https:\/\/cosmoflag.com\/fi\/wp-json\/wp\/v2\/comments?post=16"}],"version-history":[{"count":0,"href":"https:\/\/cosmoflag.com\/fi\/wp-json\/wp\/v2\/pages\/16\/revisions"}],"wp:attachment":[{"href":"https:\/\/cosmoflag.com\/fi\/wp-json\/wp\/v2\/media?parent=16"}],"curies":[{"name":"wp","href":"https:\/\/api.w.org\/{rel}","templated":true}]}}