{"id":2529,"date":"2024-12-20T11:32:00","date_gmt":"2024-12-20T09:32:00","guid":{"rendered":"https:\/\/cosmoflag.com\/?post_type=product&#038;p=2529"},"modified":"2025-11-27T20:53:32","modified_gmt":"2025-11-27T18:53:32","slug":"bandera-real-de-escocia","status":"publish","type":"product","link":"https:\/\/cosmoflag.com\/es\/producto\/bandera-real-de-escocia\/","title":{"rendered":"Bandera Real de Escocia"},"content":{"rendered":"<h3><strong>Royal Banner of Scotland Bandera Caracter\u00edsticas<\/strong><\/h3>\n<p>Nuestra bandera Royal Banner of Scotland est\u00e1 fabricada en poli\u00e9ster de primera calidad, lo que garantiza una excelente durabilidad para un uso prolongado en interiores y exteriores. Incorpora ojales met\u00e1licos para facilitar su instalaci\u00f3n y asegurar su sujeci\u00f3n, incluso en condiciones meteorol\u00f3gicas adversas. Con unas medidas de 90 x 150 cm, esta bandera garantiza una excelente visibilidad en m\u00e1stiles, paredes o durante eventos y recreaciones hist\u00f3ricas.<\/p>\n<h3><strong>S\u00edmbolo del patrimonio real<\/strong><\/h3>\n<p>El Estandarte Real de Escocia, tambi\u00e9n conocido como el \"Le\u00f3n rampante\", es un emblema de la monarqu\u00eda escocesa. La bandera muestra un audaz le\u00f3n rojo erguido sobre sus patas traseras, rodeado de un doble borde rojo con flores de lis, todo ello sobre un fondo dorado. Esta bandera, reservada en un principio al Rey de Escocia, es hoy un preciado s\u00edmbolo del legado real y el orgullo cultural de Escocia.<\/p>\n<h3><strong>Versatilidad de uso<\/strong><\/h3>\n<p>Perfecto para recreaciones hist\u00f3ricas, celebraciones culturales, fines educativos o colecciones personales, el Estandarte Real de Escocia es una representaci\u00f3n significativa del pasado real y el orgullo nacional de Escocia. Sus colores resistentes a la decoloraci\u00f3n y su robusto dise\u00f1o garantizan que siga siendo vibrante e impactante con el paso del tiempo.<\/p>","protected":false},"excerpt":{"rendered":"<p>Bandera de 150 x 90 cm con 2 resistentes ojales met\u00e1licos para colgarla con seguridad.<\/p>","protected":false},"featured_media":1356,"comment_status":"open","ping_status":"closed","template":"","meta":{"_gspb_post_css":"","iawp_total_views":19},"product_brand":[],"product_cat":[71,70],"product_tag":[],"class_list":{"0":"post-2529","1":"product","2":"type-product","3":"status-publish","4":"has-post-thumbnail","6":"product_cat-united-kingdom-regions-flags","7":"product_cat-regional-flags","9":"first","10":"instock","11":"sale","12":"shipping-taxable","13":"purchasable","14":"product-type-simple"},"_links":{"self":[{"href":"https:\/\/cosmoflag.com\/es\/wp-json\/wp\/v2\/product\/2529","targetHints":{"allow":["GET"]}}],"collection":[{"href":"https:\/\/cosmoflag.com\/es\/wp-json\/wp\/v2\/product"}],"about":[{"href":"https:\/\/cosmoflag.com\/es\/wp-json\/wp\/v2\/types\/product"}],"replies":[{"embeddable":true,"href":"https:\/\/cosmoflag.com\/es\/wp-json\/wp\/v2\/comments?post=2529"}],"wp:featuredmedia":[{"embeddable":true,"href":"https:\/\/cosmoflag.com\/es\/wp-json\/wp\/v2\/media\/1356"}],"wp:attachment":[{"href":"https:\/\/cosmoflag.com\/es\/wp-json\/wp\/v2\/media?parent=2529"}],"wp:term":[{"taxonomy":"product_brand","embeddable":true,"href":"https:\/\/cosmoflag.com\/es\/wp-json\/wp\/v2\/product_brand?post=2529"},{"taxonomy":"product_cat","embeddable":true,"href":"https:\/\/cosmoflag.com\/es\/wp-json\/wp\/v2\/product_cat?post=2529"},{"taxonomy":"product_tag","embeddable":true,"href":"https:\/\/cosmoflag.com\/es\/wp-json\/wp\/v2\/product_tag?post=2529"}],"curies":[{"name":"wp","href":"https:\/\/api.w.org\/{rel}","templated":true}]}}