{"id":2528,"date":"2024-12-20T11:24:00","date_gmt":"2024-12-20T09:24:00","guid":{"rendered":"https:\/\/cosmoflag.com\/?post_type=product&#038;p=2528"},"modified":"2025-08-12T21:18:46","modified_gmt":"2025-08-12T19:18:46","slug":"bandera-de-samoa","status":"publish","type":"product","link":"https:\/\/cosmoflag.com\/es\/producto\/bandera-de-samoa\/","title":{"rendered":"Bandera de Samoa"},"content":{"rendered":"<h3><strong>Caracter\u00edsticas de la bandera de Samoa<\/strong><\/h3>\n<p>Nuestra bandera de Samoa est\u00e1 fabricada en poli\u00e9ster de primera calidad, lo que garantiza una excelente durabilidad para un uso prolongado en interiores y exteriores. Dispone de ojales met\u00e1licos para una instalaci\u00f3n sencilla y una sujeci\u00f3n segura, incluso en condiciones meteorol\u00f3gicas adversas. Con unas medidas de 90 x 150 cm, esta bandera ofrece una excelente visibilidad en m\u00e1stiles, paredes o durante eventos culturales y celebraciones.<\/p>\n<h3><strong>S\u00edmbolo de unidad y tradici\u00f3n<\/strong><\/h3>\n<p>La bandera de Samoa, adoptada oficialmente en 1949, presenta un llamativo campo rojo que simboliza el valor, mientras que el cant\u00f3n azul representa la libertad. Las cinco estrellas blancas del cant\u00f3n representan la constelaci\u00f3n de la Cruz del Sur, emblema de la situaci\u00f3n geogr\u00e1fica de Samoa y su conexi\u00f3n con el Pac\u00edfico. Este dise\u00f1o sencillo pero poderoso refleja la independencia, el orgullo y los valores culturales de la naci\u00f3n.<\/p>\n<h3><strong>Versatilidad de uso<\/strong><\/h3>\n<p>Perfecta para celebraciones nacionales, festivales culturales, exposiciones educativas o colecciones personales, la bandera de Samoa es una representaci\u00f3n significativa de la historia y la identidad de la naci\u00f3n. Sus colores resistentes a la decoloraci\u00f3n y su dise\u00f1o robusto garantizan que siga siendo vibrante e impactante con el paso del tiempo.<\/p>","protected":false},"excerpt":{"rendered":"<p>Bandera de 150 x 90 cm con 2 resistentes ojales met\u00e1licos para colgarla con seguridad.<\/p>","protected":false},"featured_media":1362,"comment_status":"open","ping_status":"closed","template":"","meta":{"_gspb_post_css":"","iawp_total_views":1},"product_brand":[],"product_cat":[67,58],"product_tag":[],"class_list":{"0":"post-2528","1":"product","2":"type-product","3":"status-publish","4":"has-post-thumbnail","6":"product_cat-oceania-flag","7":"product_cat-country-flags","9":"first","10":"instock","11":"sale","12":"shipping-taxable","13":"purchasable","14":"product-type-simple"},"_links":{"self":[{"href":"https:\/\/cosmoflag.com\/es\/wp-json\/wp\/v2\/product\/2528","targetHints":{"allow":["GET"]}}],"collection":[{"href":"https:\/\/cosmoflag.com\/es\/wp-json\/wp\/v2\/product"}],"about":[{"href":"https:\/\/cosmoflag.com\/es\/wp-json\/wp\/v2\/types\/product"}],"replies":[{"embeddable":true,"href":"https:\/\/cosmoflag.com\/es\/wp-json\/wp\/v2\/comments?post=2528"}],"wp:featuredmedia":[{"embeddable":true,"href":"https:\/\/cosmoflag.com\/es\/wp-json\/wp\/v2\/media\/1362"}],"wp:attachment":[{"href":"https:\/\/cosmoflag.com\/es\/wp-json\/wp\/v2\/media?parent=2528"}],"wp:term":[{"taxonomy":"product_brand","embeddable":true,"href":"https:\/\/cosmoflag.com\/es\/wp-json\/wp\/v2\/product_brand?post=2528"},{"taxonomy":"product_cat","embeddable":true,"href":"https:\/\/cosmoflag.com\/es\/wp-json\/wp\/v2\/product_cat?post=2528"},{"taxonomy":"product_tag","embeddable":true,"href":"https:\/\/cosmoflag.com\/es\/wp-json\/wp\/v2\/product_tag?post=2528"}],"curies":[{"name":"wp","href":"https:\/\/api.w.org\/{rel}","templated":true}]}}