{"id":2526,"date":"2024-12-20T10:42:00","date_gmt":"2024-12-20T08:42:00","guid":{"rendered":"https:\/\/cosmoflag.com\/?post_type=product&#038;p=2526"},"modified":"2025-08-12T21:18:47","modified_gmt":"2025-08-12T19:18:47","slug":"bandera-de-andorra","status":"publish","type":"product","link":"https:\/\/cosmoflag.com\/es\/producto\/bandera-de-andorra\/","title":{"rendered":"Bandera de Andorra"},"content":{"rendered":"<h3><strong>Caracter\u00edsticas de la bandera de Andorra<\/strong><\/h3>\n<p>Nuestra bandera de Andorra est\u00e1 fabricada en poli\u00e9ster de primera calidad, lo que garantiza una excelente durabilidad para un uso prolongado en interiores y exteriores. Dispone de ojales met\u00e1licos para una instalaci\u00f3n sencilla y una sujeci\u00f3n segura, incluso en condiciones meteorol\u00f3gicas adversas. Con unas medidas de 90 x 150 cm, esta bandera garantiza una excelente visibilidad en m\u00e1stiles, paredes o durante celebraciones y eventos nacionales.<\/p>\n<h3><strong>S\u00edmbolo de unidad e independencia<\/strong><\/h3>\n<p>La bandera de Andorra, adoptada oficialmente en 1866, presenta tres franjas verticales de color azul, amarillo y rojo. El azul simboliza la paz, el amarillo la prosperidad y el rojo el valor del pueblo andorrano. En el centro est\u00e1 el escudo de armas, que muestra los lazos hist\u00f3ricos de la naci\u00f3n con Francia y Espa\u00f1a. El lema \"Virtus Unita Fortior\" (La virtud unida es m\u00e1s fuerte) encarna la unidad y la fuerza de Andorra.<\/p>\n<h3><strong>Versatilidad de uso<\/strong><\/h3>\n<p>Perfecta para celebraciones nacionales, eventos culturales, exposiciones educativas o colecciones personales, la bandera de Andorra es una representaci\u00f3n significativa de la identidad y el patrimonio del pa\u00eds. Sus colores resistentes a la decoloraci\u00f3n y su dise\u00f1o robusto garantizan que siga siendo vibrante e impactante con el paso del tiempo.<\/p>","protected":false},"excerpt":{"rendered":"<p>Bandera de 150 x 90 cm con 2 resistentes ojales met\u00e1licos para colgarla con seguridad.<\/p>","protected":false},"featured_media":1454,"comment_status":"open","ping_status":"closed","template":"","meta":{"_gspb_post_css":"","iawp_total_views":12},"product_brand":[],"product_cat":[65,58],"product_tag":[],"class_list":{"0":"post-2526","1":"product","2":"type-product","3":"status-publish","4":"has-post-thumbnail","6":"product_cat-europe-flags","7":"product_cat-country-flags","9":"first","10":"instock","11":"sale","12":"shipping-taxable","13":"purchasable","14":"product-type-simple"},"_links":{"self":[{"href":"https:\/\/cosmoflag.com\/es\/wp-json\/wp\/v2\/product\/2526","targetHints":{"allow":["GET"]}}],"collection":[{"href":"https:\/\/cosmoflag.com\/es\/wp-json\/wp\/v2\/product"}],"about":[{"href":"https:\/\/cosmoflag.com\/es\/wp-json\/wp\/v2\/types\/product"}],"replies":[{"embeddable":true,"href":"https:\/\/cosmoflag.com\/es\/wp-json\/wp\/v2\/comments?post=2526"}],"wp:featuredmedia":[{"embeddable":true,"href":"https:\/\/cosmoflag.com\/es\/wp-json\/wp\/v2\/media\/1454"}],"wp:attachment":[{"href":"https:\/\/cosmoflag.com\/es\/wp-json\/wp\/v2\/media?parent=2526"}],"wp:term":[{"taxonomy":"product_brand","embeddable":true,"href":"https:\/\/cosmoflag.com\/es\/wp-json\/wp\/v2\/product_brand?post=2526"},{"taxonomy":"product_cat","embeddable":true,"href":"https:\/\/cosmoflag.com\/es\/wp-json\/wp\/v2\/product_cat?post=2526"},{"taxonomy":"product_tag","embeddable":true,"href":"https:\/\/cosmoflag.com\/es\/wp-json\/wp\/v2\/product_tag?post=2526"}],"curies":[{"name":"wp","href":"https:\/\/api.w.org\/{rel}","templated":true}]}}