{"id":2522,"date":"2024-12-19T22:31:00","date_gmt":"2024-12-19T20:31:00","guid":{"rendered":"https:\/\/cosmoflag.com\/?post_type=product&#038;p=2522"},"modified":"2025-08-12T21:18:49","modified_gmt":"2025-08-12T19:18:49","slug":"bandera-de-chicago","status":"publish","type":"product","link":"https:\/\/cosmoflag.com\/es\/producto\/bandera-de-chicago\/","title":{"rendered":"Bandera de la ciudad de Chicago"},"content":{"rendered":"<h3><strong>Caracter\u00edsticas de la bandera de Chicago<\/strong><\/h3>\n<p>Nuestra bandera de la ciudad de Chicago est\u00e1 fabricada en poli\u00e9ster de primera calidad, lo que garantiza una excelente durabilidad para un uso prolongado en interiores y exteriores. Incluye ojales met\u00e1licos para una instalaci\u00f3n sencilla y una sujeci\u00f3n segura, incluso en condiciones meteorol\u00f3gicas adversas. Con unas medidas de 90 x 150 cm, esta bandera garantiza una excelente visibilidad en m\u00e1stiles, paredes o durante eventos y celebraciones de la ciudad.<\/p>\n<h3><strong>Un s\u00edmbolo del legado de Chicago<\/strong><\/h3>\n<p>La bandera de Chicago, adoptada en 1917, tiene dos franjas horizontales azules sobre fondo blanco, que representan el lago Michigan y el r\u00edo Chicago. Entre las franjas hay cuatro estrellas rojas, que simbolizan acontecimientos significativos de la historia de la ciudad: Fort Dearborn, el Gran Incendio de Chicago, la Exposici\u00f3n Universal Colombina y la Exposici\u00f3n del Siglo de Progreso. Este dise\u00f1o atemporal refleja la resistencia, el progreso y el orgullo cultural de Chicago.<\/p>\n<h3><strong>Versatilidad de uso<\/strong><\/h3>\n<p>Perfecta para celebraciones de la ciudad, eventos culturales, fines educativos o como parte de una colecci\u00f3n personal, la bandera de Chicago es una representaci\u00f3n significativa del legado y la identidad de la ciudad. Sus colores resistentes a la decoloraci\u00f3n y su robusto dise\u00f1o garantizan que siga siendo vibrante e impactante con el paso del tiempo.<\/p>","protected":false},"excerpt":{"rendered":"<p>Bandera de 150 x 90 cm con 2 resistentes ojales met\u00e1licos para colgarla con seguridad.<\/p>","protected":false},"featured_media":1530,"comment_status":"open","ping_status":"closed","template":"","meta":{"_gspb_post_css":"","iawp_total_views":0},"product_brand":[],"product_cat":[72,70],"product_tag":[],"class_list":{"0":"post-2522","1":"product","2":"type-product","3":"status-publish","4":"has-post-thumbnail","6":"product_cat-american-state-flags","7":"product_cat-regional-flags","9":"first","10":"instock","11":"sale","12":"shipping-taxable","13":"purchasable","14":"product-type-simple"},"_links":{"self":[{"href":"https:\/\/cosmoflag.com\/es\/wp-json\/wp\/v2\/product\/2522","targetHints":{"allow":["GET"]}}],"collection":[{"href":"https:\/\/cosmoflag.com\/es\/wp-json\/wp\/v2\/product"}],"about":[{"href":"https:\/\/cosmoflag.com\/es\/wp-json\/wp\/v2\/types\/product"}],"replies":[{"embeddable":true,"href":"https:\/\/cosmoflag.com\/es\/wp-json\/wp\/v2\/comments?post=2522"}],"wp:featuredmedia":[{"embeddable":true,"href":"https:\/\/cosmoflag.com\/es\/wp-json\/wp\/v2\/media\/1530"}],"wp:attachment":[{"href":"https:\/\/cosmoflag.com\/es\/wp-json\/wp\/v2\/media?parent=2522"}],"wp:term":[{"taxonomy":"product_brand","embeddable":true,"href":"https:\/\/cosmoflag.com\/es\/wp-json\/wp\/v2\/product_brand?post=2522"},{"taxonomy":"product_cat","embeddable":true,"href":"https:\/\/cosmoflag.com\/es\/wp-json\/wp\/v2\/product_cat?post=2522"},{"taxonomy":"product_tag","embeddable":true,"href":"https:\/\/cosmoflag.com\/es\/wp-json\/wp\/v2\/product_tag?post=2522"}],"curies":[{"name":"wp","href":"https:\/\/api.w.org\/{rel}","templated":true}]}}