{"id":2521,"date":"2024-12-19T22:25:00","date_gmt":"2024-12-19T20:25:00","guid":{"rendered":"https:\/\/cosmoflag.com\/?post_type=product&#038;p=2521"},"modified":"2025-08-12T21:20:25","modified_gmt":"2025-08-12T19:20:25","slug":"bandera-de-las-comoras","status":"publish","type":"product","link":"https:\/\/cosmoflag.com\/es\/producto\/bandera-de-las-comoras\/","title":{"rendered":"Bandera de Comoras"},"content":{"rendered":"<h3><strong>Caracter\u00edsticas de la bandera de Comoras<\/strong><\/h3>\n<p>Nuestra bandera de Comoras est\u00e1 fabricada en poli\u00e9ster de primera calidad, lo que garantiza una excelente durabilidad para un uso prolongado en interiores y exteriores. Incorpora ojales met\u00e1licos para facilitar su instalaci\u00f3n y asegurar su sujeci\u00f3n, incluso en condiciones meteorol\u00f3gicas adversas. Con unas medidas de 90 x 150 cm, esta bandera garantiza una excelente visibilidad en m\u00e1stiles, paredes o durante eventos culturales y celebraciones.<\/p>\n<h3><strong>S\u00edmbolo de unidad y diversidad cultural<\/strong><\/h3>\n<p>La bandera de las Comoras, adoptada oficialmente en 2002, presenta cuatro franjas horizontales de color amarillo, blanco, rojo y azul, que representan las cuatro islas principales del archipi\u00e9lago de las Comoras: Moh\u00e9li, Mayotte, Anjouan y Gran Comora. Un tri\u00e1ngulo verde en el lado de la urdimbre contiene una media luna blanca y cuatro estrellas, s\u00edmbolo del Islam y de la unidad entre las islas. Este vibrante dise\u00f1o refleja la rica historia y la diversidad cultural de las Comoras.<\/p>\n<h3><strong>Versatilidad de uso<\/strong><\/h3>\n<p>Perfecta para celebraciones nacionales, eventos culturales, exposiciones educativas o colecciones personales, la bandera de las Comoras es una representaci\u00f3n significativa de la identidad y los valores de la naci\u00f3n. Sus colores resistentes a la decoloraci\u00f3n y su dise\u00f1o robusto garantizan que siga siendo vibrante e impactante con el paso del tiempo.<\/p>","protected":false},"excerpt":{"rendered":"<p>Bandera de 150 x 90 cm con 2 resistentes ojales met\u00e1licos para colgarla con seguridad.<\/p>","protected":false},"featured_media":1532,"comment_status":"open","ping_status":"closed","template":"","meta":{"_gspb_post_css":"","iawp_total_views":17},"product_brand":[],"product_cat":[60,58],"product_tag":[],"class_list":{"0":"post-2521","1":"product","2":"type-product","3":"status-publish","4":"has-post-thumbnail","6":"product_cat-africa-flags","7":"product_cat-country-flags","9":"first","10":"instock","11":"sale","12":"shipping-taxable","13":"purchasable","14":"product-type-simple"},"_links":{"self":[{"href":"https:\/\/cosmoflag.com\/es\/wp-json\/wp\/v2\/product\/2521","targetHints":{"allow":["GET"]}}],"collection":[{"href":"https:\/\/cosmoflag.com\/es\/wp-json\/wp\/v2\/product"}],"about":[{"href":"https:\/\/cosmoflag.com\/es\/wp-json\/wp\/v2\/types\/product"}],"replies":[{"embeddable":true,"href":"https:\/\/cosmoflag.com\/es\/wp-json\/wp\/v2\/comments?post=2521"}],"wp:featuredmedia":[{"embeddable":true,"href":"https:\/\/cosmoflag.com\/es\/wp-json\/wp\/v2\/media\/1532"}],"wp:attachment":[{"href":"https:\/\/cosmoflag.com\/es\/wp-json\/wp\/v2\/media?parent=2521"}],"wp:term":[{"taxonomy":"product_brand","embeddable":true,"href":"https:\/\/cosmoflag.com\/es\/wp-json\/wp\/v2\/product_brand?post=2521"},{"taxonomy":"product_cat","embeddable":true,"href":"https:\/\/cosmoflag.com\/es\/wp-json\/wp\/v2\/product_cat?post=2521"},{"taxonomy":"product_tag","embeddable":true,"href":"https:\/\/cosmoflag.com\/es\/wp-json\/wp\/v2\/product_tag?post=2521"}],"curies":[{"name":"wp","href":"https:\/\/api.w.org\/{rel}","templated":true}]}}