{"id":2520,"date":"2024-12-19T22:21:00","date_gmt":"2024-12-19T20:21:00","guid":{"rendered":"https:\/\/cosmoflag.com\/?post_type=product&#038;p=2520"},"modified":"2025-08-12T21:20:26","modified_gmt":"2025-08-12T19:20:26","slug":"bandera-de-costa-rica","status":"publish","type":"product","link":"https:\/\/cosmoflag.com\/es\/producto\/bandera-de-costa-rica\/","title":{"rendered":"Bandera de Costa Rica"},"content":{"rendered":"<h3><strong>Caracter\u00edsticas de la bandera de Costa Rica<\/strong><\/h3>\n<p>Nuestra bandera de Costa Rica est\u00e1 fabricada en poli\u00e9ster de primera calidad, lo que garantiza una excelente durabilidad para un uso prolongado en interiores y exteriores. Dispone de ojales met\u00e1licos para una instalaci\u00f3n sencilla y una sujeci\u00f3n segura, incluso en condiciones meteorol\u00f3gicas adversas. Con unas medidas de 90 x 150 cm, esta bandera garantiza una excelente visibilidad en m\u00e1stiles, paredes o durante eventos y celebraciones nacionales.<\/p>\n<h3><strong>S\u00edmbolo de paz y democracia<\/strong><\/h3>\n<p>La bandera de Costa Rica, adoptada oficialmente en 1848, consta de cinco franjas horizontales: azul, blanca y roja. Las franjas azules representan el cielo, las oportunidades y la perseverancia, mientras que las blancas simbolizan la paz, la sabidur\u00eda y la felicidad. La audaz franja roja del centro refleja el derramamiento de sangre por la libertad y la calidez y generosidad del pa\u00eds. La variante con el escudo nacional muestra las caracter\u00edsticas geogr\u00e1ficas y culturales de la naci\u00f3n, como los volcanes, los mares y el sol naciente.<\/p>\n<h3><strong>Versatilidad de uso<\/strong><\/h3>\n<p>Perfecta para celebraciones nacionales, eventos culturales, exposiciones educativas o colecciones personales, la bandera de Costa Rica es una representaci\u00f3n significativa de los valores y la identidad de la naci\u00f3n. Sus colores resistentes a la decoloraci\u00f3n y su dise\u00f1o robusto garantizan que siga siendo vibrante e impactante con el paso del tiempo.<\/p>","protected":false},"excerpt":{"rendered":"<p>Bandera de 150 x 90 cm con 2 resistentes ojales met\u00e1licos para colgarla con seguridad.<\/p>","protected":false},"featured_media":1536,"comment_status":"open","ping_status":"closed","template":"","meta":{"_gspb_post_css":"","iawp_total_views":7},"product_brand":[],"product_cat":[61,58],"product_tag":[],"class_list":{"0":"post-2520","1":"product","2":"type-product","3":"status-publish","4":"has-post-thumbnail","6":"product_cat-central-america-flags","7":"product_cat-country-flags","9":"first","10":"instock","11":"sale","12":"shipping-taxable","13":"purchasable","14":"product-type-simple"},"_links":{"self":[{"href":"https:\/\/cosmoflag.com\/es\/wp-json\/wp\/v2\/product\/2520","targetHints":{"allow":["GET"]}}],"collection":[{"href":"https:\/\/cosmoflag.com\/es\/wp-json\/wp\/v2\/product"}],"about":[{"href":"https:\/\/cosmoflag.com\/es\/wp-json\/wp\/v2\/types\/product"}],"replies":[{"embeddable":true,"href":"https:\/\/cosmoflag.com\/es\/wp-json\/wp\/v2\/comments?post=2520"}],"wp:featuredmedia":[{"embeddable":true,"href":"https:\/\/cosmoflag.com\/es\/wp-json\/wp\/v2\/media\/1536"}],"wp:attachment":[{"href":"https:\/\/cosmoflag.com\/es\/wp-json\/wp\/v2\/media?parent=2520"}],"wp:term":[{"taxonomy":"product_brand","embeddable":true,"href":"https:\/\/cosmoflag.com\/es\/wp-json\/wp\/v2\/product_brand?post=2520"},{"taxonomy":"product_cat","embeddable":true,"href":"https:\/\/cosmoflag.com\/es\/wp-json\/wp\/v2\/product_cat?post=2520"},{"taxonomy":"product_tag","embeddable":true,"href":"https:\/\/cosmoflag.com\/es\/wp-json\/wp\/v2\/product_tag?post=2520"}],"curies":[{"name":"wp","href":"https:\/\/api.w.org\/{rel}","templated":true}]}}