{"id":2518,"date":"2024-12-19T21:58:00","date_gmt":"2024-12-19T19:58:00","guid":{"rendered":"https:\/\/cosmoflag.com\/?post_type=product&#038;p=2518"},"modified":"2025-08-12T21:20:26","modified_gmt":"2025-08-12T19:20:26","slug":"bandera-de-eritrea","status":"publish","type":"product","link":"https:\/\/cosmoflag.com\/es\/producto\/bandera-de-eritrea\/","title":{"rendered":"Bandera de Eritrea"},"content":{"rendered":"<h3><strong>Caracter\u00edsticas de la bandera de Eritrea<\/strong><\/h3>\n<p>Nuestra bandera de Eritrea est\u00e1 fabricada en poli\u00e9ster de primera calidad, lo que garantiza una excelente durabilidad para un uso prolongado tanto en interiores como en exteriores. Incorpora ojales met\u00e1licos para facilitar su instalaci\u00f3n y asegurar su sujeci\u00f3n, incluso en condiciones meteorol\u00f3gicas adversas. Con unas medidas de 90 x 150 cm, esta bandera ofrece una visibilidad excepcional en m\u00e1stiles, paredes o durante celebraciones nacionales.<\/p>\n<h3><strong>S\u00edmbolo de unidad y progreso<\/strong><\/h3>\n<p>La bandera de Eritrea, adoptada oficialmente en 1995, presenta un singular dise\u00f1o triangular con campos verdes, rojos y azules. El verde representa la agricultura y la econom\u00eda del pa\u00eds, el azul simboliza el Mar Rojo y el rojo los sacrificios por la independencia. En el tri\u00e1ngulo rojo hay una rama de olivo dorada rodeada por una corona, que simboliza la paz y la fuerza duradera de la naci\u00f3n. Juntos, estos elementos encarnan la identidad y las aspiraciones de Eritrea.<\/p>\n<h3><strong>Versatilidad de uso<\/strong><\/h3>\n<p>Perfecta para celebraciones nacionales, eventos culturales, fines educativos o colecciones personales, la bandera de Eritrea es una representaci\u00f3n significativa de la historia y los valores del pa\u00eds. Sus colores resistentes a la decoloraci\u00f3n y su dise\u00f1o robusto garantizan que siga siendo vibrante e impactante con el paso del tiempo.<\/p>","protected":false},"excerpt":{"rendered":"<p>Bandera de 150 x 90 cm con 2 resistentes ojales met\u00e1licos para colgarla con seguridad.<\/p>","protected":false},"featured_media":1549,"comment_status":"open","ping_status":"closed","template":"","meta":{"_gspb_post_css":"","iawp_total_views":13},"product_brand":[],"product_cat":[60,58],"product_tag":[],"class_list":{"0":"post-2518","1":"product","2":"type-product","3":"status-publish","4":"has-post-thumbnail","6":"product_cat-africa-flags","7":"product_cat-country-flags","9":"first","10":"instock","11":"sale","12":"shipping-taxable","13":"purchasable","14":"product-type-simple"},"_links":{"self":[{"href":"https:\/\/cosmoflag.com\/es\/wp-json\/wp\/v2\/product\/2518","targetHints":{"allow":["GET"]}}],"collection":[{"href":"https:\/\/cosmoflag.com\/es\/wp-json\/wp\/v2\/product"}],"about":[{"href":"https:\/\/cosmoflag.com\/es\/wp-json\/wp\/v2\/types\/product"}],"replies":[{"embeddable":true,"href":"https:\/\/cosmoflag.com\/es\/wp-json\/wp\/v2\/comments?post=2518"}],"wp:featuredmedia":[{"embeddable":true,"href":"https:\/\/cosmoflag.com\/es\/wp-json\/wp\/v2\/media\/1549"}],"wp:attachment":[{"href":"https:\/\/cosmoflag.com\/es\/wp-json\/wp\/v2\/media?parent=2518"}],"wp:term":[{"taxonomy":"product_brand","embeddable":true,"href":"https:\/\/cosmoflag.com\/es\/wp-json\/wp\/v2\/product_brand?post=2518"},{"taxonomy":"product_cat","embeddable":true,"href":"https:\/\/cosmoflag.com\/es\/wp-json\/wp\/v2\/product_cat?post=2518"},{"taxonomy":"product_tag","embeddable":true,"href":"https:\/\/cosmoflag.com\/es\/wp-json\/wp\/v2\/product_tag?post=2518"}],"curies":[{"name":"wp","href":"https:\/\/api.w.org\/{rel}","templated":true}]}}