{"id":2517,"date":"2024-12-19T21:54:00","date_gmt":"2024-12-19T19:54:00","guid":{"rendered":"https:\/\/cosmoflag.com\/?post_type=product&#038;p=2517"},"modified":"2026-02-17T15:27:05","modified_gmt":"2026-02-17T13:27:05","slug":"bandera-de-la-union-europea","status":"publish","type":"product","link":"https:\/\/cosmoflag.com\/es\/producto\/bandera-de-la-union-europea\/","title":{"rendered":"Bandera de la Uni\u00f3n Europea"},"content":{"rendered":"<h3><strong>Bandera de la Uni\u00f3n Europea Caracter\u00edsticas<\/strong><\/h3>\n<p>Nuestra bandera de la Uni\u00f3n Europea est\u00e1 fabricada en poli\u00e9ster de primera calidad, lo que garantiza una excelente durabilidad para un uso prolongado tanto en interiores como en exteriores. Incluye ojales met\u00e1licos para una instalaci\u00f3n sencilla y una sujeci\u00f3n segura, incluso en condiciones meteorol\u00f3gicas adversas. Con unas medidas de 90 x 150 cm, esta bandera garantiza una excelente visibilidad en m\u00e1stiles, paredes o durante actos oficiales y culturales.<\/p>\n<h3><strong>S\u00edmbolo de unidad y cooperaci\u00f3n<\/strong><\/h3>\n<p>La bandera de la Uni\u00f3n Europea, adoptada en 1986, presenta un campo azul intenso que simboliza la unidad y la armon\u00eda de los pueblos de Europa. En el centro, doce estrellas doradas dispuestas en c\u00edrculo representan la solidaridad, la perfecci\u00f3n y la plenitud, reflejo de los principios fundacionales de la UE. La bandera es un s\u00edmbolo perdurable de cooperaci\u00f3n, democracia y valores compartidos por todos los Estados miembros.<\/p>\n<h3><strong>Versatilidad de uso<\/strong><\/h3>\n<p>Perfecta para actos oficiales, fines educativos, exposiciones culturales o colecciones personales, la bandera de la UE es una representaci\u00f3n significativa de la unidad europea y la identidad compartida. Sus colores resistentes a la decoloraci\u00f3n y su dise\u00f1o robusto garantizan su vitalidad e impacto a lo largo del tiempo.<\/p>","protected":false},"excerpt":{"rendered":"<p>Bandera de 150 x 90 cm con 2 resistentes ojales met\u00e1licos para colgarla con seguridad.<\/p>","protected":false},"featured_media":1560,"comment_status":"open","ping_status":"closed","template":"","meta":{"_gspb_post_css":"","iawp_total_views":72},"product_brand":[],"product_cat":[68],"product_tag":[],"class_list":{"0":"post-2517","1":"product","2":"type-product","3":"status-publish","4":"has-post-thumbnail","6":"product_cat-official-flags","8":"first","9":"instock","10":"sale","11":"shipping-taxable","12":"purchasable","13":"product-type-simple"},"_links":{"self":[{"href":"https:\/\/cosmoflag.com\/es\/wp-json\/wp\/v2\/product\/2517","targetHints":{"allow":["GET"]}}],"collection":[{"href":"https:\/\/cosmoflag.com\/es\/wp-json\/wp\/v2\/product"}],"about":[{"href":"https:\/\/cosmoflag.com\/es\/wp-json\/wp\/v2\/types\/product"}],"replies":[{"embeddable":true,"href":"https:\/\/cosmoflag.com\/es\/wp-json\/wp\/v2\/comments?post=2517"}],"wp:featuredmedia":[{"embeddable":true,"href":"https:\/\/cosmoflag.com\/es\/wp-json\/wp\/v2\/media\/1560"}],"wp:attachment":[{"href":"https:\/\/cosmoflag.com\/es\/wp-json\/wp\/v2\/media?parent=2517"}],"wp:term":[{"taxonomy":"product_brand","embeddable":true,"href":"https:\/\/cosmoflag.com\/es\/wp-json\/wp\/v2\/product_brand?post=2517"},{"taxonomy":"product_cat","embeddable":true,"href":"https:\/\/cosmoflag.com\/es\/wp-json\/wp\/v2\/product_cat?post=2517"},{"taxonomy":"product_tag","embeddable":true,"href":"https:\/\/cosmoflag.com\/es\/wp-json\/wp\/v2\/product_tag?post=2517"}],"curies":[{"name":"wp","href":"https:\/\/api.w.org\/{rel}","templated":true}]}}